{"id":1723,"date":"2023-10-21T21:38:13","date_gmt":"2023-10-21T18:38:13","guid":{"rendered":"https:\/\/vv.arenclinic.com\/fertilisation\/"},"modified":"2023-10-31T02:38:36","modified_gmt":"2023-10-30T23:38:36","slug":"fertilisation","status":"publish","type":"page","link":"https:\/\/arenclinic.com\/fr\/fertilisation\/","title":{"rendered":"Fertilisation"},"content":{"rendered":"\t\t<div data-elementor-type=\"wp-page\" data-elementor-id=\"1723\" class=\"elementor elementor-1723 elementor-1073\" data-elementor-post-type=\"page\">\n\t\t\t\t<div class=\"elementor-element elementor-element-72557c3 e-flex e-con-boxed elementor-invisible e-con e-parent\" data-id=\"72557c3\" data-element_type=\"container\" data-settings=\"{&quot;background_background&quot;:&quot;classic&quot;,&quot;animation&quot;:&quot;slideInRight&quot;}\">\n\t\t\t\t\t<div class=\"e-con-inner\">\n\t\t\t\t<div class=\"elementor-element elementor-element-31b99cc elementor-widget__width-initial elementor-widget elementor-widget-heading\" data-id=\"31b99cc\" data-element_type=\"widget\" data-widget_type=\"heading.default\">\n\t\t\t\t<div class=\"elementor-widget-container\">\n\t\t\t\t\t<h2 class=\"elementor-heading-title elementor-size-default\">F\u00e9condation (FIV)<\/h2>\t\t\t\t<\/div>\n\t\t\t\t<\/div>\n\t\t\t\t<div class=\"elementor-element elementor-element-09048ee elementor-widget elementor-widget-spacer\" data-id=\"09048ee\" data-element_type=\"widget\" data-widget_type=\"spacer.default\">\n\t\t\t\t<div class=\"elementor-widget-container\">\n\t\t\t\t\t\t\t<div class=\"elementor-spacer\">\n\t\t\t<div class=\"elementor-spacer-inner\"><\/div>\n\t\t<\/div>\n\t\t\t\t\t\t<\/div>\n\t\t\t\t<\/div>\n\t\t\t\t<div class=\"elementor-element elementor-element-4885d01 elementor-widget elementor-widget-text-editor\" data-id=\"4885d01\" data-element_type=\"widget\" data-widget_type=\"text-editor.default\">\n\t\t\t\t<div class=\"elementor-widget-container\">\n\t\t\t\t\t\t\t\t\t<p>Vous aider \u00e0 r\u00e9aliser votre r\u00eave de devenir parent<\/p>\n\t\t\t\t\t\t\t\t<\/div>\n\t\t\t\t<\/div>\n\t\t\t\t<div class=\"elementor-element elementor-element-397eefe elementor-widget elementor-widget-spacer\" data-id=\"397eefe\" data-element_type=\"widget\" data-widget_type=\"spacer.default\">\n\t\t\t\t<div class=\"elementor-widget-container\">\n\t\t\t\t\t\t\t<div class=\"elementor-spacer\">\n\t\t\t<div class=\"elementor-spacer-inner\"><\/div>\n\t\t<\/div>\n\t\t\t\t\t\t<\/div>\n\t\t\t\t<\/div>\n\t\t\t\t<div class=\"elementor-element elementor-element-af39229 elementor-widget elementor-widget-spacer\" data-id=\"af39229\" data-element_type=\"widget\" data-widget_type=\"spacer.default\">\n\t\t\t\t<div class=\"elementor-widget-container\">\n\t\t\t\t\t\t\t<div class=\"elementor-spacer\">\n\t\t\t<div class=\"elementor-spacer-inner\"><\/div>\n\t\t<\/div>\n\t\t\t\t\t\t<\/div>\n\t\t\t\t<\/div>\n\t\t\t\t<div class=\"elementor-element elementor-element-acc08bd elementor-align-right elementor-widget elementor-widget-button\" data-id=\"acc08bd\" data-element_type=\"widget\" data-widget_type=\"button.default\">\n\t\t\t\t<div class=\"elementor-widget-container\">\n\t\t\t\t\t\t\t\t\t<div class=\"elementor-button-wrapper\">\n\t\t\t\t\t<a class=\"elementor-button elementor-button-link elementor-size-lg\" href=\"#elementor-action%3Aaction%3Dpopup%3Aopen%26settings%3DeyJpZCI6MTk0NywidG9nZ2xlIjpmYWxzZX0%3D\">\n\t\t\t\t\t\t<span class=\"elementor-button-content-wrapper\">\n\t\t\t\t\t\t\t\t\t<span class=\"elementor-button-text\">Prendre contact<\/span>\n\t\t\t\t\t<\/span>\n\t\t\t\t\t<\/a>\n\t\t\t\t<\/div>\n\t\t\t\t\t\t\t\t<\/div>\n\t\t\t\t<\/div>\n\t\t\t\t\t<\/div>\n\t\t\t\t<\/div>\n\t\t<div class=\"elementor-element elementor-element-a6cac93 e-flex e-con-boxed e-con e-parent\" data-id=\"a6cac93\" data-element_type=\"container\">\n\t\t\t\t\t<div class=\"e-con-inner\">\n\t\t<div class=\"elementor-element elementor-element-cd35cb5 e-con-full e-flex e-con e-child\" data-id=\"cd35cb5\" data-element_type=\"container\">\n\t\t\t\t<div class=\"elementor-element elementor-element-99950fe elementor-widget elementor-widget-heading\" data-id=\"99950fe\" data-element_type=\"widget\" data-widget_type=\"heading.default\">\n\t\t\t\t<div class=\"elementor-widget-container\">\n\t\t\t\t\t<h2 class=\"elementor-heading-title elementor-size-default\">F\u00e9condation in vitro (FIV) ?<\/h2>\t\t\t\t<\/div>\n\t\t\t\t<\/div>\n\t\t\t\t<div class=\"elementor-element elementor-element-e04bb76 elementor-widget elementor-widget-text-editor\" data-id=\"e04bb76\" data-element_type=\"widget\" data-widget_type=\"text-editor.default\">\n\t\t\t\t<div class=\"elementor-widget-container\">\n\t\t\t\t\t\t\t\t\t<p>Tr\u00e8s r\u00e9pandue dans le domaine des techniques de procr\u00e9ation assist\u00e9e, la FIV est un processus qui aide les parents ayant des probl\u00e8mes de fertilit\u00e9 \u00e0 concevoir un enfant.<\/p>\n<p>La technique de la FIV consiste \u00e0 pr\u00e9lever des ovules chez la m\u00e8re et des spermatozo\u00efdes chez le p\u00e8re et \u00e0 placer les \u00e9chantillons dans une \u00e9prouvette. L&rsquo;\u00e9prouvette cr\u00e9e l&rsquo;environnement parfait pour la f\u00e9condation. Si la f\u00e9condation a lieu, l&#8217;embryon est plac\u00e9 dans l&rsquo;ut\u00e9rus de la femme, ce qui d\u00e9clenche une grossesse naturelle.  <\/p>\n<p>Vous pouvez effectuer une FIV en utilisant le sperme et les ovules d&rsquo;une autre personne.<\/p>\n\t\t\t\t\t\t\t\t<\/div>\n\t\t\t\t<\/div>\n\t\t\t\t<\/div>\n\t\t<div class=\"elementor-element elementor-element-6a04102 e-con-full e-flex e-con e-child\" data-id=\"6a04102\" data-element_type=\"container\">\n\t\t\t\t<div class=\"elementor-element elementor-element-e3604a2 elementor-widget elementor-widget-image\" data-id=\"e3604a2\" data-element_type=\"widget\" data-widget_type=\"image.default\">\n\t\t\t\t<div class=\"elementor-widget-container\">\n\t\t\t\t\t\t\t\t\t\t\t\t\t\t\t<img fetchpriority=\"high\" decoding=\"async\" width=\"457\" height=\"457\" src=\"https:\/\/arenclinic.com\/wp-content\/uploads\/2023\/10\/fertilization02.jpg\" class=\"attachment-large size-large wp-image-1630\" alt=\"\" srcset=\"https:\/\/arenclinic.com\/wp-content\/uploads\/2023\/10\/fertilization02.jpg 457w, https:\/\/arenclinic.com\/wp-content\/uploads\/2023\/10\/fertilization02-300x300.jpg 300w, https:\/\/arenclinic.com\/wp-content\/uploads\/2023\/10\/fertilization02-150x150.jpg 150w\" sizes=\"(max-width: 457px) 100vw, 457px\" \/>\t\t\t\t\t\t\t\t\t\t\t\t\t\t\t<\/div>\n\t\t\t\t<\/div>\n\t\t\t\t<\/div>\n\t\t\t\t\t<\/div>\n\t\t\t\t<\/div>\n\t\t<div class=\"elementor-element elementor-element-43e8850 e-flex e-con-boxed e-con e-parent\" data-id=\"43e8850\" data-element_type=\"container\">\n\t\t\t\t\t<div class=\"e-con-inner\">\n\t\t<div class=\"elementor-element elementor-element-63f47c1 e-con-full e-flex e-con e-child\" data-id=\"63f47c1\" data-element_type=\"container\">\n\t\t\t\t<div class=\"elementor-element elementor-element-a7f02b0 elementor-widget elementor-widget-heading\" data-id=\"a7f02b0\" data-element_type=\"widget\" data-widget_type=\"heading.default\">\n\t\t\t\t<div class=\"elementor-widget-container\">\n\t\t\t\t\t<h2 class=\"elementor-heading-title elementor-size-default\">Qui peut b\u00e9n\u00e9ficier de la FIV ?<\/h2>\t\t\t\t<\/div>\n\t\t\t\t<\/div>\n\t\t\t\t<div class=\"elementor-element elementor-element-cc10a21 elementor-widget elementor-widget-text-editor\" data-id=\"cc10a21\" data-element_type=\"widget\" data-widget_type=\"text-editor.default\">\n\t\t\t\t<div class=\"elementor-widget-container\">\n\t\t\t\t\t\t\t\t\t<p>La FIV est indiqu\u00e9e dans les cas suivants ;<\/p>\n<ul>\n<li style=\"list-style-type: none;\">\n<ul>\n<li>Pour les femmes de moins de 43 ans<\/li>\n<li>Les femmes qui essaient de concevoir depuis deux ans<\/li>\n<li>Femmes ayant eu 12 cycles d&rsquo;ins\u00e9mination artificielle<\/li>\n<li>Femmes ayant des trompes de Fallope irr\u00e9guli\u00e8res<\/li>\n<li>Hommes pr\u00e9sentant une baisse de la production de sperme<\/li>\n<li>Probl\u00e8mes d&rsquo;ovulation<\/li>\n<li>Infertilit\u00e9 pour des raisons inconnues<\/li>\n<\/ul>\n<\/li>\n<\/ul>\n\t\t\t\t\t\t\t\t<\/div>\n\t\t\t\t<\/div>\n\t\t\t\t<\/div>\n\t\t\t\t\t<\/div>\n\t\t\t\t<\/div>\n\t\t<div class=\"elementor-element elementor-element-17a8a86 e-flex e-con-boxed e-con e-parent\" data-id=\"17a8a86\" data-element_type=\"container\">\n\t\t\t\t\t<div class=\"e-con-inner\">\n\t\t<div class=\"elementor-element elementor-element-3f8be1d e-con-full e-flex e-con e-child\" data-id=\"3f8be1d\" data-element_type=\"container\">\n\t\t\t\t<div class=\"elementor-element elementor-element-dbd259e elementor-widget elementor-widget-heading\" data-id=\"dbd259e\" data-element_type=\"widget\" data-widget_type=\"heading.default\">\n\t\t\t\t<div class=\"elementor-widget-container\">\n\t\t\t\t\t<h2 class=\"elementor-heading-title elementor-size-default\">Proc\u00e9dure de FIV<\/h2>\t\t\t\t<\/div>\n\t\t\t\t<\/div>\n\t\t\t\t<div class=\"elementor-element elementor-element-cad0425 elementor-widget elementor-widget-text-editor\" data-id=\"cad0425\" data-element_type=\"widget\" data-widget_type=\"text-editor.default\">\n\t\t\t\t<div class=\"elementor-widget-container\">\n\t\t\t\t\t\t\t\t\t<p>La FIV se d\u00e9roule en plusieurs \u00e9tapes. La premi\u00e8re indique l&rsquo;utilisation de m\u00e9dicaments de fertilit\u00e9 pour la femme afin de faciliter la production d&rsquo;ovules. Une fois qu&rsquo;ils ont r\u00e9ussi, les m\u00e9decins extraient les ovules au cours d&rsquo;une intervention chirurgicale mineure.<\/p>\n<p>L&rsquo;homme doit produire un \u00e9chantillon de sperme. Les deux \u00e9chantillons sont fusionn\u00e9s pour obtenir une f\u00e9condation r\u00e9ussie. Une fois que la f\u00e9condation est confirm\u00e9e, l&#8217;embryon est plac\u00e9 dans l&rsquo;ut\u00e9rus de la femme.  <\/p>\n\t\t\t\t\t\t\t\t<\/div>\n\t\t\t\t<\/div>\n\t\t\t\t<\/div>\n\t\t\t\t\t<\/div>\n\t\t\t\t<\/div>\n\t\t<div class=\"elementor-element elementor-element-ae69529 e-flex e-con-boxed e-con e-parent\" data-id=\"ae69529\" data-element_type=\"container\">\n\t\t\t\t\t<div class=\"e-con-inner\">\n\t\t<div class=\"elementor-element elementor-element-754abd0 e-con-full e-flex e-con e-child\" data-id=\"754abd0\" data-element_type=\"container\">\n\t\t\t\t<div class=\"elementor-element elementor-element-37fa71d elementor-widget elementor-widget-heading\" data-id=\"37fa71d\" data-element_type=\"widget\" data-widget_type=\"heading.default\">\n\t\t\t\t<div class=\"elementor-widget-container\">\n\t\t\t\t\t<h2 class=\"elementor-heading-title elementor-size-default\">Effets secondaires de la FIV<\/h2>\t\t\t\t<\/div>\n\t\t\t\t<\/div>\n\t\t\t\t<div class=\"elementor-element elementor-element-16bdbcf elementor-widget elementor-widget-text-editor\" data-id=\"16bdbcf\" data-element_type=\"widget\" data-widget_type=\"text-editor.default\">\n\t\t\t\t<div class=\"elementor-widget-container\">\n\t\t\t\t\t\t\t\t\t<p>La FIV est un processus \u00e9motionnel pour de nombreux patients, il est naturel de ressentir de la d\u00e9pression et de l&rsquo;anxi\u00e9t\u00e9 pendant cette p\u00e9riode. De m\u00eame, la proc\u00e9dure peut \u00eatre stressante pour l&rsquo;organisme. La plupart des patientes qui ont recours \u00e0 la FIV ressentent certains de ces effets secondaires ;<\/p>\n<ul>\n<li>Ballonnements<\/li>\n<li>Sensibilit\u00e9 des seins  <\/li>\n<li>Crampes  <\/li>\n<li>Sautes d&rsquo;humeur  <\/li>\n<li>Ecchymoses autour des zones d&rsquo;injection  <\/li>\n<li>Saignement  <\/li>\n<\/ul>\n\t\t\t\t\t\t\t\t<\/div>\n\t\t\t\t<\/div>\n\t\t\t\t<\/div>\n\t\t\t\t\t<\/div>\n\t\t\t\t<\/div>\n\t\t<div class=\"elementor-element elementor-element-599a97e e-flex e-con-boxed e-con e-parent\" data-id=\"599a97e\" data-element_type=\"container\">\n\t\t\t\t\t<div class=\"e-con-inner\">\n\t\t<div class=\"elementor-element elementor-element-2f063be e-con-full e-flex e-con e-child\" data-id=\"2f063be\" data-element_type=\"container\">\n\t\t\t\t<div class=\"elementor-element elementor-element-d67adb4 elementor-widget elementor-widget-heading\" data-id=\"d67adb4\" data-element_type=\"widget\" data-widget_type=\"heading.default\">\n\t\t\t\t<div class=\"elementor-widget-container\">\n\t\t\t\t\t<h2 class=\"elementor-heading-title elementor-size-default\">Taux de r\u00e9ussite de la FIV<\/h2>\t\t\t\t<\/div>\n\t\t\t\t<\/div>\n\t\t\t\t<div class=\"elementor-element elementor-element-5373d75 elementor-widget elementor-widget-text-editor\" data-id=\"5373d75\" data-element_type=\"widget\" data-widget_type=\"text-editor.default\">\n\t\t\t\t<div class=\"elementor-widget-container\">\n\t\t\t\t\t\t\t\t\t<p>Les taux de r\u00e9ussite diminuent avec l&rsquo;\u00e2ge. On estime que le taux de r\u00e9ussite peut atteindre 43 % pour les femmes \u00e2g\u00e9es de 35 ans ou moins. Pour les femmes de plus de 40 ans, les taux de r\u00e9ussite se situent autour de 18 %.<\/p>\n\t\t\t\t\t\t\t\t<\/div>\n\t\t\t\t<\/div>\n\t\t\t\t<\/div>\n\t\t\t\t\t<\/div>\n\t\t\t\t<\/div>\n\t\t<div class=\"elementor-element elementor-element-a711a5c e-flex e-con-boxed e-con e-parent\" data-id=\"a711a5c\" data-element_type=\"container\">\n\t\t\t\t\t<div class=\"e-con-inner\">\n\t\t\t\t<div class=\"elementor-element elementor-element-c93f57b elementor-widget elementor-widget-heading\" data-id=\"c93f57b\" data-element_type=\"widget\" data-widget_type=\"heading.default\">\n\t\t\t\t<div class=\"elementor-widget-container\">\n\t\t\t\t\t<h2 class=\"elementor-heading-title elementor-size-default\">Services<\/h2>\t\t\t\t<\/div>\n\t\t\t\t<\/div>\n\t\t\t\t<div class=\"elementor-element elementor-element-5443e47 elementor-widget elementor-widget-text-editor\" data-id=\"5443e47\" data-element_type=\"widget\" data-widget_type=\"text-editor.default\">\n\t\t\t\t<div class=\"elementor-widget-container\">\n\t\t\t\t\t\t\t\t\t<p>\u00c0 la clinique Aren, nous nous effor\u00e7ons de faire en sorte que nos patients aient une exp\u00e9rience de vie unique gr\u00e2ce \u00e0 un ensemble de services distinctifs que nous fournissons.<\/p>\n\t\t\t\t\t\t\t\t<\/div>\n\t\t\t\t<\/div>\n\t\t\t\t\t<\/div>\n\t\t\t\t<\/div>\n\t\t<div class=\"elementor-element elementor-element-2d3157d e-flex e-con-boxed e-con e-parent\" data-id=\"2d3157d\" data-element_type=\"container\">\n\t\t\t\t\t<div class=\"e-con-inner\">\n\t\t<div class=\"elementor-element elementor-element-1b2d534 e-con-full e-flex e-con e-child\" data-id=\"1b2d534\" data-element_type=\"container\" data-settings=\"{&quot;background_background&quot;:&quot;classic&quot;}\">\n\t\t\t\t<div class=\"elementor-element elementor-element-d9a05bd elementor-view-framed elementor-shape-circle elementor-widget elementor-widget-icon\" data-id=\"d9a05bd\" data-element_type=\"widget\" data-widget_type=\"icon.default\">\n\t\t\t\t<div class=\"elementor-widget-container\">\n\t\t\t\t\t\t\t<div class=\"elementor-icon-wrapper\">\n\t\t\t<div class=\"elementor-icon\">\n\t\t\t<i aria-hidden=\"true\" class=\"fas fa-car\"><\/i>\t\t\t<\/div>\n\t\t<\/div>\n\t\t\t\t\t\t<\/div>\n\t\t\t\t<\/div>\n\t\t\t\t<div class=\"elementor-element elementor-element-d269c82 elementor-widget elementor-widget-heading\" data-id=\"d269c82\" data-element_type=\"widget\" data-widget_type=\"heading.default\">\n\t\t\t\t<div class=\"elementor-widget-container\">\n\t\t\t\t\t<h2 class=\"elementor-heading-title elementor-size-default\">Transport<\/h2>\t\t\t\t<\/div>\n\t\t\t\t<\/div>\n\t\t\t\t<\/div>\n\t\t<div class=\"elementor-element elementor-element-0faf688 e-con-full e-flex e-con e-child\" data-id=\"0faf688\" data-element_type=\"container\" data-settings=\"{&quot;background_background&quot;:&quot;classic&quot;}\">\n\t\t\t\t<div class=\"elementor-element elementor-element-262c99d elementor-view-framed elementor-shape-circle elementor-widget elementor-widget-icon\" data-id=\"262c99d\" data-element_type=\"widget\" data-widget_type=\"icon.default\">\n\t\t\t\t<div class=\"elementor-widget-container\">\n\t\t\t\t\t\t\t<div class=\"elementor-icon-wrapper\">\n\t\t\t<div class=\"elementor-icon\">\n\t\t\t<i aria-hidden=\"true\" class=\"fas fa-language\"><\/i>\t\t\t<\/div>\n\t\t<\/div>\n\t\t\t\t\t\t<\/div>\n\t\t\t\t<\/div>\n\t\t\t\t<div class=\"elementor-element elementor-element-4acb2ac elementor-widget elementor-widget-heading\" data-id=\"4acb2ac\" data-element_type=\"widget\" data-widget_type=\"heading.default\">\n\t\t\t\t<div class=\"elementor-widget-container\">\n\t\t\t\t\t<h2 class=\"elementor-heading-title elementor-size-default\">Traduction<\/h2>\t\t\t\t<\/div>\n\t\t\t\t<\/div>\n\t\t\t\t<\/div>\n\t\t<div class=\"elementor-element elementor-element-074768d e-con-full e-flex e-con e-child\" data-id=\"074768d\" data-element_type=\"container\" data-settings=\"{&quot;background_background&quot;:&quot;classic&quot;}\">\n\t\t\t\t<div class=\"elementor-element elementor-element-161fdeb elementor-view-framed elementor-shape-circle elementor-widget elementor-widget-icon\" data-id=\"161fdeb\" data-element_type=\"widget\" data-widget_type=\"icon.default\">\n\t\t\t\t<div class=\"elementor-widget-container\">\n\t\t\t\t\t\t\t<div class=\"elementor-icon-wrapper\">\n\t\t\t<div class=\"elementor-icon\">\n\t\t\t<i aria-hidden=\"true\" class=\"fas fa-hotel\"><\/i>\t\t\t<\/div>\n\t\t<\/div>\n\t\t\t\t\t\t<\/div>\n\t\t\t\t<\/div>\n\t\t\t\t<div class=\"elementor-element elementor-element-4f1a60b elementor-widget elementor-widget-heading\" data-id=\"4f1a60b\" data-element_type=\"widget\" data-widget_type=\"heading.default\">\n\t\t\t\t<div class=\"elementor-widget-container\">\n\t\t\t\t\t<h2 class=\"elementor-heading-title elementor-size-default\">H\u00e9bergement<\/h2>\t\t\t\t<\/div>\n\t\t\t\t<\/div>\n\t\t\t\t<\/div>\n\t\t<div class=\"elementor-element elementor-element-402f5c3 e-con-full e-flex e-con e-child\" data-id=\"402f5c3\" data-element_type=\"container\" data-settings=\"{&quot;background_background&quot;:&quot;classic&quot;}\">\n\t\t\t\t<div class=\"elementor-element elementor-element-a81c414 elementor-view-framed elementor-shape-circle elementor-widget elementor-widget-icon\" data-id=\"a81c414\" data-element_type=\"widget\" data-widget_type=\"icon.default\">\n\t\t\t\t<div class=\"elementor-widget-container\">\n\t\t\t\t\t\t\t<div class=\"elementor-icon-wrapper\">\n\t\t\t<div class=\"elementor-icon\">\n\t\t\t<i aria-hidden=\"true\" class=\"fas fa-hospital\"><\/i>\t\t\t<\/div>\n\t\t<\/div>\n\t\t\t\t\t\t<\/div>\n\t\t\t\t<\/div>\n\t\t\t\t<div class=\"elementor-element elementor-element-dce1c66 elementor-widget elementor-widget-heading\" data-id=\"dce1c66\" data-element_type=\"widget\" data-widget_type=\"heading.default\">\n\t\t\t\t<div class=\"elementor-widget-container\">\n\t\t\t\t\t<h2 class=\"elementor-heading-title elementor-size-default\">H\u00f4pitaux de classe A<\/h2>\t\t\t\t<\/div>\n\t\t\t\t<\/div>\n\t\t\t\t<\/div>\n\t\t<div class=\"elementor-element elementor-element-d1404b4 e-con-full e-flex e-con e-child\" data-id=\"d1404b4\" data-element_type=\"container\" data-settings=\"{&quot;background_background&quot;:&quot;classic&quot;}\">\n\t\t\t\t<div class=\"elementor-element elementor-element-12e66a3 elementor-view-framed elementor-shape-circle elementor-widget elementor-widget-icon\" data-id=\"12e66a3\" data-element_type=\"widget\" data-widget_type=\"icon.default\">\n\t\t\t\t<div class=\"elementor-widget-container\">\n\t\t\t\t\t\t\t<div class=\"elementor-icon-wrapper\">\n\t\t\t<div class=\"elementor-icon\">\n\t\t\t<i aria-hidden=\"true\" class=\"fas fa-award\"><\/i>\t\t\t<\/div>\n\t\t<\/div>\n\t\t\t\t\t\t<\/div>\n\t\t\t\t<\/div>\n\t\t\t\t<div class=\"elementor-element elementor-element-9213f2a elementor-widget elementor-widget-heading\" data-id=\"9213f2a\" data-element_type=\"widget\" data-widget_type=\"heading.default\">\n\t\t\t\t<div class=\"elementor-widget-container\">\n\t\t\t\t\t<h2 class=\"elementor-heading-title elementor-size-default\">Certificats de garantie\n<\/h2>\t\t\t\t<\/div>\n\t\t\t\t<\/div>\n\t\t\t\t<\/div>\n\t\t\t\t\t<\/div>\n\t\t\t\t<\/div>\n\t\t\t\t<\/div>\n\t\t","protected":false},"excerpt":{"rendered":"<p>F\u00e9condation (FIV) Vous aider \u00e0 r\u00e9aliser votre r\u00eave de devenir parent Prendre contact F\u00e9condation in vitro (FIV) ? Tr\u00e8s r\u00e9pandue dans le domaine des techniques de procr\u00e9ation assist\u00e9e, la FIV est un processus qui aide les parents ayant des probl\u00e8mes de fertilit\u00e9 \u00e0 concevoir un enfant. La technique de la FIV consiste \u00e0 pr\u00e9lever des [&hellip;]<\/p>\n","protected":false},"author":1,"featured_media":0,"parent":0,"menu_order":0,"comment_status":"closed","ping_status":"closed","template":"","meta":{"footnotes":""},"class_list":["post-1723","page","type-page","status-publish","hentry"],"_links":{"self":[{"href":"https:\/\/arenclinic.com\/fr\/wp-json\/wp\/v2\/pages\/1723","targetHints":{"allow":["GET"]}}],"collection":[{"href":"https:\/\/arenclinic.com\/fr\/wp-json\/wp\/v2\/pages"}],"about":[{"href":"https:\/\/arenclinic.com\/fr\/wp-json\/wp\/v2\/types\/page"}],"author":[{"embeddable":true,"href":"https:\/\/arenclinic.com\/fr\/wp-json\/wp\/v2\/users\/1"}],"replies":[{"embeddable":true,"href":"https:\/\/arenclinic.com\/fr\/wp-json\/wp\/v2\/comments?post=1723"}],"version-history":[{"count":5,"href":"https:\/\/arenclinic.com\/fr\/wp-json\/wp\/v2\/pages\/1723\/revisions"}],"predecessor-version":[{"id":2403,"href":"https:\/\/arenclinic.com\/fr\/wp-json\/wp\/v2\/pages\/1723\/revisions\/2403"}],"wp:attachment":[{"href":"https:\/\/arenclinic.com\/fr\/wp-json\/wp\/v2\/media?parent=1723"}],"curies":[{"name":"wp","href":"https:\/\/api.w.org\/{rel}","templated":true}]}}