{"id":2742,"date":"2023-12-06T14:36:37","date_gmt":"2023-12-06T11:36:37","guid":{"rendered":"https:\/\/arenclinic.com\/oncologie\/"},"modified":"2023-12-07T15:20:18","modified_gmt":"2023-12-07T12:20:18","slug":"oncologie","status":"publish","type":"page","link":"https:\/\/arenclinic.com\/fr\/oncologie\/","title":{"rendered":"Oncologie"},"content":{"rendered":"\t\t<div data-elementor-type=\"wp-page\" data-elementor-id=\"2742\" class=\"elementor elementor-2742 elementor-2625\" data-elementor-post-type=\"page\">\n\t\t\t\t<div class=\"elementor-element elementor-element-520076e e-flex e-con-boxed elementor-invisible e-con e-parent\" data-id=\"520076e\" data-element_type=\"container\" data-settings=\"{&quot;background_background&quot;:&quot;classic&quot;,&quot;animation&quot;:&quot;slideInRight&quot;}\">\n\t\t\t\t\t<div class=\"e-con-inner\">\n\t\t\t\t<div class=\"elementor-element elementor-element-2a51608 elementor-widget-mobile__width-inherit elementor-widget elementor-widget-heading\" data-id=\"2a51608\" data-element_type=\"widget\" data-widget_type=\"heading.default\">\n\t\t\t\t<div class=\"elementor-widget-container\">\n\t\t\t\t\t<h1 class=\"elementor-heading-title elementor-size-default\">Oncologie<\/h1>\t\t\t\t<\/div>\n\t\t\t\t<\/div>\n\t\t\t\t<div class=\"elementor-element elementor-element-50ba025 elementor-widget elementor-widget-spacer\" data-id=\"50ba025\" data-element_type=\"widget\" data-widget_type=\"spacer.default\">\n\t\t\t\t<div class=\"elementor-widget-container\">\n\t\t\t\t\t\t\t<div class=\"elementor-spacer\">\n\t\t\t<div class=\"elementor-spacer-inner\"><\/div>\n\t\t<\/div>\n\t\t\t\t\t\t<\/div>\n\t\t\t\t<\/div>\n\t\t\t\t<div class=\"elementor-element elementor-element-246a4eb elementor-widget__width-initial elementor-widget-mobile__width-initial elementor-widget elementor-widget-text-editor\" data-id=\"246a4eb\" data-element_type=\"widget\" data-widget_type=\"text-editor.default\">\n\t\t\t\t<div class=\"elementor-widget-container\">\n\t\t\t\t\t\t\t\t\t<p>\u00c0 la clinique Aren, nous comprenons l&rsquo;importance cruciale d&rsquo;une prise en charge globale du cancer<\/p>\n\t\t\t\t\t\t\t\t<\/div>\n\t\t\t\t<\/div>\n\t\t\t\t<div class=\"elementor-element elementor-element-ef08e53 elementor-widget elementor-widget-spacer\" data-id=\"ef08e53\" data-element_type=\"widget\" data-widget_type=\"spacer.default\">\n\t\t\t\t<div class=\"elementor-widget-container\">\n\t\t\t\t\t\t\t<div class=\"elementor-spacer\">\n\t\t\t<div class=\"elementor-spacer-inner\"><\/div>\n\t\t<\/div>\n\t\t\t\t\t\t<\/div>\n\t\t\t\t<\/div>\n\t\t\t\t<div class=\"elementor-element elementor-element-c302501 elementor-widget elementor-widget-spacer\" data-id=\"c302501\" data-element_type=\"widget\" data-widget_type=\"spacer.default\">\n\t\t\t\t<div class=\"elementor-widget-container\">\n\t\t\t\t\t\t\t<div class=\"elementor-spacer\">\n\t\t\t<div class=\"elementor-spacer-inner\"><\/div>\n\t\t<\/div>\n\t\t\t\t\t\t<\/div>\n\t\t\t\t<\/div>\n\t\t\t\t<div class=\"elementor-element elementor-element-2d1f200 elementor-align-right elementor-mobile-align-center elementor-widget elementor-widget-button\" data-id=\"2d1f200\" data-element_type=\"widget\" data-widget_type=\"button.default\">\n\t\t\t\t<div class=\"elementor-widget-container\">\n\t\t\t\t\t\t\t\t\t<div class=\"elementor-button-wrapper\">\n\t\t\t\t\t<a class=\"elementor-button elementor-button-link elementor-size-lg\" href=\"#elementor-action%3Aaction%3Dpopup%3Aopen%26settings%3DeyJpZCI6MTk0NywidG9nZ2xlIjpmYWxzZX0%3D\">\n\t\t\t\t\t\t<span class=\"elementor-button-content-wrapper\">\n\t\t\t\t\t\t\t\t\t<span class=\"elementor-button-text\">Prendre contact<\/span>\n\t\t\t\t\t<\/span>\n\t\t\t\t\t<\/a>\n\t\t\t\t<\/div>\n\t\t\t\t\t\t\t\t<\/div>\n\t\t\t\t<\/div>\n\t\t\t\t\t<\/div>\n\t\t\t\t<\/div>\n\t\t<div class=\"elementor-element elementor-element-8557191 e-flex e-con-boxed e-con e-parent\" data-id=\"8557191\" data-element_type=\"container\">\n\t\t\t\t\t<div class=\"e-con-inner\">\n\t\t<div class=\"elementor-element elementor-element-b976e73 e-con-full e-flex e-con e-child\" data-id=\"b976e73\" data-element_type=\"container\">\n\t\t\t\t<div class=\"elementor-element elementor-element-9751975 elementor-widget elementor-widget-heading\" data-id=\"9751975\" data-element_type=\"widget\" data-widget_type=\"heading.default\">\n\t\t\t\t<div class=\"elementor-widget-container\">\n\t\t\t\t\t<h2 class=\"elementor-heading-title elementor-size-default\">Oncologie<\/h2>\t\t\t\t<\/div>\n\t\t\t\t<\/div>\n\t\t\t\t<div class=\"elementor-element elementor-element-9723cf7 elementor-widget elementor-widget-text-editor\" data-id=\"9723cf7\" data-element_type=\"widget\" data-widget_type=\"text-editor.default\">\n\t\t\t\t<div class=\"elementor-widget-container\">\n\t\t\t\t\t\t\t\t\t<p>\u00c0 la clinique Aren, nous comprenons l&rsquo;importance cruciale d&rsquo;une prise en charge compl\u00e8te du cancer, et c&rsquo;est pourquoi nous nous associons \u00e0 des h\u00f4pitaux de premier plan dans toute la Turquie pour offrir des services d&rsquo;oncologie exceptionnels. Notre \u00e9quipe d\u00e9vou\u00e9e d&rsquo;oncologues, de chirurgiens et de sp\u00e9cialistes s&rsquo;engage \u00e0 fournir des plans de traitement personnalis\u00e9s adapt\u00e9s aux besoins uniques de chaque patient.<\/p>\n\t\t\t\t\t\t\t\t<\/div>\n\t\t\t\t<\/div>\n\t\t\t\t<\/div>\n\t\t<div class=\"elementor-element elementor-element-5dd670b e-con-full e-flex e-con e-child\" data-id=\"5dd670b\" data-element_type=\"container\">\n\t\t\t\t<div class=\"elementor-element elementor-element-5b027d2 elementor-widget elementor-widget-image\" data-id=\"5b027d2\" data-element_type=\"widget\" data-widget_type=\"image.default\">\n\t\t\t\t<div class=\"elementor-widget-container\">\n\t\t\t\t\t\t\t\t\t\t\t\t\t\t\t<img fetchpriority=\"high\" decoding=\"async\" width=\"800\" height=\"533\" src=\"https:\/\/arenclinic.com\/wp-content\/uploads\/2023\/12\/Oncology.webp\" class=\"attachment-large size-large wp-image-2636\" alt=\"\" srcset=\"https:\/\/arenclinic.com\/wp-content\/uploads\/2023\/12\/Oncology.webp 900w, https:\/\/arenclinic.com\/wp-content\/uploads\/2023\/12\/Oncology-300x200.webp 300w, https:\/\/arenclinic.com\/wp-content\/uploads\/2023\/12\/Oncology-768x512.webp 768w\" sizes=\"(max-width: 800px) 100vw, 800px\" \/>\t\t\t\t\t\t\t\t\t\t\t\t\t\t\t<\/div>\n\t\t\t\t<\/div>\n\t\t\t\t<\/div>\n\t\t\t\t\t<\/div>\n\t\t\t\t<\/div>\n\t\t<div class=\"elementor-element elementor-element-daff1c7 e-flex e-con-boxed e-con e-parent\" data-id=\"daff1c7\" data-element_type=\"container\">\n\t\t\t\t\t<div class=\"e-con-inner\">\n\t\t<div class=\"elementor-element elementor-element-e099d5a e-con-full e-flex e-con e-child\" data-id=\"e099d5a\" data-element_type=\"container\">\n\t\t\t\t<div class=\"elementor-element elementor-element-d01f45d elementor-widget elementor-widget-text-editor\" data-id=\"d01f45d\" data-element_type=\"widget\" data-widget_type=\"text-editor.default\">\n\t\t\t\t<div class=\"elementor-widget-container\">\n\t\t\t\t\t\t\t\t\t<p>Qu&rsquo;il s&rsquo;agisse d&rsquo;un cancer \u00e0 un stade pr\u00e9coce ou avanc\u00e9, notre approche multidisciplinaire combine des diagnostics avanc\u00e9s, des modalit\u00e9s de traitement de pointe et des th\u00e9rapies de soutien afin de garantir les meilleurs r\u00e9sultats possibles.<\/p>\n<p>La clinique Aren s&rsquo;engage \u00e0 vous soutenir \u00e0 chaque \u00e9tape de votre parcours contre le cancer, en vous offrant des soins empreints de compassion et des traitements de pointe.<\/p>\n<p>Chimioth\u00e9rapie : Elle implique l&rsquo;utilisation de m\u00e9dicaments pour tuer les cellules canc\u00e9reuses ou arr\u00eater leur croissance, soit par voie syst\u00e9mique, soit dans des zones sp\u00e9cifiques du corps.<\/p>\n<p>Radioth\u00e9rapie : Un rayonnement de haute \u00e9nergie est utilis\u00e9 pour d\u00e9truire les cellules canc\u00e9reuses et r\u00e9duire les tumeurs, souvent en association avec la chirurgie ou la chimioth\u00e9rapie.<\/p>\n<p>Oncologie chirurgicale : Des proc\u00e9dures chirurgicales sont pratiqu\u00e9es pour retirer les tumeurs ou les tissus canc\u00e9reux du corps.<\/p>\n<p>L&rsquo;immunoth\u00e9rapie : Ce traitement utilise le syst\u00e8me immunitaire de l&rsquo;organisme pour reconna\u00eetre et d\u00e9truire les cellules canc\u00e9reuses, renfor\u00e7ant ainsi la r\u00e9ponse immunitaire contre le cancer.<\/p>\n<p>Th\u00e9rapie cibl\u00e9e : Les m\u00e9dicaments sont utilis\u00e9s pour cibler sp\u00e9cifiquement et inhiber la croissance des cellules canc\u00e9reuses en interf\u00e9rant avec des mol\u00e9cules ou des voies sp\u00e9cifiques impliqu\u00e9es dans le d\u00e9veloppement de la tumeur.<\/p>\n<p>N&rsquo;oubliez pas que les pratiques m\u00e9dicales et les pr\u00e9f\u00e9rences en mati\u00e8re de traitement peuvent \u00e9voluer au fil du temps. Pour obtenir les informations les plus pr\u00e9cises et les plus r\u00e9centes, il est conseill\u00e9 de consulter l&rsquo;\u00e9quipe de la clinique Aren ou de se r\u00e9f\u00e9rer aux sources m\u00e9dicales actuelles sp\u00e9cifiques \u00e0 la Turquie.<\/p>\n\t\t\t\t\t\t\t\t<\/div>\n\t\t\t\t<\/div>\n\t\t\t\t<\/div>\n\t\t\t\t\t<\/div>\n\t\t\t\t<\/div>\n\t\t<div class=\"elementor-element elementor-element-da45474 e-flex e-con-boxed e-con e-parent\" data-id=\"da45474\" data-element_type=\"container\">\n\t\t\t\t\t<div class=\"e-con-inner\">\n\t\t\t\t<div class=\"elementor-element elementor-element-28f72f9 elementor-widget elementor-widget-heading\" data-id=\"28f72f9\" data-element_type=\"widget\" data-widget_type=\"heading.default\">\n\t\t\t\t<div class=\"elementor-widget-container\">\n\t\t\t\t\t<h2 class=\"elementor-heading-title elementor-size-default\">Services<\/h2>\t\t\t\t<\/div>\n\t\t\t\t<\/div>\n\t\t\t\t<div class=\"elementor-element elementor-element-d09af24 elementor-widget elementor-widget-text-editor\" data-id=\"d09af24\" data-element_type=\"widget\" data-widget_type=\"text-editor.default\">\n\t\t\t\t<div class=\"elementor-widget-container\">\n\t\t\t\t\t\t\t\t\t<p>\u00c0 la clinique Aren, nous nous effor\u00e7ons de faire en sorte que nos patients aient une exp\u00e9rience de vie unique gr\u00e2ce \u00e0 un ensemble de services distinctifs que nous fournissons.<\/p>\n\t\t\t\t\t\t\t\t<\/div>\n\t\t\t\t<\/div>\n\t\t\t\t\t<\/div>\n\t\t\t\t<\/div>\n\t\t<div class=\"elementor-element elementor-element-64886c3 e-flex e-con-boxed e-con e-parent\" data-id=\"64886c3\" data-element_type=\"container\">\n\t\t\t\t\t<div class=\"e-con-inner\">\n\t\t<div class=\"elementor-element elementor-element-4c7aa90 e-con-full e-flex e-con e-child\" data-id=\"4c7aa90\" data-element_type=\"container\" data-settings=\"{&quot;background_background&quot;:&quot;classic&quot;}\">\n\t\t\t\t<div class=\"elementor-element elementor-element-d9ea11e elementor-view-framed elementor-shape-circle elementor-widget elementor-widget-icon\" data-id=\"d9ea11e\" data-element_type=\"widget\" data-widget_type=\"icon.default\">\n\t\t\t\t<div class=\"elementor-widget-container\">\n\t\t\t\t\t\t\t<div class=\"elementor-icon-wrapper\">\n\t\t\t<div class=\"elementor-icon\">\n\t\t\t<i aria-hidden=\"true\" class=\"fas fa-car\"><\/i>\t\t\t<\/div>\n\t\t<\/div>\n\t\t\t\t\t\t<\/div>\n\t\t\t\t<\/div>\n\t\t\t\t<div class=\"elementor-element elementor-element-856c342 elementor-widget elementor-widget-heading\" data-id=\"856c342\" data-element_type=\"widget\" data-widget_type=\"heading.default\">\n\t\t\t\t<div class=\"elementor-widget-container\">\n\t\t\t\t\t<h2 class=\"elementor-heading-title elementor-size-default\">Transport<\/h2>\t\t\t\t<\/div>\n\t\t\t\t<\/div>\n\t\t\t\t<\/div>\n\t\t<div class=\"elementor-element elementor-element-bbbba3c e-con-full e-flex e-con e-child\" data-id=\"bbbba3c\" data-element_type=\"container\" data-settings=\"{&quot;background_background&quot;:&quot;classic&quot;}\">\n\t\t\t\t<div class=\"elementor-element elementor-element-2a6e782 elementor-view-framed elementor-shape-circle elementor-widget elementor-widget-icon\" data-id=\"2a6e782\" data-element_type=\"widget\" data-widget_type=\"icon.default\">\n\t\t\t\t<div class=\"elementor-widget-container\">\n\t\t\t\t\t\t\t<div class=\"elementor-icon-wrapper\">\n\t\t\t<div class=\"elementor-icon\">\n\t\t\t<i aria-hidden=\"true\" class=\"fas fa-language\"><\/i>\t\t\t<\/div>\n\t\t<\/div>\n\t\t\t\t\t\t<\/div>\n\t\t\t\t<\/div>\n\t\t\t\t<div class=\"elementor-element elementor-element-0da1453 elementor-widget elementor-widget-heading\" data-id=\"0da1453\" data-element_type=\"widget\" data-widget_type=\"heading.default\">\n\t\t\t\t<div class=\"elementor-widget-container\">\n\t\t\t\t\t<h2 class=\"elementor-heading-title elementor-size-default\">Traduction<\/h2>\t\t\t\t<\/div>\n\t\t\t\t<\/div>\n\t\t\t\t<\/div>\n\t\t<div class=\"elementor-element elementor-element-fc6b9db e-con-full e-flex e-con e-child\" data-id=\"fc6b9db\" data-element_type=\"container\" data-settings=\"{&quot;background_background&quot;:&quot;classic&quot;}\">\n\t\t\t\t<div class=\"elementor-element elementor-element-03c463e elementor-view-framed elementor-shape-circle elementor-widget elementor-widget-icon\" data-id=\"03c463e\" data-element_type=\"widget\" data-widget_type=\"icon.default\">\n\t\t\t\t<div class=\"elementor-widget-container\">\n\t\t\t\t\t\t\t<div class=\"elementor-icon-wrapper\">\n\t\t\t<div class=\"elementor-icon\">\n\t\t\t<i aria-hidden=\"true\" class=\"fas fa-hotel\"><\/i>\t\t\t<\/div>\n\t\t<\/div>\n\t\t\t\t\t\t<\/div>\n\t\t\t\t<\/div>\n\t\t\t\t<div class=\"elementor-element elementor-element-f6965c1 elementor-widget elementor-widget-heading\" data-id=\"f6965c1\" data-element_type=\"widget\" data-widget_type=\"heading.default\">\n\t\t\t\t<div class=\"elementor-widget-container\">\n\t\t\t\t\t<h2 class=\"elementor-heading-title elementor-size-default\">H\u00e9bergement<\/h2>\t\t\t\t<\/div>\n\t\t\t\t<\/div>\n\t\t\t\t<\/div>\n\t\t<div class=\"elementor-element elementor-element-cbd2087 e-con-full e-flex e-con e-child\" data-id=\"cbd2087\" data-element_type=\"container\" data-settings=\"{&quot;background_background&quot;:&quot;classic&quot;}\">\n\t\t\t\t<div class=\"elementor-element elementor-element-75e1249 elementor-view-framed elementor-shape-circle elementor-widget elementor-widget-icon\" data-id=\"75e1249\" data-element_type=\"widget\" data-widget_type=\"icon.default\">\n\t\t\t\t<div class=\"elementor-widget-container\">\n\t\t\t\t\t\t\t<div class=\"elementor-icon-wrapper\">\n\t\t\t<div class=\"elementor-icon\">\n\t\t\t<i aria-hidden=\"true\" class=\"fas fa-hospital\"><\/i>\t\t\t<\/div>\n\t\t<\/div>\n\t\t\t\t\t\t<\/div>\n\t\t\t\t<\/div>\n\t\t\t\t<div class=\"elementor-element elementor-element-aa9d8e2 elementor-widget elementor-widget-heading\" data-id=\"aa9d8e2\" data-element_type=\"widget\" data-widget_type=\"heading.default\">\n\t\t\t\t<div class=\"elementor-widget-container\">\n\t\t\t\t\t<h2 class=\"elementor-heading-title elementor-size-default\">H\u00f4pitaux de classe A<\/h2>\t\t\t\t<\/div>\n\t\t\t\t<\/div>\n\t\t\t\t<\/div>\n\t\t<div class=\"elementor-element elementor-element-e6452c7 e-con-full e-flex e-con e-child\" data-id=\"e6452c7\" data-element_type=\"container\" data-settings=\"{&quot;background_background&quot;:&quot;classic&quot;}\">\n\t\t\t\t<div class=\"elementor-element elementor-element-1c9636a elementor-view-framed elementor-shape-circle elementor-widget elementor-widget-icon\" data-id=\"1c9636a\" data-element_type=\"widget\" data-widget_type=\"icon.default\">\n\t\t\t\t<div class=\"elementor-widget-container\">\n\t\t\t\t\t\t\t<div class=\"elementor-icon-wrapper\">\n\t\t\t<div class=\"elementor-icon\">\n\t\t\t<i aria-hidden=\"true\" class=\"fas fa-award\"><\/i>\t\t\t<\/div>\n\t\t<\/div>\n\t\t\t\t\t\t<\/div>\n\t\t\t\t<\/div>\n\t\t\t\t<div class=\"elementor-element elementor-element-399ad58 elementor-widget elementor-widget-heading\" data-id=\"399ad58\" data-element_type=\"widget\" data-widget_type=\"heading.default\">\n\t\t\t\t<div class=\"elementor-widget-container\">\n\t\t\t\t\t<h2 class=\"elementor-heading-title elementor-size-default\">Certificats de garantie\n<\/h2>\t\t\t\t<\/div>\n\t\t\t\t<\/div>\n\t\t\t\t<\/div>\n\t\t\t\t\t<\/div>\n\t\t\t\t<\/div>\n\t\t\t\t<\/div>\n\t\t","protected":false},"excerpt":{"rendered":"<p>Oncologie \u00c0 la clinique Aren, nous comprenons l&rsquo;importance cruciale d&rsquo;une prise en charge globale du cancer Prendre contact Oncologie \u00c0 la clinique Aren, nous comprenons l&rsquo;importance cruciale d&rsquo;une prise en charge compl\u00e8te du cancer, et c&rsquo;est pourquoi nous nous associons \u00e0 des h\u00f4pitaux de premier plan dans toute la Turquie pour offrir des services d&rsquo;oncologie [&hellip;]<\/p>\n","protected":false},"author":1,"featured_media":0,"parent":0,"menu_order":0,"comment_status":"closed","ping_status":"closed","template":"","meta":{"footnotes":""},"class_list":["post-2742","page","type-page","status-publish","hentry"],"_links":{"self":[{"href":"https:\/\/arenclinic.com\/fr\/wp-json\/wp\/v2\/pages\/2742","targetHints":{"allow":["GET"]}}],"collection":[{"href":"https:\/\/arenclinic.com\/fr\/wp-json\/wp\/v2\/pages"}],"about":[{"href":"https:\/\/arenclinic.com\/fr\/wp-json\/wp\/v2\/types\/page"}],"author":[{"embeddable":true,"href":"https:\/\/arenclinic.com\/fr\/wp-json\/wp\/v2\/users\/1"}],"replies":[{"embeddable":true,"href":"https:\/\/arenclinic.com\/fr\/wp-json\/wp\/v2\/comments?post=2742"}],"version-history":[{"count":1,"href":"https:\/\/arenclinic.com\/fr\/wp-json\/wp\/v2\/pages\/2742\/revisions"}],"predecessor-version":[{"id":2745,"href":"https:\/\/arenclinic.com\/fr\/wp-json\/wp\/v2\/pages\/2742\/revisions\/2745"}],"wp:attachment":[{"href":"https:\/\/arenclinic.com\/fr\/wp-json\/wp\/v2\/media?parent=2742"}],"curies":[{"name":"wp","href":"https:\/\/api.w.org\/{rel}","templated":true}]}}