{"id":2746,"date":"2023-12-06T14:27:52","date_gmt":"2023-12-06T11:27:52","guid":{"rendered":"https:\/\/arenclinic.com\/neurologie\/"},"modified":"2023-12-07T15:20:21","modified_gmt":"2023-12-07T12:20:21","slug":"neurologie","status":"publish","type":"page","link":"https:\/\/arenclinic.com\/fr\/neurologie\/","title":{"rendered":"Neurologie"},"content":{"rendered":"\t\t<div data-elementor-type=\"wp-page\" data-elementor-id=\"2746\" class=\"elementor elementor-2746 elementor-2604\" data-elementor-post-type=\"page\">\n\t\t\t\t<div class=\"elementor-element elementor-element-f1e17c4 e-flex e-con-boxed elementor-invisible e-con e-parent\" data-id=\"f1e17c4\" data-element_type=\"container\" data-settings=\"{&quot;background_background&quot;:&quot;classic&quot;,&quot;animation&quot;:&quot;slideInRight&quot;}\">\n\t\t\t\t\t<div class=\"e-con-inner\">\n\t\t\t\t<div class=\"elementor-element elementor-element-8db52c9 elementor-widget-mobile__width-inherit elementor-widget elementor-widget-heading\" data-id=\"8db52c9\" data-element_type=\"widget\" data-widget_type=\"heading.default\">\n\t\t\t\t<div class=\"elementor-widget-container\">\n\t\t\t\t\t<h1 class=\"elementor-heading-title elementor-size-default\">Neurologie<\/h1>\t\t\t\t<\/div>\n\t\t\t\t<\/div>\n\t\t\t\t<div class=\"elementor-element elementor-element-f240211 elementor-widget elementor-widget-spacer\" data-id=\"f240211\" data-element_type=\"widget\" data-widget_type=\"spacer.default\">\n\t\t\t\t<div class=\"elementor-widget-container\">\n\t\t\t\t\t\t\t<div class=\"elementor-spacer\">\n\t\t\t<div class=\"elementor-spacer-inner\"><\/div>\n\t\t<\/div>\n\t\t\t\t\t\t<\/div>\n\t\t\t\t<\/div>\n\t\t\t\t<div class=\"elementor-element elementor-element-de31bd4 elementor-widget__width-initial elementor-widget-mobile__width-initial elementor-widget elementor-widget-text-editor\" data-id=\"de31bd4\" data-element_type=\"widget\" data-widget_type=\"text-editor.default\">\n\t\t\t\t<div class=\"elementor-widget-container\">\n\t\t\t\t\t\t\t\t\t<p>La clinique Aren est fi\u00e8re d&rsquo;offrir des services sp\u00e9cialis\u00e9s en neurologie gr\u00e2ce \u00e0 sa collaboration avec des h\u00f4pitaux r\u00e9put\u00e9s en Turquie.<\/p>\n\t\t\t\t\t\t\t\t<\/div>\n\t\t\t\t<\/div>\n\t\t\t\t<div class=\"elementor-element elementor-element-abd9290 elementor-widget elementor-widget-spacer\" data-id=\"abd9290\" data-element_type=\"widget\" data-widget_type=\"spacer.default\">\n\t\t\t\t<div class=\"elementor-widget-container\">\n\t\t\t\t\t\t\t<div class=\"elementor-spacer\">\n\t\t\t<div class=\"elementor-spacer-inner\"><\/div>\n\t\t<\/div>\n\t\t\t\t\t\t<\/div>\n\t\t\t\t<\/div>\n\t\t\t\t<div class=\"elementor-element elementor-element-cd3cc37 elementor-widget elementor-widget-spacer\" data-id=\"cd3cc37\" data-element_type=\"widget\" data-widget_type=\"spacer.default\">\n\t\t\t\t<div class=\"elementor-widget-container\">\n\t\t\t\t\t\t\t<div class=\"elementor-spacer\">\n\t\t\t<div class=\"elementor-spacer-inner\"><\/div>\n\t\t<\/div>\n\t\t\t\t\t\t<\/div>\n\t\t\t\t<\/div>\n\t\t\t\t<div class=\"elementor-element elementor-element-7b20003 elementor-align-right elementor-mobile-align-center elementor-widget elementor-widget-button\" data-id=\"7b20003\" data-element_type=\"widget\" data-widget_type=\"button.default\">\n\t\t\t\t<div class=\"elementor-widget-container\">\n\t\t\t\t\t\t\t\t\t<div class=\"elementor-button-wrapper\">\n\t\t\t\t\t<a class=\"elementor-button elementor-button-link elementor-size-lg\" href=\"#elementor-action%3Aaction%3Dpopup%3Aopen%26settings%3DeyJpZCI6MTk0NywidG9nZ2xlIjpmYWxzZX0%3D\">\n\t\t\t\t\t\t<span class=\"elementor-button-content-wrapper\">\n\t\t\t\t\t\t\t\t\t<span class=\"elementor-button-text\">Prendre contact<\/span>\n\t\t\t\t\t<\/span>\n\t\t\t\t\t<\/a>\n\t\t\t\t<\/div>\n\t\t\t\t\t\t\t\t<\/div>\n\t\t\t\t<\/div>\n\t\t\t\t\t<\/div>\n\t\t\t\t<\/div>\n\t\t<div class=\"elementor-element elementor-element-f7b6d26 e-flex e-con-boxed e-con e-parent\" data-id=\"f7b6d26\" data-element_type=\"container\">\n\t\t\t\t\t<div class=\"e-con-inner\">\n\t\t<div class=\"elementor-element elementor-element-f804696 e-con-full e-flex e-con e-child\" data-id=\"f804696\" data-element_type=\"container\">\n\t\t\t\t<div class=\"elementor-element elementor-element-4a92668 elementor-widget elementor-widget-heading\" data-id=\"4a92668\" data-element_type=\"widget\" data-widget_type=\"heading.default\">\n\t\t\t\t<div class=\"elementor-widget-container\">\n\t\t\t\t\t<h2 class=\"elementor-heading-title elementor-size-default\">Neurologie<\/h2>\t\t\t\t<\/div>\n\t\t\t\t<\/div>\n\t\t\t\t<div class=\"elementor-element elementor-element-5ad609d elementor-widget elementor-widget-text-editor\" data-id=\"5ad609d\" data-element_type=\"widget\" data-widget_type=\"text-editor.default\">\n\t\t\t\t<div class=\"elementor-widget-container\">\n\t\t\t\t\t\t\t\t\t<p>La clinique Aren est fi\u00e8re d&rsquo;offrir des services sp\u00e9cialis\u00e9s en neurologie gr\u00e2ce \u00e0 sa collaboration avec des h\u00f4pitaux r\u00e9put\u00e9s en Turquie. Nos neurologues et neurochirurgiens exp\u00e9riment\u00e9s proposent un diagnostic, un traitement et une prise en charge complets de divers troubles neurologiques. De la prise en charge des accidents vasculaires c\u00e9r\u00e9braux et de l&rsquo;\u00e9pilepsie aux maladies neurod\u00e9g\u00e9n\u00e9ratives et aux tumeurs c\u00e9r\u00e9brales, nous utilisons les derni\u00e8res avanc\u00e9es en mati\u00e8re de soins neurologiques afin de garantir des diagnostics pr\u00e9cis et des plans de traitement efficaces.<\/p>\n\t\t\t\t\t\t\t\t<\/div>\n\t\t\t\t<\/div>\n\t\t\t\t<\/div>\n\t\t<div class=\"elementor-element elementor-element-76a9b8c e-con-full e-flex e-con e-child\" data-id=\"76a9b8c\" data-element_type=\"container\">\n\t\t\t\t<div class=\"elementor-element elementor-element-bb29df2 elementor-widget elementor-widget-image\" data-id=\"bb29df2\" data-element_type=\"widget\" data-widget_type=\"image.default\">\n\t\t\t\t<div class=\"elementor-widget-container\">\n\t\t\t\t\t\t\t\t\t\t\t\t\t\t\t<img fetchpriority=\"high\" decoding=\"async\" width=\"800\" height=\"533\" src=\"https:\/\/arenclinic.com\/wp-content\/uploads\/2023\/12\/Neurology.webp\" class=\"attachment-large size-large wp-image-2609\" alt=\"\" srcset=\"https:\/\/arenclinic.com\/wp-content\/uploads\/2023\/12\/Neurology.webp 900w, https:\/\/arenclinic.com\/wp-content\/uploads\/2023\/12\/Neurology-300x200.webp 300w, https:\/\/arenclinic.com\/wp-content\/uploads\/2023\/12\/Neurology-768x512.webp 768w\" sizes=\"(max-width: 800px) 100vw, 800px\" \/>\t\t\t\t\t\t\t\t\t\t\t\t\t\t\t<\/div>\n\t\t\t\t<\/div>\n\t\t\t\t<\/div>\n\t\t\t\t\t<\/div>\n\t\t\t\t<\/div>\n\t\t<div class=\"elementor-element elementor-element-67acd47 e-flex e-con-boxed e-con e-parent\" data-id=\"67acd47\" data-element_type=\"container\">\n\t\t\t\t\t<div class=\"e-con-inner\">\n\t\t<div class=\"elementor-element elementor-element-6730407 e-con-full e-flex e-con e-child\" data-id=\"6730407\" data-element_type=\"container\">\n\t\t\t\t<div class=\"elementor-element elementor-element-cf3d0b9 elementor-widget elementor-widget-text-editor\" data-id=\"cf3d0b9\" data-element_type=\"widget\" data-widget_type=\"text-editor.default\">\n\t\t\t\t<div class=\"elementor-widget-container\">\n\t\t\t\t\t\t\t\t\t<p>L&rsquo;objectif principal de la clinique Aren est d&rsquo;am\u00e9liorer votre qualit\u00e9 de vie, en vous offrant des soins personnalis\u00e9s qui r\u00e9pondent \u00e0 vos besoins uniques et favorisent votre bien-\u00eatre neurologique.<\/p>\n<p>Prise en charge de l&rsquo;AVC : Des interventions rapides, telles que la th\u00e9rapie thrombolytique ou la thrombectomie m\u00e9canique, sont utilis\u00e9es pour traiter les accidents vasculaires c\u00e9r\u00e9braux isch\u00e9miques aigus. La r\u00e9adaptation joue un r\u00f4le crucial dans la gu\u00e9rison.<\/p>\n<p>Traitement de l&rsquo;\u00e9pilepsie : Des m\u00e9dicaments, des modifications du mode de vie et, dans certains cas, une intervention chirurgicale peuvent \u00eatre utilis\u00e9s pour g\u00e9rer les crises et l&rsquo;\u00e9pilepsie.<\/p>\n<p>Prise en charge de la maladie de Parkinson : Les m\u00e9dicaments, la stimulation c\u00e9r\u00e9brale profonde (SCP) et la th\u00e9rapie physique sont utilis\u00e9s pour att\u00e9nuer les sympt\u00f4mes et am\u00e9liorer la qualit\u00e9 de vie.<\/p>\n<p>Traitement de la scl\u00e9rose en plaques (SEP) : Les traitements modificateurs de la maladie (DMT) sont prescrits pour ralentir la progression de la SEP et g\u00e9rer les sympt\u00f4mes.<\/p>\n<p>Prise en charge des maux de t\u00eate et des migraines : Les m\u00e9dicaments, les changements de mode de vie et les strat\u00e9gies de gestion de la douleur sont utilis\u00e9s pour soulager les maux de t\u00eate et les migraines, souvent avec l&rsquo;aide d&rsquo;un sp\u00e9cialiste des maux de t\u00eate.<\/p>\n<p>N&rsquo;oubliez pas que les pratiques m\u00e9dicales et les pr\u00e9f\u00e9rences en mati\u00e8re de traitement peuvent \u00e9voluer au fil du temps. Pour obtenir les informations les plus pr\u00e9cises et les plus r\u00e9centes, il est conseill\u00e9 de consulter l&rsquo;\u00e9quipe de la clinique Aren ou de se r\u00e9f\u00e9rer aux sources m\u00e9dicales actuelles sp\u00e9cifiques \u00e0 la Turquie.<\/p>\n\t\t\t\t\t\t\t\t<\/div>\n\t\t\t\t<\/div>\n\t\t\t\t<\/div>\n\t\t\t\t\t<\/div>\n\t\t\t\t<\/div>\n\t\t<div class=\"elementor-element elementor-element-befa1ec e-flex e-con-boxed e-con e-parent\" data-id=\"befa1ec\" data-element_type=\"container\">\n\t\t\t\t\t<div class=\"e-con-inner\">\n\t\t\t\t<div class=\"elementor-element elementor-element-c751011 elementor-widget elementor-widget-heading\" data-id=\"c751011\" data-element_type=\"widget\" data-widget_type=\"heading.default\">\n\t\t\t\t<div class=\"elementor-widget-container\">\n\t\t\t\t\t<h2 class=\"elementor-heading-title elementor-size-default\">Services<\/h2>\t\t\t\t<\/div>\n\t\t\t\t<\/div>\n\t\t\t\t<div class=\"elementor-element elementor-element-7ca3140 elementor-widget elementor-widget-text-editor\" data-id=\"7ca3140\" data-element_type=\"widget\" data-widget_type=\"text-editor.default\">\n\t\t\t\t<div class=\"elementor-widget-container\">\n\t\t\t\t\t\t\t\t\t<p>\u00c0 la clinique Aren, nous nous effor\u00e7ons de faire en sorte que nos patients aient une exp\u00e9rience de vie unique gr\u00e2ce \u00e0 un ensemble de services distinctifs que nous fournissons.<\/p>\n\t\t\t\t\t\t\t\t<\/div>\n\t\t\t\t<\/div>\n\t\t\t\t\t<\/div>\n\t\t\t\t<\/div>\n\t\t<div class=\"elementor-element elementor-element-5084646 e-flex e-con-boxed e-con e-parent\" data-id=\"5084646\" data-element_type=\"container\">\n\t\t\t\t\t<div class=\"e-con-inner\">\n\t\t<div class=\"elementor-element elementor-element-7000a47 e-con-full e-flex e-con e-child\" data-id=\"7000a47\" data-element_type=\"container\" data-settings=\"{&quot;background_background&quot;:&quot;classic&quot;}\">\n\t\t\t\t<div class=\"elementor-element elementor-element-9e57f37 elementor-view-framed elementor-shape-circle elementor-widget elementor-widget-icon\" data-id=\"9e57f37\" data-element_type=\"widget\" data-widget_type=\"icon.default\">\n\t\t\t\t<div class=\"elementor-widget-container\">\n\t\t\t\t\t\t\t<div class=\"elementor-icon-wrapper\">\n\t\t\t<div class=\"elementor-icon\">\n\t\t\t<i aria-hidden=\"true\" class=\"fas fa-car\"><\/i>\t\t\t<\/div>\n\t\t<\/div>\n\t\t\t\t\t\t<\/div>\n\t\t\t\t<\/div>\n\t\t\t\t<div class=\"elementor-element elementor-element-d583ba7 elementor-widget elementor-widget-heading\" data-id=\"d583ba7\" data-element_type=\"widget\" data-widget_type=\"heading.default\">\n\t\t\t\t<div class=\"elementor-widget-container\">\n\t\t\t\t\t<h2 class=\"elementor-heading-title elementor-size-default\">Transport<\/h2>\t\t\t\t<\/div>\n\t\t\t\t<\/div>\n\t\t\t\t<\/div>\n\t\t<div class=\"elementor-element elementor-element-8900d78 e-con-full e-flex e-con e-child\" data-id=\"8900d78\" data-element_type=\"container\" data-settings=\"{&quot;background_background&quot;:&quot;classic&quot;}\">\n\t\t\t\t<div class=\"elementor-element elementor-element-411e1c3 elementor-view-framed elementor-shape-circle elementor-widget elementor-widget-icon\" data-id=\"411e1c3\" data-element_type=\"widget\" data-widget_type=\"icon.default\">\n\t\t\t\t<div class=\"elementor-widget-container\">\n\t\t\t\t\t\t\t<div class=\"elementor-icon-wrapper\">\n\t\t\t<div class=\"elementor-icon\">\n\t\t\t<i aria-hidden=\"true\" class=\"fas fa-language\"><\/i>\t\t\t<\/div>\n\t\t<\/div>\n\t\t\t\t\t\t<\/div>\n\t\t\t\t<\/div>\n\t\t\t\t<div class=\"elementor-element elementor-element-960ae0b elementor-widget elementor-widget-heading\" data-id=\"960ae0b\" data-element_type=\"widget\" data-widget_type=\"heading.default\">\n\t\t\t\t<div class=\"elementor-widget-container\">\n\t\t\t\t\t<h2 class=\"elementor-heading-title elementor-size-default\">Traduction<\/h2>\t\t\t\t<\/div>\n\t\t\t\t<\/div>\n\t\t\t\t<\/div>\n\t\t<div class=\"elementor-element elementor-element-086211b e-con-full e-flex e-con e-child\" data-id=\"086211b\" data-element_type=\"container\" data-settings=\"{&quot;background_background&quot;:&quot;classic&quot;}\">\n\t\t\t\t<div class=\"elementor-element elementor-element-ca4878a elementor-view-framed elementor-shape-circle elementor-widget elementor-widget-icon\" data-id=\"ca4878a\" data-element_type=\"widget\" data-widget_type=\"icon.default\">\n\t\t\t\t<div class=\"elementor-widget-container\">\n\t\t\t\t\t\t\t<div class=\"elementor-icon-wrapper\">\n\t\t\t<div class=\"elementor-icon\">\n\t\t\t<i aria-hidden=\"true\" class=\"fas fa-hotel\"><\/i>\t\t\t<\/div>\n\t\t<\/div>\n\t\t\t\t\t\t<\/div>\n\t\t\t\t<\/div>\n\t\t\t\t<div class=\"elementor-element elementor-element-72194b6 elementor-widget elementor-widget-heading\" data-id=\"72194b6\" data-element_type=\"widget\" data-widget_type=\"heading.default\">\n\t\t\t\t<div class=\"elementor-widget-container\">\n\t\t\t\t\t<h2 class=\"elementor-heading-title elementor-size-default\">H\u00e9bergement<\/h2>\t\t\t\t<\/div>\n\t\t\t\t<\/div>\n\t\t\t\t<\/div>\n\t\t<div class=\"elementor-element elementor-element-94477c5 e-con-full e-flex e-con e-child\" data-id=\"94477c5\" data-element_type=\"container\" data-settings=\"{&quot;background_background&quot;:&quot;classic&quot;}\">\n\t\t\t\t<div class=\"elementor-element elementor-element-0f7fb7d elementor-view-framed elementor-shape-circle elementor-widget elementor-widget-icon\" data-id=\"0f7fb7d\" data-element_type=\"widget\" data-widget_type=\"icon.default\">\n\t\t\t\t<div class=\"elementor-widget-container\">\n\t\t\t\t\t\t\t<div class=\"elementor-icon-wrapper\">\n\t\t\t<div class=\"elementor-icon\">\n\t\t\t<i aria-hidden=\"true\" class=\"fas fa-hospital\"><\/i>\t\t\t<\/div>\n\t\t<\/div>\n\t\t\t\t\t\t<\/div>\n\t\t\t\t<\/div>\n\t\t\t\t<div class=\"elementor-element elementor-element-7081d5d elementor-widget elementor-widget-heading\" data-id=\"7081d5d\" data-element_type=\"widget\" data-widget_type=\"heading.default\">\n\t\t\t\t<div class=\"elementor-widget-container\">\n\t\t\t\t\t<h2 class=\"elementor-heading-title elementor-size-default\">H\u00f4pitaux de classe A<\/h2>\t\t\t\t<\/div>\n\t\t\t\t<\/div>\n\t\t\t\t<\/div>\n\t\t<div class=\"elementor-element elementor-element-0733fef e-con-full e-flex e-con e-child\" data-id=\"0733fef\" data-element_type=\"container\" data-settings=\"{&quot;background_background&quot;:&quot;classic&quot;}\">\n\t\t\t\t<div class=\"elementor-element elementor-element-4883a07 elementor-view-framed elementor-shape-circle elementor-widget elementor-widget-icon\" data-id=\"4883a07\" data-element_type=\"widget\" data-widget_type=\"icon.default\">\n\t\t\t\t<div class=\"elementor-widget-container\">\n\t\t\t\t\t\t\t<div class=\"elementor-icon-wrapper\">\n\t\t\t<div class=\"elementor-icon\">\n\t\t\t<i aria-hidden=\"true\" class=\"fas fa-award\"><\/i>\t\t\t<\/div>\n\t\t<\/div>\n\t\t\t\t\t\t<\/div>\n\t\t\t\t<\/div>\n\t\t\t\t<div class=\"elementor-element elementor-element-9ddc8fa elementor-widget elementor-widget-heading\" data-id=\"9ddc8fa\" data-element_type=\"widget\" data-widget_type=\"heading.default\">\n\t\t\t\t<div class=\"elementor-widget-container\">\n\t\t\t\t\t<h2 class=\"elementor-heading-title elementor-size-default\">Certificats de garantie\n<\/h2>\t\t\t\t<\/div>\n\t\t\t\t<\/div>\n\t\t\t\t<\/div>\n\t\t\t\t\t<\/div>\n\t\t\t\t<\/div>\n\t\t\t\t<\/div>\n\t\t","protected":false},"excerpt":{"rendered":"<p>Neurologie La clinique Aren est fi\u00e8re d&rsquo;offrir des services sp\u00e9cialis\u00e9s en neurologie gr\u00e2ce \u00e0 sa collaboration avec des h\u00f4pitaux r\u00e9put\u00e9s en Turquie. Prendre contact Neurologie La clinique Aren est fi\u00e8re d&rsquo;offrir des services sp\u00e9cialis\u00e9s en neurologie gr\u00e2ce \u00e0 sa collaboration avec des h\u00f4pitaux r\u00e9put\u00e9s en Turquie. Nos neurologues et neurochirurgiens exp\u00e9riment\u00e9s proposent un diagnostic, un [&hellip;]<\/p>\n","protected":false},"author":1,"featured_media":0,"parent":0,"menu_order":0,"comment_status":"closed","ping_status":"closed","template":"","meta":{"footnotes":""},"class_list":["post-2746","page","type-page","status-publish","hentry"],"_links":{"self":[{"href":"https:\/\/arenclinic.com\/fr\/wp-json\/wp\/v2\/pages\/2746","targetHints":{"allow":["GET"]}}],"collection":[{"href":"https:\/\/arenclinic.com\/fr\/wp-json\/wp\/v2\/pages"}],"about":[{"href":"https:\/\/arenclinic.com\/fr\/wp-json\/wp\/v2\/types\/page"}],"author":[{"embeddable":true,"href":"https:\/\/arenclinic.com\/fr\/wp-json\/wp\/v2\/users\/1"}],"replies":[{"embeddable":true,"href":"https:\/\/arenclinic.com\/fr\/wp-json\/wp\/v2\/comments?post=2746"}],"version-history":[{"count":1,"href":"https:\/\/arenclinic.com\/fr\/wp-json\/wp\/v2\/pages\/2746\/revisions"}],"predecessor-version":[{"id":2747,"href":"https:\/\/arenclinic.com\/fr\/wp-json\/wp\/v2\/pages\/2746\/revisions\/2747"}],"wp:attachment":[{"href":"https:\/\/arenclinic.com\/fr\/wp-json\/wp\/v2\/media?parent=2746"}],"curies":[{"name":"wp","href":"https:\/\/api.w.org\/{rel}","templated":true}]}}