{"id":2753,"date":"2023-12-06T17:17:47","date_gmt":"2023-12-06T14:17:47","guid":{"rendered":"https:\/\/arenclinic.com\/orthopedie\/"},"modified":"2023-12-07T15:20:28","modified_gmt":"2023-12-07T12:20:28","slug":"orthopedie","status":"publish","type":"page","link":"https:\/\/arenclinic.com\/fr\/orthopedie\/","title":{"rendered":"Orthop\u00e9die"},"content":{"rendered":"\t\t<div data-elementor-type=\"wp-page\" data-elementor-id=\"2753\" class=\"elementor elementor-2753 elementor-2671\" data-elementor-post-type=\"page\">\n\t\t\t\t<div class=\"elementor-element elementor-element-959a8a6 e-flex e-con-boxed elementor-invisible e-con e-parent\" data-id=\"959a8a6\" data-element_type=\"container\" data-settings=\"{&quot;background_background&quot;:&quot;classic&quot;,&quot;animation&quot;:&quot;slideInRight&quot;}\">\n\t\t\t\t\t<div class=\"e-con-inner\">\n\t\t\t\t<div class=\"elementor-element elementor-element-12e20a1 elementor-widget-mobile__width-inherit elementor-widget elementor-widget-heading\" data-id=\"12e20a1\" data-element_type=\"widget\" data-widget_type=\"heading.default\">\n\t\t\t\t<div class=\"elementor-widget-container\">\n\t\t\t\t\t<h1 class=\"elementor-heading-title elementor-size-default\">Orthop\u00e9die<\/h1>\t\t\t\t<\/div>\n\t\t\t\t<\/div>\n\t\t\t\t<div class=\"elementor-element elementor-element-638751c elementor-widget elementor-widget-spacer\" data-id=\"638751c\" data-element_type=\"widget\" data-widget_type=\"spacer.default\">\n\t\t\t\t<div class=\"elementor-widget-container\">\n\t\t\t\t\t\t\t<div class=\"elementor-spacer\">\n\t\t\t<div class=\"elementor-spacer-inner\"><\/div>\n\t\t<\/div>\n\t\t\t\t\t\t<\/div>\n\t\t\t\t<\/div>\n\t\t\t\t<div class=\"elementor-element elementor-element-52b0784 elementor-widget__width-initial elementor-widget-mobile__width-initial elementor-widget elementor-widget-text-editor\" data-id=\"52b0784\" data-element_type=\"widget\" data-widget_type=\"text-editor.default\">\n\t\t\t\t<div class=\"elementor-widget-container\">\n\t\t\t\t\t\t\t\t\t<p>La clinique Aren est fi\u00e8re de ses services orthop\u00e9diques exceptionnels, propos\u00e9s en collaboration avec des h\u00f4pitaux prestigieux dans toute la Turquie.<\/p>\n\t\t\t\t\t\t\t\t<\/div>\n\t\t\t\t<\/div>\n\t\t\t\t<div class=\"elementor-element elementor-element-8035b76 elementor-widget elementor-widget-spacer\" data-id=\"8035b76\" data-element_type=\"widget\" data-widget_type=\"spacer.default\">\n\t\t\t\t<div class=\"elementor-widget-container\">\n\t\t\t\t\t\t\t<div class=\"elementor-spacer\">\n\t\t\t<div class=\"elementor-spacer-inner\"><\/div>\n\t\t<\/div>\n\t\t\t\t\t\t<\/div>\n\t\t\t\t<\/div>\n\t\t\t\t<div class=\"elementor-element elementor-element-c3e2dc2 elementor-widget elementor-widget-spacer\" data-id=\"c3e2dc2\" data-element_type=\"widget\" data-widget_type=\"spacer.default\">\n\t\t\t\t<div class=\"elementor-widget-container\">\n\t\t\t\t\t\t\t<div class=\"elementor-spacer\">\n\t\t\t<div class=\"elementor-spacer-inner\"><\/div>\n\t\t<\/div>\n\t\t\t\t\t\t<\/div>\n\t\t\t\t<\/div>\n\t\t\t\t<div class=\"elementor-element elementor-element-bd9d4bf elementor-align-right elementor-mobile-align-center elementor-widget elementor-widget-button\" data-id=\"bd9d4bf\" data-element_type=\"widget\" data-widget_type=\"button.default\">\n\t\t\t\t<div class=\"elementor-widget-container\">\n\t\t\t\t\t\t\t\t\t<div class=\"elementor-button-wrapper\">\n\t\t\t\t\t<a class=\"elementor-button elementor-button-link elementor-size-lg\" href=\"#elementor-action%3Aaction%3Dpopup%3Aopen%26settings%3DeyJpZCI6MTk0NywidG9nZ2xlIjpmYWxzZX0%3D\">\n\t\t\t\t\t\t<span class=\"elementor-button-content-wrapper\">\n\t\t\t\t\t\t\t\t\t<span class=\"elementor-button-text\">Prendre contact<\/span>\n\t\t\t\t\t<\/span>\n\t\t\t\t\t<\/a>\n\t\t\t\t<\/div>\n\t\t\t\t\t\t\t\t<\/div>\n\t\t\t\t<\/div>\n\t\t\t\t\t<\/div>\n\t\t\t\t<\/div>\n\t\t<div class=\"elementor-element elementor-element-ac0768b e-flex e-con-boxed e-con e-parent\" data-id=\"ac0768b\" data-element_type=\"container\">\n\t\t\t\t\t<div class=\"e-con-inner\">\n\t\t<div class=\"elementor-element elementor-element-993f8f3 e-con-full e-flex e-con e-child\" data-id=\"993f8f3\" data-element_type=\"container\">\n\t\t\t\t<div class=\"elementor-element elementor-element-5942d8d elementor-widget elementor-widget-heading\" data-id=\"5942d8d\" data-element_type=\"widget\" data-widget_type=\"heading.default\">\n\t\t\t\t<div class=\"elementor-widget-container\">\n\t\t\t\t\t<h2 class=\"elementor-heading-title elementor-size-default\">Orthop\u00e9die<\/h2>\t\t\t\t<\/div>\n\t\t\t\t<\/div>\n\t\t\t\t<div class=\"elementor-element elementor-element-1d3c87b elementor-widget elementor-widget-text-editor\" data-id=\"1d3c87b\" data-element_type=\"widget\" data-widget_type=\"text-editor.default\">\n\t\t\t\t<div class=\"elementor-widget-container\">\n\t\t\t\t\t\t\t\t\t<p>La clinique Aren est fi\u00e8re de ses services orthop\u00e9diques exceptionnels, propos\u00e9s en collaboration avec des h\u00f4pitaux prestigieux dans toute la Turquie. Nos chirurgiens orthop\u00e9distes experts et notre personnel m\u00e9dical s&rsquo;engagent \u00e0 fournir des soins de qualit\u00e9 sup\u00e9rieure pour un large \u00e9ventail de conditions musculo-squelettiques.<\/p>\n\t\t\t\t\t\t\t\t<\/div>\n\t\t\t\t<\/div>\n\t\t\t\t<\/div>\n\t\t<div class=\"elementor-element elementor-element-1f112eb e-con-full e-flex e-con e-child\" data-id=\"1f112eb\" data-element_type=\"container\">\n\t\t\t\t<div class=\"elementor-element elementor-element-86f2a90 elementor-widget elementor-widget-image\" data-id=\"86f2a90\" data-element_type=\"widget\" data-widget_type=\"image.default\">\n\t\t\t\t<div class=\"elementor-widget-container\">\n\t\t\t\t\t\t\t\t\t\t\t\t\t\t\t<img fetchpriority=\"high\" decoding=\"async\" width=\"800\" height=\"533\" src=\"https:\/\/arenclinic.com\/wp-content\/uploads\/2023\/12\/Orthopedics.webp\" class=\"attachment-large size-large wp-image-2679\" alt=\"\" srcset=\"https:\/\/arenclinic.com\/wp-content\/uploads\/2023\/12\/Orthopedics.webp 900w, https:\/\/arenclinic.com\/wp-content\/uploads\/2023\/12\/Orthopedics-300x200.webp 300w, https:\/\/arenclinic.com\/wp-content\/uploads\/2023\/12\/Orthopedics-768x512.webp 768w\" sizes=\"(max-width: 800px) 100vw, 800px\" \/>\t\t\t\t\t\t\t\t\t\t\t\t\t\t\t<\/div>\n\t\t\t\t<\/div>\n\t\t\t\t<\/div>\n\t\t\t\t\t<\/div>\n\t\t\t\t<\/div>\n\t\t<div class=\"elementor-element elementor-element-0364da1 e-flex e-con-boxed e-con e-parent\" data-id=\"0364da1\" data-element_type=\"container\">\n\t\t\t\t\t<div class=\"e-con-inner\">\n\t\t<div class=\"elementor-element elementor-element-0bba0c2 e-con-full e-flex e-con e-child\" data-id=\"0bba0c2\" data-element_type=\"container\">\n\t\t\t\t<div class=\"elementor-element elementor-element-2245d05 elementor-widget elementor-widget-text-editor\" data-id=\"2245d05\" data-element_type=\"widget\" data-widget_type=\"text-editor.default\">\n\t\t\t\t<div class=\"elementor-widget-container\">\n\t\t\t\t\t\t\t\t\t<p>Qu&rsquo;il s&rsquo;agisse de proth\u00e8ses articulaires, de blessures sportives, de troubles de la colonne vert\u00e9brale ou de traumatismes, notre approche globale comprend un diagnostic pr\u00e9cis, des techniques chirurgicales avanc\u00e9es et une r\u00e9\u00e9ducation efficace.<\/p>\n<p>Avec des installations de pointe et une approche centr\u00e9e sur le patient, la clinique Aren s&rsquo;efforce de vous aider \u00e0 retrouver votre mobilit\u00e9 et \u00e0 am\u00e9liorer votre qualit\u00e9 de vie.<\/p>\n\t\t\t\t\t\t\t\t<\/div>\n\t\t\t\t<\/div>\n\t\t\t\t<\/div>\n\t\t\t\t\t<\/div>\n\t\t\t\t<\/div>\n\t\t<div class=\"elementor-element elementor-element-a7ecd32 e-flex e-con-boxed e-con e-parent\" data-id=\"a7ecd32\" data-element_type=\"container\">\n\t\t\t\t\t<div class=\"e-con-inner\">\n\t\t\t\t<div class=\"elementor-element elementor-element-25c126f elementor-widget elementor-widget-heading\" data-id=\"25c126f\" data-element_type=\"widget\" data-widget_type=\"heading.default\">\n\t\t\t\t<div class=\"elementor-widget-container\">\n\t\t\t\t\t<h3 class=\"elementor-heading-title elementor-size-default\">Remplacement total de l'articulation :  <\/h3>\t\t\t\t<\/div>\n\t\t\t\t<\/div>\n\t\t\t\t<div class=\"elementor-element elementor-element-54003e2 elementor-widget elementor-widget-text-editor\" data-id=\"54003e2\" data-element_type=\"widget\" data-widget_type=\"text-editor.default\">\n\t\t\t\t<div class=\"elementor-widget-container\">\n\t\t\t\t\t\t\t\t\t<p>Elle consiste \u00e0 remplacer les articulations endommag\u00e9es, telles que les genoux ou les hanches, par des implants artificiels afin de soulager la douleur et d&rsquo;am\u00e9liorer la mobilit\u00e9.<\/p>\n\t\t\t\t\t\t\t\t<\/div>\n\t\t\t\t<\/div>\n\t\t\t\t\t<\/div>\n\t\t\t\t<\/div>\n\t\t<div class=\"elementor-element elementor-element-ea72639 e-flex e-con-boxed e-con e-parent\" data-id=\"ea72639\" data-element_type=\"container\">\n\t\t\t\t\t<div class=\"e-con-inner\">\n\t\t\t\t<div class=\"elementor-element elementor-element-7a2da03 elementor-widget elementor-widget-heading\" data-id=\"7a2da03\" data-element_type=\"widget\" data-widget_type=\"heading.default\">\n\t\t\t\t<div class=\"elementor-widget-container\">\n\t\t\t\t\t<h3 class=\"elementor-heading-title elementor-size-default\">Chirurgie arthroscopique :  <\/h3>\t\t\t\t<\/div>\n\t\t\t\t<\/div>\n\t\t\t\t<div class=\"elementor-element elementor-element-39d8935 elementor-widget elementor-widget-text-editor\" data-id=\"39d8935\" data-element_type=\"widget\" data-widget_type=\"text-editor.default\">\n\t\t\t\t<div class=\"elementor-widget-container\">\n\t\t\t\t\t\t\t\t\t<p>Des techniques chirurgicales mini-invasives sont utilis\u00e9es pour diagnostiquer et traiter divers probl\u00e8mes articulaires, tels que des d\u00e9chirures de ligaments ou des l\u00e9sions du cartilage.<\/p>\n\t\t\t\t\t\t\t\t<\/div>\n\t\t\t\t<\/div>\n\t\t\t\t\t<\/div>\n\t\t\t\t<\/div>\n\t\t<div class=\"elementor-element elementor-element-7ced027 e-flex e-con-boxed e-con e-parent\" data-id=\"7ced027\" data-element_type=\"container\">\n\t\t\t\t\t<div class=\"e-con-inner\">\n\t\t\t\t<div class=\"elementor-element elementor-element-d50b93a elementor-widget elementor-widget-heading\" data-id=\"d50b93a\" data-element_type=\"widget\" data-widget_type=\"heading.default\">\n\t\t\t\t<div class=\"elementor-widget-container\">\n\t\t\t\t\t<h3 class=\"elementor-heading-title elementor-size-default\">Chirurgie de la colonne vert\u00e9brale :  <\/h3>\t\t\t\t<\/div>\n\t\t\t\t<\/div>\n\t\t\t\t<div class=\"elementor-element elementor-element-db7252e elementor-widget elementor-widget-text-editor\" data-id=\"db7252e\" data-element_type=\"widget\" data-widget_type=\"text-editor.default\">\n\t\t\t\t<div class=\"elementor-widget-container\">\n\t\t\t\t\t\t\t\t\t<p>Des interventions telles que la fusion vert\u00e9brale ou la discectomie sont pratiqu\u00e9es pour traiter des affections telles que les hernies discales ou les d\u00e9formations de la colonne vert\u00e9brale.<\/p>\n\t\t\t\t\t\t\t\t<\/div>\n\t\t\t\t<\/div>\n\t\t\t\t\t<\/div>\n\t\t\t\t<\/div>\n\t\t<div class=\"elementor-element elementor-element-b72db7d e-flex e-con-boxed e-con e-parent\" data-id=\"b72db7d\" data-element_type=\"container\">\n\t\t\t\t\t<div class=\"e-con-inner\">\n\t\t\t\t<div class=\"elementor-element elementor-element-b06cad0 elementor-widget elementor-widget-heading\" data-id=\"b06cad0\" data-element_type=\"widget\" data-widget_type=\"heading.default\">\n\t\t\t\t<div class=\"elementor-widget-container\">\n\t\t\t\t\t<h3 class=\"elementor-heading-title elementor-size-default\">Gestion des fractures :  <\/h3>\t\t\t\t<\/div>\n\t\t\t\t<\/div>\n\t\t\t\t<div class=\"elementor-element elementor-element-c8e7d39 elementor-widget elementor-widget-text-editor\" data-id=\"c8e7d39\" data-element_type=\"widget\" data-widget_type=\"text-editor.default\">\n\t\t\t\t<div class=\"elementor-widget-container\">\n\t\t\t\t\t\t\t\t\t<p>Les m\u00e9thodes de traitement des fractures osseuses vont du moulage ou de l&rsquo;attelle \u00e0 la fixation chirurgicale \u00e0 l&rsquo;aide de plaques, de vis ou de tiges, en fonction de la gravit\u00e9.<\/p>\n\t\t\t\t\t\t\t\t<\/div>\n\t\t\t\t<\/div>\n\t\t\t\t\t<\/div>\n\t\t\t\t<\/div>\n\t\t<div class=\"elementor-element elementor-element-00d0a4d e-flex e-con-boxed e-con e-parent\" data-id=\"00d0a4d\" data-element_type=\"container\">\n\t\t\t\t\t<div class=\"e-con-inner\">\n\t\t\t\t<div class=\"elementor-element elementor-element-74b3a9a elementor-widget elementor-widget-heading\" data-id=\"74b3a9a\" data-element_type=\"widget\" data-widget_type=\"heading.default\">\n\t\t\t\t<div class=\"elementor-widget-container\">\n\t\t\t\t\t<h3 class=\"elementor-heading-title elementor-size-default\">Th\u00e9rapie physique et r\u00e9adaptation :  <\/h3>\t\t\t\t<\/div>\n\t\t\t\t<\/div>\n\t\t\t\t<div class=\"elementor-element elementor-element-c7b8096 elementor-widget elementor-widget-text-editor\" data-id=\"c7b8096\" data-element_type=\"widget\" data-widget_type=\"text-editor.default\">\n\t\t\t\t<div class=\"elementor-widget-container\">\n\t\t\t\t\t\t\t\t\t<p>Les approches non chirurgicales, y compris les exercices, la th\u00e9rapie manuelle et d&rsquo;autres techniques, sont utilis\u00e9es pour am\u00e9liorer les conditions musculo-squelettiques et faciliter le r\u00e9tablissement.<\/p>\n\t\t\t\t\t\t\t\t<\/div>\n\t\t\t\t<\/div>\n\t\t\t\t\t<\/div>\n\t\t\t\t<\/div>\n\t\t<div class=\"elementor-element elementor-element-4ca0666 e-flex e-con-boxed e-con e-parent\" data-id=\"4ca0666\" data-element_type=\"container\">\n\t\t\t\t\t<div class=\"e-con-inner\">\n\t\t\t\t<div class=\"elementor-element elementor-element-799f8e7 elementor-widget elementor-widget-text-editor\" data-id=\"799f8e7\" data-element_type=\"widget\" data-widget_type=\"text-editor.default\">\n\t\t\t\t<div class=\"elementor-widget-container\">\n\t\t\t\t\t\t\t\t\t<p>N&rsquo;oubliez pas que les pratiques m\u00e9dicales et les pr\u00e9f\u00e9rences en mati\u00e8re de traitement peuvent \u00e9voluer au fil du temps. Pour obtenir les informations les plus pr\u00e9cises et les plus r\u00e9centes, il est conseill\u00e9 de consulter l&rsquo;\u00e9quipe de la clinique Aren ou de se r\u00e9f\u00e9rer aux sources m\u00e9dicales actuelles sp\u00e9cifiques \u00e0 la Turquie.<\/p>\n\t\t\t\t\t\t\t\t<\/div>\n\t\t\t\t<\/div>\n\t\t\t\t\t<\/div>\n\t\t\t\t<\/div>\n\t\t<div class=\"elementor-element elementor-element-e25421e e-flex e-con-boxed e-con e-parent\" data-id=\"e25421e\" data-element_type=\"container\">\n\t\t\t\t\t<div class=\"e-con-inner\">\n\t\t\t\t<div class=\"elementor-element elementor-element-fc30134 elementor-widget elementor-widget-heading\" data-id=\"fc30134\" data-element_type=\"widget\" data-widget_type=\"heading.default\">\n\t\t\t\t<div class=\"elementor-widget-container\">\n\t\t\t\t\t<h2 class=\"elementor-heading-title elementor-size-default\">Services<\/h2>\t\t\t\t<\/div>\n\t\t\t\t<\/div>\n\t\t\t\t<div class=\"elementor-element elementor-element-6ecdf8e elementor-widget elementor-widget-text-editor\" data-id=\"6ecdf8e\" data-element_type=\"widget\" data-widget_type=\"text-editor.default\">\n\t\t\t\t<div class=\"elementor-widget-container\">\n\t\t\t\t\t\t\t\t\t<p>\u00c0 la clinique Aren, nous nous effor\u00e7ons de faire en sorte que nos patients aient une exp\u00e9rience de vie unique gr\u00e2ce \u00e0 un ensemble de services distinctifs que nous fournissons.<\/p>\n\t\t\t\t\t\t\t\t<\/div>\n\t\t\t\t<\/div>\n\t\t\t\t\t<\/div>\n\t\t\t\t<\/div>\n\t\t<div class=\"elementor-element elementor-element-1db0358 e-flex e-con-boxed e-con e-parent\" data-id=\"1db0358\" data-element_type=\"container\">\n\t\t\t\t\t<div class=\"e-con-inner\">\n\t\t<div class=\"elementor-element elementor-element-c686e6d e-con-full e-flex e-con e-child\" data-id=\"c686e6d\" data-element_type=\"container\" data-settings=\"{&quot;background_background&quot;:&quot;classic&quot;}\">\n\t\t\t\t<div class=\"elementor-element elementor-element-54a57b1 elementor-view-framed elementor-shape-circle elementor-widget elementor-widget-icon\" data-id=\"54a57b1\" data-element_type=\"widget\" data-widget_type=\"icon.default\">\n\t\t\t\t<div class=\"elementor-widget-container\">\n\t\t\t\t\t\t\t<div class=\"elementor-icon-wrapper\">\n\t\t\t<div class=\"elementor-icon\">\n\t\t\t<i aria-hidden=\"true\" class=\"fas fa-car\"><\/i>\t\t\t<\/div>\n\t\t<\/div>\n\t\t\t\t\t\t<\/div>\n\t\t\t\t<\/div>\n\t\t\t\t<div class=\"elementor-element elementor-element-e39dfce elementor-widget elementor-widget-heading\" data-id=\"e39dfce\" data-element_type=\"widget\" data-widget_type=\"heading.default\">\n\t\t\t\t<div class=\"elementor-widget-container\">\n\t\t\t\t\t<h2 class=\"elementor-heading-title elementor-size-default\">Transport<\/h2>\t\t\t\t<\/div>\n\t\t\t\t<\/div>\n\t\t\t\t<\/div>\n\t\t<div class=\"elementor-element elementor-element-a96e583 e-con-full e-flex e-con e-child\" data-id=\"a96e583\" data-element_type=\"container\" data-settings=\"{&quot;background_background&quot;:&quot;classic&quot;}\">\n\t\t\t\t<div class=\"elementor-element elementor-element-a09c05d elementor-view-framed elementor-shape-circle elementor-widget elementor-widget-icon\" data-id=\"a09c05d\" data-element_type=\"widget\" data-widget_type=\"icon.default\">\n\t\t\t\t<div class=\"elementor-widget-container\">\n\t\t\t\t\t\t\t<div class=\"elementor-icon-wrapper\">\n\t\t\t<div class=\"elementor-icon\">\n\t\t\t<i aria-hidden=\"true\" class=\"fas fa-language\"><\/i>\t\t\t<\/div>\n\t\t<\/div>\n\t\t\t\t\t\t<\/div>\n\t\t\t\t<\/div>\n\t\t\t\t<div class=\"elementor-element elementor-element-f94597e elementor-widget elementor-widget-heading\" data-id=\"f94597e\" data-element_type=\"widget\" data-widget_type=\"heading.default\">\n\t\t\t\t<div class=\"elementor-widget-container\">\n\t\t\t\t\t<h2 class=\"elementor-heading-title elementor-size-default\">Traduction<\/h2>\t\t\t\t<\/div>\n\t\t\t\t<\/div>\n\t\t\t\t<\/div>\n\t\t<div class=\"elementor-element elementor-element-f3c1ff5 e-con-full e-flex e-con e-child\" data-id=\"f3c1ff5\" data-element_type=\"container\" data-settings=\"{&quot;background_background&quot;:&quot;classic&quot;}\">\n\t\t\t\t<div class=\"elementor-element elementor-element-dcb72fa elementor-view-framed elementor-shape-circle elementor-widget elementor-widget-icon\" data-id=\"dcb72fa\" data-element_type=\"widget\" data-widget_type=\"icon.default\">\n\t\t\t\t<div class=\"elementor-widget-container\">\n\t\t\t\t\t\t\t<div class=\"elementor-icon-wrapper\">\n\t\t\t<div class=\"elementor-icon\">\n\t\t\t<i aria-hidden=\"true\" class=\"fas fa-hotel\"><\/i>\t\t\t<\/div>\n\t\t<\/div>\n\t\t\t\t\t\t<\/div>\n\t\t\t\t<\/div>\n\t\t\t\t<div class=\"elementor-element elementor-element-06cafc5 elementor-widget elementor-widget-heading\" data-id=\"06cafc5\" data-element_type=\"widget\" data-widget_type=\"heading.default\">\n\t\t\t\t<div class=\"elementor-widget-container\">\n\t\t\t\t\t<h2 class=\"elementor-heading-title elementor-size-default\">H\u00e9bergement<\/h2>\t\t\t\t<\/div>\n\t\t\t\t<\/div>\n\t\t\t\t<\/div>\n\t\t<div class=\"elementor-element elementor-element-d159a81 e-con-full e-flex e-con e-child\" data-id=\"d159a81\" data-element_type=\"container\" data-settings=\"{&quot;background_background&quot;:&quot;classic&quot;}\">\n\t\t\t\t<div class=\"elementor-element elementor-element-6d1b497 elementor-view-framed elementor-shape-circle elementor-widget elementor-widget-icon\" data-id=\"6d1b497\" data-element_type=\"widget\" data-widget_type=\"icon.default\">\n\t\t\t\t<div class=\"elementor-widget-container\">\n\t\t\t\t\t\t\t<div class=\"elementor-icon-wrapper\">\n\t\t\t<div class=\"elementor-icon\">\n\t\t\t<i aria-hidden=\"true\" class=\"fas fa-hospital\"><\/i>\t\t\t<\/div>\n\t\t<\/div>\n\t\t\t\t\t\t<\/div>\n\t\t\t\t<\/div>\n\t\t\t\t<div class=\"elementor-element elementor-element-a26da03 elementor-widget elementor-widget-heading\" data-id=\"a26da03\" data-element_type=\"widget\" data-widget_type=\"heading.default\">\n\t\t\t\t<div class=\"elementor-widget-container\">\n\t\t\t\t\t<h2 class=\"elementor-heading-title elementor-size-default\">H\u00f4pitaux de classe A<\/h2>\t\t\t\t<\/div>\n\t\t\t\t<\/div>\n\t\t\t\t<\/div>\n\t\t<div class=\"elementor-element elementor-element-27dba5d e-con-full e-flex e-con e-child\" data-id=\"27dba5d\" data-element_type=\"container\" data-settings=\"{&quot;background_background&quot;:&quot;classic&quot;}\">\n\t\t\t\t<div class=\"elementor-element elementor-element-8a03081 elementor-view-framed elementor-shape-circle elementor-widget elementor-widget-icon\" data-id=\"8a03081\" data-element_type=\"widget\" data-widget_type=\"icon.default\">\n\t\t\t\t<div class=\"elementor-widget-container\">\n\t\t\t\t\t\t\t<div class=\"elementor-icon-wrapper\">\n\t\t\t<div class=\"elementor-icon\">\n\t\t\t<i aria-hidden=\"true\" class=\"fas fa-award\"><\/i>\t\t\t<\/div>\n\t\t<\/div>\n\t\t\t\t\t\t<\/div>\n\t\t\t\t<\/div>\n\t\t\t\t<div class=\"elementor-element elementor-element-a0407e1 elementor-widget elementor-widget-heading\" data-id=\"a0407e1\" data-element_type=\"widget\" data-widget_type=\"heading.default\">\n\t\t\t\t<div class=\"elementor-widget-container\">\n\t\t\t\t\t<h2 class=\"elementor-heading-title elementor-size-default\">Certificats de garantie\n<\/h2>\t\t\t\t<\/div>\n\t\t\t\t<\/div>\n\t\t\t\t<\/div>\n\t\t\t\t\t<\/div>\n\t\t\t\t<\/div>\n\t\t\t\t<\/div>\n\t\t","protected":false},"excerpt":{"rendered":"<p>Orthop\u00e9die La clinique Aren est fi\u00e8re de ses services orthop\u00e9diques exceptionnels, propos\u00e9s en collaboration avec des h\u00f4pitaux prestigieux dans toute la Turquie. Prendre contact Orthop\u00e9die La clinique Aren est fi\u00e8re de ses services orthop\u00e9diques exceptionnels, propos\u00e9s en collaboration avec des h\u00f4pitaux prestigieux dans toute la Turquie. Nos chirurgiens orthop\u00e9distes experts et notre personnel m\u00e9dical s&rsquo;engagent [&hellip;]<\/p>\n","protected":false},"author":1,"featured_media":0,"parent":0,"menu_order":0,"comment_status":"closed","ping_status":"closed","template":"","meta":{"footnotes":""},"class_list":["post-2753","page","type-page","status-publish","hentry"],"_links":{"self":[{"href":"https:\/\/arenclinic.com\/fr\/wp-json\/wp\/v2\/pages\/2753","targetHints":{"allow":["GET"]}}],"collection":[{"href":"https:\/\/arenclinic.com\/fr\/wp-json\/wp\/v2\/pages"}],"about":[{"href":"https:\/\/arenclinic.com\/fr\/wp-json\/wp\/v2\/types\/page"}],"author":[{"embeddable":true,"href":"https:\/\/arenclinic.com\/fr\/wp-json\/wp\/v2\/users\/1"}],"replies":[{"embeddable":true,"href":"https:\/\/arenclinic.com\/fr\/wp-json\/wp\/v2\/comments?post=2753"}],"version-history":[{"count":3,"href":"https:\/\/arenclinic.com\/fr\/wp-json\/wp\/v2\/pages\/2753\/revisions"}],"predecessor-version":[{"id":2765,"href":"https:\/\/arenclinic.com\/fr\/wp-json\/wp\/v2\/pages\/2753\/revisions\/2765"}],"wp:attachment":[{"href":"https:\/\/arenclinic.com\/fr\/wp-json\/wp\/v2\/media?parent=2753"}],"curies":[{"name":"wp","href":"https:\/\/api.w.org\/{rel}","templated":true}]}}