{"id":2760,"date":"2023-12-06T14:44:23","date_gmt":"2023-12-06T11:44:23","guid":{"rendered":"https:\/\/arenclinic.com\/transplantation-dorganes\/"},"modified":"2023-12-07T15:20:28","modified_gmt":"2023-12-07T12:20:28","slug":"transplantation-dorganes","status":"publish","type":"page","link":"https:\/\/arenclinic.com\/fr\/transplantation-dorganes\/","title":{"rendered":"Transplantation d&rsquo;organes"},"content":{"rendered":"\t\t<div data-elementor-type=\"wp-page\" data-elementor-id=\"2760\" class=\"elementor elementor-2760 elementor-2640\" data-elementor-post-type=\"page\">\n\t\t\t\t<div class=\"elementor-element elementor-element-2fd63f5 e-flex e-con-boxed elementor-invisible e-con e-parent\" data-id=\"2fd63f5\" data-element_type=\"container\" data-settings=\"{&quot;background_background&quot;:&quot;classic&quot;,&quot;animation&quot;:&quot;slideInRight&quot;}\">\n\t\t\t\t\t<div class=\"e-con-inner\">\n\t\t\t\t<div class=\"elementor-element elementor-element-47712b6 elementor-widget-mobile__width-inherit elementor-widget elementor-widget-heading\" data-id=\"47712b6\" data-element_type=\"widget\" data-widget_type=\"heading.default\">\n\t\t\t\t<div class=\"elementor-widget-container\">\n\t\t\t\t\t<h1 class=\"elementor-heading-title elementor-size-default\">Transplantation d'organes<\/h1>\t\t\t\t<\/div>\n\t\t\t\t<\/div>\n\t\t\t\t<div class=\"elementor-element elementor-element-b5ad4fb elementor-widget elementor-widget-spacer\" data-id=\"b5ad4fb\" data-element_type=\"widget\" data-widget_type=\"spacer.default\">\n\t\t\t\t<div class=\"elementor-widget-container\">\n\t\t\t\t\t\t\t<div class=\"elementor-spacer\">\n\t\t\t<div class=\"elementor-spacer-inner\"><\/div>\n\t\t<\/div>\n\t\t\t\t\t\t<\/div>\n\t\t\t\t<\/div>\n\t\t\t\t<div class=\"elementor-element elementor-element-c3926c6 elementor-widget__width-initial elementor-widget-mobile__width-initial elementor-widget elementor-widget-text-editor\" data-id=\"c3926c6\" data-element_type=\"widget\" data-widget_type=\"text-editor.default\">\n\t\t\t\t<div class=\"elementor-widget-container\">\n\t\t\t\t\t\t\t\t\t<p>Pr\u00e9sentation de la clinique Aren : Votre porte d&rsquo;entr\u00e9e pour un tourisme m\u00e9dical exceptionnel en Turquie<\/p>\n\t\t\t\t\t\t\t\t<\/div>\n\t\t\t\t<\/div>\n\t\t\t\t<div class=\"elementor-element elementor-element-2ee9b6b elementor-widget elementor-widget-spacer\" data-id=\"2ee9b6b\" data-element_type=\"widget\" data-widget_type=\"spacer.default\">\n\t\t\t\t<div class=\"elementor-widget-container\">\n\t\t\t\t\t\t\t<div class=\"elementor-spacer\">\n\t\t\t<div class=\"elementor-spacer-inner\"><\/div>\n\t\t<\/div>\n\t\t\t\t\t\t<\/div>\n\t\t\t\t<\/div>\n\t\t\t\t<div class=\"elementor-element elementor-element-c3f35c5 elementor-widget elementor-widget-spacer\" data-id=\"c3f35c5\" data-element_type=\"widget\" data-widget_type=\"spacer.default\">\n\t\t\t\t<div class=\"elementor-widget-container\">\n\t\t\t\t\t\t\t<div class=\"elementor-spacer\">\n\t\t\t<div class=\"elementor-spacer-inner\"><\/div>\n\t\t<\/div>\n\t\t\t\t\t\t<\/div>\n\t\t\t\t<\/div>\n\t\t\t\t<div class=\"elementor-element elementor-element-1e843de elementor-align-right elementor-mobile-align-center elementor-widget elementor-widget-button\" data-id=\"1e843de\" data-element_type=\"widget\" data-widget_type=\"button.default\">\n\t\t\t\t<div class=\"elementor-widget-container\">\n\t\t\t\t\t\t\t\t\t<div class=\"elementor-button-wrapper\">\n\t\t\t\t\t<a class=\"elementor-button elementor-button-link elementor-size-lg\" href=\"#elementor-action%3Aaction%3Dpopup%3Aopen%26settings%3DeyJpZCI6MTk0NywidG9nZ2xlIjpmYWxzZX0%3D\">\n\t\t\t\t\t\t<span class=\"elementor-button-content-wrapper\">\n\t\t\t\t\t\t\t\t\t<span class=\"elementor-button-text\">Prendre contact<\/span>\n\t\t\t\t\t<\/span>\n\t\t\t\t\t<\/a>\n\t\t\t\t<\/div>\n\t\t\t\t\t\t\t\t<\/div>\n\t\t\t\t<\/div>\n\t\t\t\t\t<\/div>\n\t\t\t\t<\/div>\n\t\t<div class=\"elementor-element elementor-element-7ee8efc e-flex e-con-boxed e-con e-parent\" data-id=\"7ee8efc\" data-element_type=\"container\">\n\t\t\t\t\t<div class=\"e-con-inner\">\n\t\t<div class=\"elementor-element elementor-element-aafdcca e-con-full e-flex e-con e-child\" data-id=\"aafdcca\" data-element_type=\"container\">\n\t\t\t\t<div class=\"elementor-element elementor-element-02fca3a elementor-widget elementor-widget-heading\" data-id=\"02fca3a\" data-element_type=\"widget\" data-widget_type=\"heading.default\">\n\t\t\t\t<div class=\"elementor-widget-container\">\n\t\t\t\t\t<h2 class=\"elementor-heading-title elementor-size-default\">Transplantation d'organes<\/h2>\t\t\t\t<\/div>\n\t\t\t\t<\/div>\n\t\t\t\t<div class=\"elementor-element elementor-element-8523c05 elementor-widget elementor-widget-text-editor\" data-id=\"8523c05\" data-element_type=\"widget\" data-widget_type=\"text-editor.default\">\n\t\t\t\t<div class=\"elementor-widget-container\">\n\t\t\t\t\t\t\t\t\t<p>Bienvenue \u00e0 la Clinique Aren, votre premi\u00e8re destination pour des services de tourisme m\u00e9dical de classe mondiale en Turquie. Forts d&rsquo;une r\u00e9putation fond\u00e9e sur l&rsquo;excellence et la confiance, nous avons \u00e9tabli des partenariats avec des h\u00f4pitaux renomm\u00e9s de haut niveau dans tout le pays. \u00c0 la clinique Aren, nous sommes sp\u00e9cialis\u00e9s dans la fourniture d&rsquo;une gamme compl\u00e8te de proc\u00e9dures de transplantation d&rsquo;organes, offrant des solutions m\u00e9dicales de pointe \u00e0 des personnes du monde entier.<\/p>\n\t\t\t\t\t\t\t\t<\/div>\n\t\t\t\t<\/div>\n\t\t\t\t<\/div>\n\t\t<div class=\"elementor-element elementor-element-6c2c87d e-con-full e-flex e-con e-child\" data-id=\"6c2c87d\" data-element_type=\"container\">\n\t\t\t\t<div class=\"elementor-element elementor-element-640b3b1 elementor-widget elementor-widget-image\" data-id=\"640b3b1\" data-element_type=\"widget\" data-widget_type=\"image.default\">\n\t\t\t\t<div class=\"elementor-widget-container\">\n\t\t\t\t\t\t\t\t\t\t\t\t\t\t\t<img fetchpriority=\"high\" decoding=\"async\" width=\"800\" height=\"534\" src=\"https:\/\/arenclinic.com\/wp-content\/uploads\/2023\/12\/Organ-Transplantation.webp\" class=\"attachment-large size-large wp-image-2651\" alt=\"\" srcset=\"https:\/\/arenclinic.com\/wp-content\/uploads\/2023\/12\/Organ-Transplantation.webp 900w, https:\/\/arenclinic.com\/wp-content\/uploads\/2023\/12\/Organ-Transplantation-300x200.webp 300w, https:\/\/arenclinic.com\/wp-content\/uploads\/2023\/12\/Organ-Transplantation-768x513.webp 768w\" sizes=\"(max-width: 800px) 100vw, 800px\" \/>\t\t\t\t\t\t\t\t\t\t\t\t\t\t\t<\/div>\n\t\t\t\t<\/div>\n\t\t\t\t<\/div>\n\t\t\t\t\t<\/div>\n\t\t\t\t<\/div>\n\t\t<div class=\"elementor-element elementor-element-3515d8d e-flex e-con-boxed e-con e-parent\" data-id=\"3515d8d\" data-element_type=\"container\">\n\t\t\t\t\t<div class=\"e-con-inner\">\n\t\t<div class=\"elementor-element elementor-element-09092cc e-con-full e-flex e-con e-child\" data-id=\"09092cc\" data-element_type=\"container\">\n\t\t\t\t<div class=\"elementor-element elementor-element-a93c1b2 elementor-widget elementor-widget-heading\" data-id=\"a93c1b2\" data-element_type=\"widget\" data-widget_type=\"heading.default\">\n\t\t\t\t<div class=\"elementor-widget-container\">\n\t\t\t\t\t<h2 class=\"elementor-heading-title elementor-size-default\">Pourquoi choisir la clinique Aren pour la transplantation d'organes ?<\/h2>\t\t\t\t<\/div>\n\t\t\t\t<\/div>\n\t\t\t\t<div class=\"elementor-element elementor-element-4106877 elementor-widget elementor-widget-heading\" data-id=\"4106877\" data-element_type=\"widget\" data-widget_type=\"heading.default\">\n\t\t\t\t<div class=\"elementor-widget-container\">\n\t\t\t\t\t<h3 class=\"elementor-heading-title elementor-size-default\">Une expertise m\u00e9dicale in\u00e9gal\u00e9e :  <\/h3>\t\t\t\t<\/div>\n\t\t\t\t<\/div>\n\t\t\t\t<div class=\"elementor-element elementor-element-e761448 elementor-widget elementor-widget-text-editor\" data-id=\"e761448\" data-element_type=\"widget\" data-widget_type=\"text-editor.default\">\n\t\t\t\t<div class=\"elementor-widget-container\">\n\t\t\t\t\t\t\t\t\t<p>Notre r\u00e9seau d&rsquo;h\u00f4pitaux dispose d&rsquo;une \u00e9quipe de chirurgiens, de m\u00e9decins et de professionnels de la sant\u00e9 hautement qualifi\u00e9s et exp\u00e9riment\u00e9s, sp\u00e9cialis\u00e9s dans la transplantation d&rsquo;organes. Soyez assur\u00e9 que vos soins seront entre les mains de professionnels qui sont \u00e0 la pointe de leurs domaines respectifs.<\/p>\n\t\t\t\t\t\t\t\t<\/div>\n\t\t\t\t<\/div>\n\t\t\t\t<\/div>\n\t\t\t\t\t<\/div>\n\t\t\t\t<\/div>\n\t\t<div class=\"elementor-element elementor-element-e49f78f e-flex e-con-boxed e-con e-parent\" data-id=\"e49f78f\" data-element_type=\"container\">\n\t\t\t\t\t<div class=\"e-con-inner\">\n\t\t\t\t<div class=\"elementor-element elementor-element-f8d3836 elementor-widget elementor-widget-heading\" data-id=\"f8d3836\" data-element_type=\"widget\" data-widget_type=\"heading.default\">\n\t\t\t\t<div class=\"elementor-widget-container\">\n\t\t\t\t\t<h3 class=\"elementor-heading-title elementor-size-default\">Des installations ultramodernes :  <\/h3>\t\t\t\t<\/div>\n\t\t\t\t<\/div>\n\t\t\t\t<div class=\"elementor-element elementor-element-0921eae elementor-widget elementor-widget-text-editor\" data-id=\"0921eae\" data-element_type=\"widget\" data-widget_type=\"text-editor.default\">\n\t\t\t\t<div class=\"elementor-widget-container\">\n\t\t\t\t\t\t\t\t\t<p>Nous avons soigneusement s\u00e9lectionn\u00e9 nos h\u00f4pitaux partenaires afin de nous assurer qu&rsquo;ils respectent les normes internationales les plus \u00e9lev\u00e9es. \u00c9quip\u00e9es des derni\u00e8res technologies et infrastructures m\u00e9dicales, nos installations offrent un environnement s\u00fbr et confortable pour votre traitement.<\/p>\n\t\t\t\t\t\t\t\t<\/div>\n\t\t\t\t<\/div>\n\t\t\t\t\t<\/div>\n\t\t\t\t<\/div>\n\t\t<div class=\"elementor-element elementor-element-27b671b e-flex e-con-boxed e-con e-parent\" data-id=\"27b671b\" data-element_type=\"container\">\n\t\t\t\t\t<div class=\"e-con-inner\">\n\t\t\t\t<div class=\"elementor-element elementor-element-53b9c08 elementor-widget elementor-widget-heading\" data-id=\"53b9c08\" data-element_type=\"widget\" data-widget_type=\"heading.default\">\n\t\t\t\t<div class=\"elementor-widget-container\">\n\t\t\t\t\t<h3 class=\"elementor-heading-title elementor-size-default\">Plans de traitement sur mesure :  <\/h3>\t\t\t\t<\/div>\n\t\t\t\t<\/div>\n\t\t\t\t<div class=\"elementor-element elementor-element-3ead369 elementor-widget elementor-widget-text-editor\" data-id=\"3ead369\" data-element_type=\"widget\" data-widget_type=\"text-editor.default\">\n\t\t\t\t<div class=\"elementor-widget-container\">\n\t\t\t\t\t\t\t\t\t<p>\u00c0 la clinique Aren, nous reconnaissons que les besoins m\u00e9dicaux de chaque patient sont uniques. Notre \u00e9quipe d\u00e9vou\u00e9e travaillera en \u00e9troite collaboration avec vous pour comprendre vos besoins et \u00e9laborer des plans de traitement personnalis\u00e9s qui donnent la priorit\u00e9 \u00e0 votre bien-\u00eatre et \u00e0 votre sant\u00e9 \u00e0 long terme.<\/p>\n\t\t\t\t\t\t\t\t<\/div>\n\t\t\t\t<\/div>\n\t\t\t\t\t<\/div>\n\t\t\t\t<\/div>\n\t\t<div class=\"elementor-element elementor-element-f1ad9d4 e-flex e-con-boxed e-con e-parent\" data-id=\"f1ad9d4\" data-element_type=\"container\">\n\t\t\t\t\t<div class=\"e-con-inner\">\n\t\t\t\t<div class=\"elementor-element elementor-element-4cbc37a elementor-widget elementor-widget-heading\" data-id=\"4cbc37a\" data-element_type=\"widget\" data-widget_type=\"heading.default\">\n\t\t\t\t<div class=\"elementor-widget-container\">\n\t\t\t\t\t<h3 class=\"elementor-heading-title elementor-size-default\">Soins et soutien complets :  <\/h3>\t\t\t\t<\/div>\n\t\t\t\t<\/div>\n\t\t\t\t<div class=\"elementor-element elementor-element-4e324be elementor-widget elementor-widget-text-editor\" data-id=\"4e324be\" data-element_type=\"widget\" data-widget_type=\"text-editor.default\">\n\t\t\t\t<div class=\"elementor-widget-container\">\n\t\t\t\t\t\t\t\t\t<p>Nous comprenons que la transplantation d&rsquo;un organe peut \u00eatre une exp\u00e9rience \u00e9motionnelle et difficile. De la consultation initiale aux soins postop\u00e9ratoires, notre personnel compatissant sera \u00e0 vos c\u00f4t\u00e9s, vous offrant des conseils, un soutien et des soins exceptionnels \u00e0 chaque \u00e9tape du processus.<\/p>\n\t\t\t\t\t\t\t\t<\/div>\n\t\t\t\t<\/div>\n\t\t\t\t\t<\/div>\n\t\t\t\t<\/div>\n\t\t<div class=\"elementor-element elementor-element-58680de e-flex e-con-boxed e-con e-parent\" data-id=\"58680de\" data-element_type=\"container\">\n\t\t\t\t\t<div class=\"e-con-inner\">\n\t\t\t\t<div class=\"elementor-element elementor-element-8896b46 elementor-widget elementor-widget-heading\" data-id=\"8896b46\" data-element_type=\"widget\" data-widget_type=\"heading.default\">\n\t\t\t\t<div class=\"elementor-widget-container\">\n\t\t\t\t\t<h3 class=\"elementor-heading-title elementor-size-default\">L'excellence \u00e0 un prix abordable :  <\/h3>\t\t\t\t<\/div>\n\t\t\t\t<\/div>\n\t\t\t\t<div class=\"elementor-element elementor-element-38fd87d elementor-widget elementor-widget-text-editor\" data-id=\"38fd87d\" data-element_type=\"widget\" data-widget_type=\"text-editor.default\">\n\t\t\t\t<div class=\"elementor-widget-container\">\n\t\t\t\t\t\t\t\t\t<p>La clinique Aren estime que des services m\u00e9dicaux de premier ordre doivent \u00eatre accessibles \u00e0 tous. Gr\u00e2ce \u00e0 nos prix comp\u00e9titifs et \u00e0 nos structures tarifaires transparentes, nous nous effor\u00e7ons de rendre la transplantation d&rsquo;organes abordable sans compromettre la qualit\u00e9. Nous nous engageons \u00e0 vous offrir une valeur exceptionnelle pour votre investissement dans votre sant\u00e9 et votre bien-\u00eatre.<\/p>\n\t\t\t\t\t\t\t\t<\/div>\n\t\t\t\t<\/div>\n\t\t\t\t\t<\/div>\n\t\t\t\t<\/div>\n\t\t<div class=\"elementor-element elementor-element-0c4b428 e-flex e-con-boxed e-con e-parent\" data-id=\"0c4b428\" data-element_type=\"container\">\n\t\t\t\t\t<div class=\"e-con-inner\">\n\t\t\t\t<div class=\"elementor-element elementor-element-e00b673 elementor-widget elementor-widget-heading\" data-id=\"e00b673\" data-element_type=\"widget\" data-widget_type=\"heading.default\">\n\t\t\t\t<div class=\"elementor-widget-container\">\n\t\t\t\t\t<h3 class=\"elementor-heading-title elementor-size-default\">Une exp\u00e9rience inoubliable du tourisme m\u00e9dical :  <\/h3>\t\t\t\t<\/div>\n\t\t\t\t<\/div>\n\t\t\t\t<div class=\"elementor-element elementor-element-26d02f9 elementor-widget elementor-widget-text-editor\" data-id=\"26d02f9\" data-element_type=\"widget\" data-widget_type=\"text-editor.default\">\n\t\t\t\t<div class=\"elementor-widget-container\">\n\t\t\t\t\t\t\t\t\t<p>La Turquie est r\u00e9put\u00e9e pour son histoire riche, ses paysages \u00e9poustouflants et son hospitalit\u00e9 chaleureuse. En choisissant la clinique Aren, vous recevrez non seulement des soins m\u00e9dicaux de premier ordre, mais vous aurez \u00e9galement l&rsquo;occasion d&rsquo;explorer ce pays captivant et de cr\u00e9er des souvenirs inoubliables tout au long de votre parcours de gu\u00e9rison.<\/p>\n\t\t\t\t\t\t\t\t<\/div>\n\t\t\t\t<\/div>\n\t\t\t\t\t<\/div>\n\t\t\t\t<\/div>\n\t\t<div class=\"elementor-element elementor-element-fed5227 e-flex e-con-boxed e-con e-parent\" data-id=\"fed5227\" data-element_type=\"container\" data-settings=\"{&quot;background_background&quot;:&quot;classic&quot;}\">\n\t\t\t\t\t<div class=\"e-con-inner\">\n\t\t\t\t<div class=\"elementor-element elementor-element-f7633ea elementor-widget elementor-widget-image\" data-id=\"f7633ea\" data-element_type=\"widget\" data-widget_type=\"image.default\">\n\t\t\t\t<div class=\"elementor-widget-container\">\n\t\t\t\t\t\t\t\t\t\t\t\t\t\t\t<img decoding=\"async\" width=\"500\" height=\"103\" src=\"https:\/\/arenclinic.com\/wp-content\/uploads\/2023\/10\/logo-500.png\" class=\"attachment-large size-large wp-image-1412\" alt=\"\" srcset=\"https:\/\/arenclinic.com\/wp-content\/uploads\/2023\/10\/logo-500.png 500w, https:\/\/arenclinic.com\/wp-content\/uploads\/2023\/10\/logo-500-300x62.png 300w\" sizes=\"(max-width: 500px) 100vw, 500px\" \/>\t\t\t\t\t\t\t\t\t\t\t\t\t\t\t<\/div>\n\t\t\t\t<\/div>\n\t\t\t\t<div class=\"elementor-element elementor-element-6c87d0e elementor-widget elementor-widget-heading\" data-id=\"6c87d0e\" data-element_type=\"widget\" data-widget_type=\"heading.default\">\n\t\t\t\t<div class=\"elementor-widget-container\">\n\t\t\t\t\t<p class=\"elementor-heading-title elementor-size-default\">Embarquez pour votre voyage avec Aren Clinic<\/p>\t\t\t\t<\/div>\n\t\t\t\t<\/div>\n\t\t\t\t\t<\/div>\n\t\t\t\t<\/div>\n\t\t<div class=\"elementor-element elementor-element-d0a5b3a e-flex e-con-boxed e-con e-parent\" data-id=\"d0a5b3a\" data-element_type=\"container\">\n\t\t\t\t\t<div class=\"e-con-inner\">\n\t\t<div class=\"elementor-element elementor-element-eee0787 e-con-full e-flex e-con e-child\" data-id=\"eee0787\" data-element_type=\"container\">\n\t\t\t\t<div class=\"elementor-element elementor-element-603decb elementor-widget elementor-widget-text-editor\" data-id=\"603decb\" data-element_type=\"widget\" data-widget_type=\"text-editor.default\">\n\t\t\t\t<div class=\"elementor-widget-container\">\n\t\t\t\t\t\t\t\t\t<p>\u00c0 la clinique Aren, nous comprenons l&rsquo;importance de la transplantation d&rsquo;organes pour transformer des vies. Nous nous engageons \u00e0 faire en sorte que votre exp\u00e9rience soit transparente, s\u00fbre et r\u00e9ussie. Faites-nous confiance pour vous guider dans un voyage m\u00e9dical qui changera votre vie, en associant des soins de sant\u00e9 exceptionnels \u00e0 une exp\u00e9rience de voyage inoubliable.<\/p>\n<p>Contactez-nous d\u00e8s aujourd&rsquo;hui pour vous engager sur la voie d&rsquo;une sant\u00e9 et d&rsquo;une vitalit\u00e9 renouvel\u00e9es. Aren Clinic, o\u00f9 l&rsquo;excellence rencontre la compassion, et o\u00f9 votre bien-\u00eatre est notre priorit\u00e9 absolue.<\/p>\n\t\t\t\t\t\t\t\t<\/div>\n\t\t\t\t<\/div>\n\t\t\t\t<\/div>\n\t\t\t\t\t<\/div>\n\t\t\t\t<\/div>\n\t\t<div class=\"elementor-element elementor-element-715e007 e-flex e-con-boxed e-con e-parent\" data-id=\"715e007\" data-element_type=\"container\">\n\t\t\t\t\t<div class=\"e-con-inner\">\n\t\t\t\t<div class=\"elementor-element elementor-element-f400230 elementor-widget elementor-widget-heading\" data-id=\"f400230\" data-element_type=\"widget\" data-widget_type=\"heading.default\">\n\t\t\t\t<div class=\"elementor-widget-container\">\n\t\t\t\t\t<h2 class=\"elementor-heading-title elementor-size-default\">Services<\/h2>\t\t\t\t<\/div>\n\t\t\t\t<\/div>\n\t\t\t\t<div class=\"elementor-element elementor-element-369ac96 elementor-widget elementor-widget-text-editor\" data-id=\"369ac96\" data-element_type=\"widget\" data-widget_type=\"text-editor.default\">\n\t\t\t\t<div class=\"elementor-widget-container\">\n\t\t\t\t\t\t\t\t\t<p>\u00c0 la clinique Aren, nous nous effor\u00e7ons de faire en sorte que nos patients aient une exp\u00e9rience de vie unique gr\u00e2ce \u00e0 un ensemble de services distinctifs que nous fournissons.<\/p>\n\t\t\t\t\t\t\t\t<\/div>\n\t\t\t\t<\/div>\n\t\t\t\t\t<\/div>\n\t\t\t\t<\/div>\n\t\t<div class=\"elementor-element elementor-element-a7ae4b1 e-flex e-con-boxed e-con e-parent\" data-id=\"a7ae4b1\" data-element_type=\"container\">\n\t\t\t\t\t<div class=\"e-con-inner\">\n\t\t<div class=\"elementor-element elementor-element-76fa059 e-con-full e-flex e-con e-child\" data-id=\"76fa059\" data-element_type=\"container\" data-settings=\"{&quot;background_background&quot;:&quot;classic&quot;}\">\n\t\t\t\t<div class=\"elementor-element elementor-element-5a53af1 elementor-view-framed elementor-shape-circle elementor-widget elementor-widget-icon\" data-id=\"5a53af1\" data-element_type=\"widget\" data-widget_type=\"icon.default\">\n\t\t\t\t<div class=\"elementor-widget-container\">\n\t\t\t\t\t\t\t<div class=\"elementor-icon-wrapper\">\n\t\t\t<div class=\"elementor-icon\">\n\t\t\t<i aria-hidden=\"true\" class=\"fas fa-car\"><\/i>\t\t\t<\/div>\n\t\t<\/div>\n\t\t\t\t\t\t<\/div>\n\t\t\t\t<\/div>\n\t\t\t\t<div class=\"elementor-element elementor-element-96333b7 elementor-widget elementor-widget-heading\" data-id=\"96333b7\" data-element_type=\"widget\" data-widget_type=\"heading.default\">\n\t\t\t\t<div class=\"elementor-widget-container\">\n\t\t\t\t\t<h2 class=\"elementor-heading-title elementor-size-default\">Transport<\/h2>\t\t\t\t<\/div>\n\t\t\t\t<\/div>\n\t\t\t\t<\/div>\n\t\t<div class=\"elementor-element elementor-element-d4aa063 e-con-full e-flex e-con e-child\" data-id=\"d4aa063\" data-element_type=\"container\" data-settings=\"{&quot;background_background&quot;:&quot;classic&quot;}\">\n\t\t\t\t<div class=\"elementor-element elementor-element-6192e04 elementor-view-framed elementor-shape-circle elementor-widget elementor-widget-icon\" data-id=\"6192e04\" data-element_type=\"widget\" data-widget_type=\"icon.default\">\n\t\t\t\t<div class=\"elementor-widget-container\">\n\t\t\t\t\t\t\t<div class=\"elementor-icon-wrapper\">\n\t\t\t<div class=\"elementor-icon\">\n\t\t\t<i aria-hidden=\"true\" class=\"fas fa-language\"><\/i>\t\t\t<\/div>\n\t\t<\/div>\n\t\t\t\t\t\t<\/div>\n\t\t\t\t<\/div>\n\t\t\t\t<div class=\"elementor-element elementor-element-a1bb542 elementor-widget elementor-widget-heading\" data-id=\"a1bb542\" data-element_type=\"widget\" data-widget_type=\"heading.default\">\n\t\t\t\t<div class=\"elementor-widget-container\">\n\t\t\t\t\t<h2 class=\"elementor-heading-title elementor-size-default\">Traduction<\/h2>\t\t\t\t<\/div>\n\t\t\t\t<\/div>\n\t\t\t\t<\/div>\n\t\t<div class=\"elementor-element elementor-element-893f3e9 e-con-full e-flex e-con e-child\" data-id=\"893f3e9\" data-element_type=\"container\" data-settings=\"{&quot;background_background&quot;:&quot;classic&quot;}\">\n\t\t\t\t<div class=\"elementor-element elementor-element-cadc2dc elementor-view-framed elementor-shape-circle elementor-widget elementor-widget-icon\" data-id=\"cadc2dc\" data-element_type=\"widget\" data-widget_type=\"icon.default\">\n\t\t\t\t<div class=\"elementor-widget-container\">\n\t\t\t\t\t\t\t<div class=\"elementor-icon-wrapper\">\n\t\t\t<div class=\"elementor-icon\">\n\t\t\t<i aria-hidden=\"true\" class=\"fas fa-hotel\"><\/i>\t\t\t<\/div>\n\t\t<\/div>\n\t\t\t\t\t\t<\/div>\n\t\t\t\t<\/div>\n\t\t\t\t<div class=\"elementor-element elementor-element-8c3e6b9 elementor-widget elementor-widget-heading\" data-id=\"8c3e6b9\" data-element_type=\"widget\" data-widget_type=\"heading.default\">\n\t\t\t\t<div class=\"elementor-widget-container\">\n\t\t\t\t\t<h2 class=\"elementor-heading-title elementor-size-default\">H\u00e9bergement<\/h2>\t\t\t\t<\/div>\n\t\t\t\t<\/div>\n\t\t\t\t<\/div>\n\t\t<div class=\"elementor-element elementor-element-5792e02 e-con-full e-flex e-con e-child\" data-id=\"5792e02\" data-element_type=\"container\" data-settings=\"{&quot;background_background&quot;:&quot;classic&quot;}\">\n\t\t\t\t<div class=\"elementor-element elementor-element-2f8cf9e elementor-view-framed elementor-shape-circle elementor-widget elementor-widget-icon\" data-id=\"2f8cf9e\" data-element_type=\"widget\" data-widget_type=\"icon.default\">\n\t\t\t\t<div class=\"elementor-widget-container\">\n\t\t\t\t\t\t\t<div class=\"elementor-icon-wrapper\">\n\t\t\t<div class=\"elementor-icon\">\n\t\t\t<i aria-hidden=\"true\" class=\"fas fa-hospital\"><\/i>\t\t\t<\/div>\n\t\t<\/div>\n\t\t\t\t\t\t<\/div>\n\t\t\t\t<\/div>\n\t\t\t\t<div class=\"elementor-element elementor-element-9502d3d elementor-widget elementor-widget-heading\" data-id=\"9502d3d\" data-element_type=\"widget\" data-widget_type=\"heading.default\">\n\t\t\t\t<div class=\"elementor-widget-container\">\n\t\t\t\t\t<h2 class=\"elementor-heading-title elementor-size-default\">H\u00f4pitaux de classe A<\/h2>\t\t\t\t<\/div>\n\t\t\t\t<\/div>\n\t\t\t\t<\/div>\n\t\t<div class=\"elementor-element elementor-element-ee07d0a e-con-full e-flex e-con e-child\" data-id=\"ee07d0a\" data-element_type=\"container\" data-settings=\"{&quot;background_background&quot;:&quot;classic&quot;}\">\n\t\t\t\t<div class=\"elementor-element elementor-element-a4b427b elementor-view-framed elementor-shape-circle elementor-widget elementor-widget-icon\" data-id=\"a4b427b\" data-element_type=\"widget\" data-widget_type=\"icon.default\">\n\t\t\t\t<div class=\"elementor-widget-container\">\n\t\t\t\t\t\t\t<div class=\"elementor-icon-wrapper\">\n\t\t\t<div class=\"elementor-icon\">\n\t\t\t<i aria-hidden=\"true\" class=\"fas fa-award\"><\/i>\t\t\t<\/div>\n\t\t<\/div>\n\t\t\t\t\t\t<\/div>\n\t\t\t\t<\/div>\n\t\t\t\t<div class=\"elementor-element elementor-element-929471b elementor-widget elementor-widget-heading\" data-id=\"929471b\" data-element_type=\"widget\" data-widget_type=\"heading.default\">\n\t\t\t\t<div class=\"elementor-widget-container\">\n\t\t\t\t\t<h2 class=\"elementor-heading-title elementor-size-default\">Certificats de garantie\n<\/h2>\t\t\t\t<\/div>\n\t\t\t\t<\/div>\n\t\t\t\t<\/div>\n\t\t\t\t\t<\/div>\n\t\t\t\t<\/div>\n\t\t\t\t<\/div>\n\t\t","protected":false},"excerpt":{"rendered":"<p>Transplantation d&rsquo;organes Pr\u00e9sentation de la clinique Aren : Votre porte d&rsquo;entr\u00e9e pour un tourisme m\u00e9dical exceptionnel en Turquie Prendre contact Transplantation d&rsquo;organes Bienvenue \u00e0 la Clinique Aren, votre premi\u00e8re destination pour des services de tourisme m\u00e9dical de classe mondiale en Turquie. Forts d&rsquo;une r\u00e9putation fond\u00e9e sur l&rsquo;excellence et la confiance, nous avons \u00e9tabli des partenariats [&hellip;]<\/p>\n","protected":false},"author":1,"featured_media":0,"parent":0,"menu_order":0,"comment_status":"closed","ping_status":"closed","template":"","meta":{"footnotes":""},"class_list":["post-2760","page","type-page","status-publish","hentry"],"_links":{"self":[{"href":"https:\/\/arenclinic.com\/fr\/wp-json\/wp\/v2\/pages\/2760","targetHints":{"allow":["GET"]}}],"collection":[{"href":"https:\/\/arenclinic.com\/fr\/wp-json\/wp\/v2\/pages"}],"about":[{"href":"https:\/\/arenclinic.com\/fr\/wp-json\/wp\/v2\/types\/page"}],"author":[{"embeddable":true,"href":"https:\/\/arenclinic.com\/fr\/wp-json\/wp\/v2\/users\/1"}],"replies":[{"embeddable":true,"href":"https:\/\/arenclinic.com\/fr\/wp-json\/wp\/v2\/comments?post=2760"}],"version-history":[{"count":3,"href":"https:\/\/arenclinic.com\/fr\/wp-json\/wp\/v2\/pages\/2760\/revisions"}],"predecessor-version":[{"id":2778,"href":"https:\/\/arenclinic.com\/fr\/wp-json\/wp\/v2\/pages\/2760\/revisions\/2778"}],"wp:attachment":[{"href":"https:\/\/arenclinic.com\/fr\/wp-json\/wp\/v2\/media?parent=2760"}],"curies":[{"name":"wp","href":"https:\/\/api.w.org\/{rel}","templated":true}]}}