{"id":2762,"date":"2023-12-06T14:00:50","date_gmt":"2023-12-06T11:00:50","guid":{"rendered":"https:\/\/arenclinic.com\/cardiologie\/"},"modified":"2023-12-07T15:20:26","modified_gmt":"2023-12-07T12:20:26","slug":"cardiologie","status":"publish","type":"page","link":"https:\/\/arenclinic.com\/fr\/cardiologie\/","title":{"rendered":"Cardiologie"},"content":{"rendered":"\t\t<div data-elementor-type=\"wp-page\" data-elementor-id=\"2762\" class=\"elementor elementor-2762 elementor-2574\" data-elementor-post-type=\"page\">\n\t\t\t\t<div class=\"elementor-element elementor-element-09cc79c e-flex e-con-boxed elementor-invisible e-con e-parent\" data-id=\"09cc79c\" data-element_type=\"container\" data-settings=\"{&quot;background_background&quot;:&quot;classic&quot;,&quot;animation&quot;:&quot;slideInRight&quot;}\">\n\t\t\t\t\t<div class=\"e-con-inner\">\n\t\t\t\t<div class=\"elementor-element elementor-element-f4d89e2 elementor-widget-mobile__width-inherit elementor-widget elementor-widget-heading\" data-id=\"f4d89e2\" data-element_type=\"widget\" data-widget_type=\"heading.default\">\n\t\t\t\t<div class=\"elementor-widget-container\">\n\t\t\t\t\t<h1 class=\"elementor-heading-title elementor-size-default\">Cardiologie<\/h1>\t\t\t\t<\/div>\n\t\t\t\t<\/div>\n\t\t\t\t<div class=\"elementor-element elementor-element-f275141 elementor-widget elementor-widget-spacer\" data-id=\"f275141\" data-element_type=\"widget\" data-widget_type=\"spacer.default\">\n\t\t\t\t<div class=\"elementor-widget-container\">\n\t\t\t\t\t\t\t<div class=\"elementor-spacer\">\n\t\t\t<div class=\"elementor-spacer-inner\"><\/div>\n\t\t<\/div>\n\t\t\t\t\t\t<\/div>\n\t\t\t\t<\/div>\n\t\t\t\t<div class=\"elementor-element elementor-element-c1f88d8 elementor-widget__width-initial elementor-widget-mobile__width-initial elementor-widget elementor-widget-text-editor\" data-id=\"c1f88d8\" data-element_type=\"widget\" data-widget_type=\"text-editor.default\">\n\t\t\t\t<div class=\"elementor-widget-container\">\n\t\t\t\t\t\t\t\t\t<p>\u00c0 la clinique Aren, nous offrons des services de cardiologie exceptionnels en partenariat avec des h\u00f4pitaux renomm\u00e9s dans toute la Turquie.<\/p>\n\t\t\t\t\t\t\t\t<\/div>\n\t\t\t\t<\/div>\n\t\t\t\t<div class=\"elementor-element elementor-element-c80381f elementor-widget elementor-widget-spacer\" data-id=\"c80381f\" data-element_type=\"widget\" data-widget_type=\"spacer.default\">\n\t\t\t\t<div class=\"elementor-widget-container\">\n\t\t\t\t\t\t\t<div class=\"elementor-spacer\">\n\t\t\t<div class=\"elementor-spacer-inner\"><\/div>\n\t\t<\/div>\n\t\t\t\t\t\t<\/div>\n\t\t\t\t<\/div>\n\t\t\t\t<div class=\"elementor-element elementor-element-2957904 elementor-widget elementor-widget-spacer\" data-id=\"2957904\" data-element_type=\"widget\" data-widget_type=\"spacer.default\">\n\t\t\t\t<div class=\"elementor-widget-container\">\n\t\t\t\t\t\t\t<div class=\"elementor-spacer\">\n\t\t\t<div class=\"elementor-spacer-inner\"><\/div>\n\t\t<\/div>\n\t\t\t\t\t\t<\/div>\n\t\t\t\t<\/div>\n\t\t\t\t<div class=\"elementor-element elementor-element-190a0ff elementor-align-right elementor-mobile-align-center elementor-widget elementor-widget-button\" data-id=\"190a0ff\" data-element_type=\"widget\" data-widget_type=\"button.default\">\n\t\t\t\t<div class=\"elementor-widget-container\">\n\t\t\t\t\t\t\t\t\t<div class=\"elementor-button-wrapper\">\n\t\t\t\t\t<a class=\"elementor-button elementor-button-link elementor-size-lg\" href=\"#elementor-action%3Aaction%3Dpopup%3Aopen%26settings%3DeyJpZCI6MTk0NywidG9nZ2xlIjpmYWxzZX0%3D\">\n\t\t\t\t\t\t<span class=\"elementor-button-content-wrapper\">\n\t\t\t\t\t\t\t\t\t<span class=\"elementor-button-text\">Prendre contact<\/span>\n\t\t\t\t\t<\/span>\n\t\t\t\t\t<\/a>\n\t\t\t\t<\/div>\n\t\t\t\t\t\t\t\t<\/div>\n\t\t\t\t<\/div>\n\t\t\t\t\t<\/div>\n\t\t\t\t<\/div>\n\t\t<div class=\"elementor-element elementor-element-70f40b8 e-flex e-con-boxed e-con e-parent\" data-id=\"70f40b8\" data-element_type=\"container\">\n\t\t\t\t\t<div class=\"e-con-inner\">\n\t\t<div class=\"elementor-element elementor-element-0da5b88 e-con-full e-flex e-con e-child\" data-id=\"0da5b88\" data-element_type=\"container\">\n\t\t\t\t<div class=\"elementor-element elementor-element-a96fe7a elementor-widget elementor-widget-heading\" data-id=\"a96fe7a\" data-element_type=\"widget\" data-widget_type=\"heading.default\">\n\t\t\t\t<div class=\"elementor-widget-container\">\n\t\t\t\t\t<h2 class=\"elementor-heading-title elementor-size-default\">Cardiologie<\/h2>\t\t\t\t<\/div>\n\t\t\t\t<\/div>\n\t\t\t\t<div class=\"elementor-element elementor-element-1d3fc97 elementor-widget elementor-widget-text-editor\" data-id=\"1d3fc97\" data-element_type=\"widget\" data-widget_type=\"text-editor.default\">\n\t\t\t\t<div class=\"elementor-widget-container\">\n\t\t\t\t\t\t\t\t\t<p>Notre \u00e9quipe de cardiologues hautement qualifi\u00e9s utilise des technologies de pointe et des m\u00e9thodes de traitement avanc\u00e9es pour fournir des soins complets pour diverses affections cardiovasculaires.<\/p>\n<p>Des d\u00e9pistages pr\u00e9ventifs aux interventions complexes, en passant par les traitements de cardiologie p\u00e9diatrique, nous donnons la priorit\u00e9 au bien-\u00eatre de nos patients.<br \/>Que vous ayez besoin d&rsquo;examens diagnostiques, de proc\u00e9dures interventionnelles ou de soins postop\u00e9ratoires, notre service de cardiologie sp\u00e9cialis\u00e9 se consacre \u00e0 un traitement personnalis\u00e9 et compatissant, garantissant que la sant\u00e9 de votre c\u0153ur est entre les mains d&rsquo;experts.<\/p>\n\t\t\t\t\t\t\t\t<\/div>\n\t\t\t\t<\/div>\n\t\t\t\t<\/div>\n\t\t<div class=\"elementor-element elementor-element-ca391ef e-con-full e-flex e-con e-child\" data-id=\"ca391ef\" data-element_type=\"container\">\n\t\t\t\t<div class=\"elementor-element elementor-element-f5127e4 elementor-widget elementor-widget-image\" data-id=\"f5127e4\" data-element_type=\"widget\" data-widget_type=\"image.default\">\n\t\t\t\t<div class=\"elementor-widget-container\">\n\t\t\t\t\t\t\t\t\t\t\t\t\t\t\t<img fetchpriority=\"high\" decoding=\"async\" width=\"800\" height=\"668\" src=\"https:\/\/arenclinic.com\/wp-content\/uploads\/2023\/12\/Cardiology.webp\" class=\"attachment-large size-large wp-image-2591\" alt=\"\" srcset=\"https:\/\/arenclinic.com\/wp-content\/uploads\/2023\/12\/Cardiology.webp 900w, https:\/\/arenclinic.com\/wp-content\/uploads\/2023\/12\/Cardiology-300x250.webp 300w, https:\/\/arenclinic.com\/wp-content\/uploads\/2023\/12\/Cardiology-768x641.webp 768w\" sizes=\"(max-width: 800px) 100vw, 800px\" \/>\t\t\t\t\t\t\t\t\t\t\t\t\t\t\t<\/div>\n\t\t\t\t<\/div>\n\t\t\t\t<\/div>\n\t\t\t\t\t<\/div>\n\t\t\t\t<\/div>\n\t\t<div class=\"elementor-element elementor-element-a778224 e-flex e-con-boxed e-con e-parent\" data-id=\"a778224\" data-element_type=\"container\">\n\t\t\t\t\t<div class=\"e-con-inner\">\n\t\t<div class=\"elementor-element elementor-element-cad7149 e-con-full e-flex e-con e-child\" data-id=\"cad7149\" data-element_type=\"container\">\n\t\t\t\t<div class=\"elementor-element elementor-element-2c7493a elementor-widget elementor-widget-text-editor\" data-id=\"2c7493a\" data-element_type=\"widget\" data-widget_type=\"text-editor.default\">\n\t\t\t\t<div class=\"elementor-widget-container\">\n\t\t\t\t\t\t\t\t\t<p>Coronarographie et intervention coronarienne percutan\u00e9e (ICP) : Ces proc\u00e9dures sont utilis\u00e9es pour diagnostiquer et traiter les maladies coronariennes en \u00e9valuant le flux sanguin dans les vaisseaux sanguins du c\u0153ur et en ouvrant \u00e9ventuellement les art\u00e8res obstru\u00e9es \u00e0 l&rsquo;aide d&rsquo;endoproth\u00e8ses (stents).<br \/>Pontage aorto-coronarien (PAC) : Il s&rsquo;agit de cr\u00e9er des pontages autour des art\u00e8res coronaires obstru\u00e9es afin d&rsquo;am\u00e9liorer le flux sanguin vers le c\u0153ur.<br \/>Implantation d&rsquo;un stimulateur cardiaque : Les stimulateurs cardiaques sont des dispositifs implant\u00e9s sous la peau pour r\u00e9guler les rythmes cardiaques anormaux et maintenir un rythme cardiaque r\u00e9gulier.<br \/>Chirurgie des valves cardiaques : Diverses interventions chirurgicales sont pratiqu\u00e9es pour r\u00e9parer ou remplacer les valves cardiaques endommag\u00e9es ou malades, telles que la valve aortique ou la valve mitrale.<br \/>R\u00e9adaptation cardiaque : Il s&rsquo;agit d&rsquo;un programme structur\u00e9 qui comprend des exercices, de l&rsquo;\u00e9ducation et des conseils pour am\u00e9liorer la sant\u00e9 cardiovasculaire globale et le r\u00e9tablissement apr\u00e8s des \u00e9v\u00e9nements ou des interventions chirurgicales li\u00e9s au c\u0153ur.<br \/>N&rsquo;oubliez pas que les pratiques m\u00e9dicales et les pr\u00e9f\u00e9rences en mati\u00e8re de traitement peuvent \u00e9voluer au fil du temps. Pour obtenir les informations les plus pr\u00e9cises et les plus r\u00e9centes, il est conseill\u00e9 de consulter l&rsquo;\u00e9quipe de la clinique Aren ou de se r\u00e9f\u00e9rer aux sources m\u00e9dicales actuelles sp\u00e9cifiques \u00e0 la Turquie.<\/p>\n\t\t\t\t\t\t\t\t<\/div>\n\t\t\t\t<\/div>\n\t\t\t\t<\/div>\n\t\t\t\t\t<\/div>\n\t\t\t\t<\/div>\n\t\t<div class=\"elementor-element elementor-element-e134f98 e-flex e-con-boxed e-con e-parent\" data-id=\"e134f98\" data-element_type=\"container\">\n\t\t\t\t\t<div class=\"e-con-inner\">\n\t\t\t\t<div class=\"elementor-element elementor-element-e377766 elementor-widget elementor-widget-heading\" data-id=\"e377766\" data-element_type=\"widget\" data-widget_type=\"heading.default\">\n\t\t\t\t<div class=\"elementor-widget-container\">\n\t\t\t\t\t<h2 class=\"elementor-heading-title elementor-size-default\">Services<\/h2>\t\t\t\t<\/div>\n\t\t\t\t<\/div>\n\t\t\t\t<div class=\"elementor-element elementor-element-af56cf5 elementor-widget elementor-widget-text-editor\" data-id=\"af56cf5\" data-element_type=\"widget\" data-widget_type=\"text-editor.default\">\n\t\t\t\t<div class=\"elementor-widget-container\">\n\t\t\t\t\t\t\t\t\t<p>\u00c0 la clinique Aren, nous nous effor\u00e7ons de faire en sorte que nos patients aient une exp\u00e9rience de vie unique gr\u00e2ce \u00e0 un ensemble de services distinctifs que nous fournissons.<\/p>\n\t\t\t\t\t\t\t\t<\/div>\n\t\t\t\t<\/div>\n\t\t\t\t\t<\/div>\n\t\t\t\t<\/div>\n\t\t<div class=\"elementor-element elementor-element-3ac21fb e-flex e-con-boxed e-con e-parent\" data-id=\"3ac21fb\" data-element_type=\"container\">\n\t\t\t\t\t<div class=\"e-con-inner\">\n\t\t<div class=\"elementor-element elementor-element-470b021 e-con-full e-flex e-con e-child\" data-id=\"470b021\" data-element_type=\"container\" data-settings=\"{&quot;background_background&quot;:&quot;classic&quot;}\">\n\t\t\t\t<div class=\"elementor-element elementor-element-89606fe elementor-view-framed elementor-shape-circle elementor-widget elementor-widget-icon\" data-id=\"89606fe\" data-element_type=\"widget\" data-widget_type=\"icon.default\">\n\t\t\t\t<div class=\"elementor-widget-container\">\n\t\t\t\t\t\t\t<div class=\"elementor-icon-wrapper\">\n\t\t\t<div class=\"elementor-icon\">\n\t\t\t<i aria-hidden=\"true\" class=\"fas fa-car\"><\/i>\t\t\t<\/div>\n\t\t<\/div>\n\t\t\t\t\t\t<\/div>\n\t\t\t\t<\/div>\n\t\t\t\t<div class=\"elementor-element elementor-element-89dc7a8 elementor-widget elementor-widget-heading\" data-id=\"89dc7a8\" data-element_type=\"widget\" data-widget_type=\"heading.default\">\n\t\t\t\t<div class=\"elementor-widget-container\">\n\t\t\t\t\t<h2 class=\"elementor-heading-title elementor-size-default\">Transport<\/h2>\t\t\t\t<\/div>\n\t\t\t\t<\/div>\n\t\t\t\t<\/div>\n\t\t<div class=\"elementor-element elementor-element-0228a00 e-con-full e-flex e-con e-child\" data-id=\"0228a00\" data-element_type=\"container\" data-settings=\"{&quot;background_background&quot;:&quot;classic&quot;}\">\n\t\t\t\t<div class=\"elementor-element elementor-element-9bf3d22 elementor-view-framed elementor-shape-circle elementor-widget elementor-widget-icon\" data-id=\"9bf3d22\" data-element_type=\"widget\" data-widget_type=\"icon.default\">\n\t\t\t\t<div class=\"elementor-widget-container\">\n\t\t\t\t\t\t\t<div class=\"elementor-icon-wrapper\">\n\t\t\t<div class=\"elementor-icon\">\n\t\t\t<i aria-hidden=\"true\" class=\"fas fa-language\"><\/i>\t\t\t<\/div>\n\t\t<\/div>\n\t\t\t\t\t\t<\/div>\n\t\t\t\t<\/div>\n\t\t\t\t<div class=\"elementor-element elementor-element-2385877 elementor-widget elementor-widget-heading\" data-id=\"2385877\" data-element_type=\"widget\" data-widget_type=\"heading.default\">\n\t\t\t\t<div class=\"elementor-widget-container\">\n\t\t\t\t\t<h2 class=\"elementor-heading-title elementor-size-default\">Traduction<\/h2>\t\t\t\t<\/div>\n\t\t\t\t<\/div>\n\t\t\t\t<\/div>\n\t\t<div class=\"elementor-element elementor-element-f36b549 e-con-full e-flex e-con e-child\" data-id=\"f36b549\" data-element_type=\"container\" data-settings=\"{&quot;background_background&quot;:&quot;classic&quot;}\">\n\t\t\t\t<div class=\"elementor-element elementor-element-58de9f1 elementor-view-framed elementor-shape-circle elementor-widget elementor-widget-icon\" data-id=\"58de9f1\" data-element_type=\"widget\" data-widget_type=\"icon.default\">\n\t\t\t\t<div class=\"elementor-widget-container\">\n\t\t\t\t\t\t\t<div class=\"elementor-icon-wrapper\">\n\t\t\t<div class=\"elementor-icon\">\n\t\t\t<i aria-hidden=\"true\" class=\"fas fa-hotel\"><\/i>\t\t\t<\/div>\n\t\t<\/div>\n\t\t\t\t\t\t<\/div>\n\t\t\t\t<\/div>\n\t\t\t\t<div class=\"elementor-element elementor-element-8faaa64 elementor-widget elementor-widget-heading\" data-id=\"8faaa64\" data-element_type=\"widget\" data-widget_type=\"heading.default\">\n\t\t\t\t<div class=\"elementor-widget-container\">\n\t\t\t\t\t<h2 class=\"elementor-heading-title elementor-size-default\">H\u00e9bergement<\/h2>\t\t\t\t<\/div>\n\t\t\t\t<\/div>\n\t\t\t\t<\/div>\n\t\t<div class=\"elementor-element elementor-element-bd792ad e-con-full e-flex e-con e-child\" data-id=\"bd792ad\" data-element_type=\"container\" data-settings=\"{&quot;background_background&quot;:&quot;classic&quot;}\">\n\t\t\t\t<div class=\"elementor-element elementor-element-2f43463 elementor-view-framed elementor-shape-circle elementor-widget elementor-widget-icon\" data-id=\"2f43463\" data-element_type=\"widget\" data-widget_type=\"icon.default\">\n\t\t\t\t<div class=\"elementor-widget-container\">\n\t\t\t\t\t\t\t<div class=\"elementor-icon-wrapper\">\n\t\t\t<div class=\"elementor-icon\">\n\t\t\t<i aria-hidden=\"true\" class=\"fas fa-hospital\"><\/i>\t\t\t<\/div>\n\t\t<\/div>\n\t\t\t\t\t\t<\/div>\n\t\t\t\t<\/div>\n\t\t\t\t<div class=\"elementor-element elementor-element-c85098b elementor-widget elementor-widget-heading\" data-id=\"c85098b\" data-element_type=\"widget\" data-widget_type=\"heading.default\">\n\t\t\t\t<div class=\"elementor-widget-container\">\n\t\t\t\t\t<h2 class=\"elementor-heading-title elementor-size-default\">H\u00f4pitaux de classe A<\/h2>\t\t\t\t<\/div>\n\t\t\t\t<\/div>\n\t\t\t\t<\/div>\n\t\t<div class=\"elementor-element elementor-element-26d71d8 e-con-full e-flex e-con e-child\" data-id=\"26d71d8\" data-element_type=\"container\" data-settings=\"{&quot;background_background&quot;:&quot;classic&quot;}\">\n\t\t\t\t<div class=\"elementor-element elementor-element-5762c37 elementor-view-framed elementor-shape-circle elementor-widget elementor-widget-icon\" data-id=\"5762c37\" data-element_type=\"widget\" data-widget_type=\"icon.default\">\n\t\t\t\t<div class=\"elementor-widget-container\">\n\t\t\t\t\t\t\t<div class=\"elementor-icon-wrapper\">\n\t\t\t<div class=\"elementor-icon\">\n\t\t\t<i aria-hidden=\"true\" class=\"fas fa-award\"><\/i>\t\t\t<\/div>\n\t\t<\/div>\n\t\t\t\t\t\t<\/div>\n\t\t\t\t<\/div>\n\t\t\t\t<div class=\"elementor-element elementor-element-689a703 elementor-widget elementor-widget-heading\" data-id=\"689a703\" data-element_type=\"widget\" data-widget_type=\"heading.default\">\n\t\t\t\t<div class=\"elementor-widget-container\">\n\t\t\t\t\t<h2 class=\"elementor-heading-title elementor-size-default\">Certificats de garantie\n<\/h2>\t\t\t\t<\/div>\n\t\t\t\t<\/div>\n\t\t\t\t<\/div>\n\t\t\t\t\t<\/div>\n\t\t\t\t<\/div>\n\t\t\t\t<\/div>\n\t\t","protected":false},"excerpt":{"rendered":"<p>Cardiologie \u00c0 la clinique Aren, nous offrons des services de cardiologie exceptionnels en partenariat avec des h\u00f4pitaux renomm\u00e9s dans toute la Turquie. Prendre contact Cardiologie Notre \u00e9quipe de cardiologues hautement qualifi\u00e9s utilise des technologies de pointe et des m\u00e9thodes de traitement avanc\u00e9es pour fournir des soins complets pour diverses affections cardiovasculaires. Des d\u00e9pistages pr\u00e9ventifs aux [&hellip;]<\/p>\n","protected":false},"author":1,"featured_media":0,"parent":0,"menu_order":0,"comment_status":"closed","ping_status":"closed","template":"","meta":{"footnotes":""},"class_list":["post-2762","page","type-page","status-publish","hentry"],"_links":{"self":[{"href":"https:\/\/arenclinic.com\/fr\/wp-json\/wp\/v2\/pages\/2762","targetHints":{"allow":["GET"]}}],"collection":[{"href":"https:\/\/arenclinic.com\/fr\/wp-json\/wp\/v2\/pages"}],"about":[{"href":"https:\/\/arenclinic.com\/fr\/wp-json\/wp\/v2\/types\/page"}],"author":[{"embeddable":true,"href":"https:\/\/arenclinic.com\/fr\/wp-json\/wp\/v2\/users\/1"}],"replies":[{"embeddable":true,"href":"https:\/\/arenclinic.com\/fr\/wp-json\/wp\/v2\/comments?post=2762"}],"version-history":[{"count":3,"href":"https:\/\/arenclinic.com\/fr\/wp-json\/wp\/v2\/pages\/2762\/revisions"}],"predecessor-version":[{"id":2777,"href":"https:\/\/arenclinic.com\/fr\/wp-json\/wp\/v2\/pages\/2762\/revisions\/2777"}],"wp:attachment":[{"href":"https:\/\/arenclinic.com\/fr\/wp-json\/wp\/v2\/media?parent=2762"}],"curies":[{"name":"wp","href":"https:\/\/api.w.org\/{rel}","templated":true}]}}