{"id":3052,"date":"2023-12-06T17:29:34","date_gmt":"2023-12-06T14:29:34","guid":{"rendered":"https:\/\/arenclinic.com\/check-up\/"},"modified":"2024-05-02T19:13:06","modified_gmt":"2024-05-02T16:13:06","slug":"check-up","status":"publish","type":"page","link":"https:\/\/arenclinic.com\/tr\/check-up\/","title":{"rendered":"Check-up"},"content":{"rendered":"\t\t<div data-elementor-type=\"wp-page\" data-elementor-id=\"3052\" class=\"elementor elementor-3052 elementor-2702\" data-elementor-post-type=\"page\">\n\t\t\t\t<div class=\"elementor-element elementor-element-27dc209 e-flex e-con-boxed elementor-invisible e-con e-parent\" data-id=\"27dc209\" data-element_type=\"container\" data-settings=\"{&quot;background_background&quot;:&quot;classic&quot;,&quot;animation&quot;:&quot;slideInRight&quot;}\">\n\t\t\t\t\t<div class=\"e-con-inner\">\n\t\t\t\t<div class=\"elementor-element elementor-element-f99c5d5 elementor-widget-mobile__width-inherit elementor-widget elementor-widget-heading\" data-id=\"f99c5d5\" data-element_type=\"widget\" data-widget_type=\"heading.default\">\n\t\t\t\t<div class=\"elementor-widget-container\">\n\t\t\t\t\t<h1 class=\"elementor-heading-title elementor-size-default\">Check-up<\/h1>\t\t\t\t<\/div>\n\t\t\t\t<\/div>\n\t\t\t\t<div class=\"elementor-element elementor-element-b0b7e0d elementor-widget elementor-widget-spacer\" data-id=\"b0b7e0d\" data-element_type=\"widget\" data-widget_type=\"spacer.default\">\n\t\t\t\t<div class=\"elementor-widget-container\">\n\t\t\t\t\t\t\t<div class=\"elementor-spacer\">\n\t\t\t<div class=\"elementor-spacer-inner\"><\/div>\n\t\t<\/div>\n\t\t\t\t\t\t<\/div>\n\t\t\t\t<\/div>\n\t\t\t\t<div class=\"elementor-element elementor-element-bed985e elementor-widget__width-initial elementor-widget-mobile__width-initial elementor-widget elementor-widget-text-editor\" data-id=\"bed985e\" data-element_type=\"widget\" data-widget_type=\"text-editor.default\">\n\t\t\t\t<div class=\"elementor-widget-container\">\n\t\t\t\t\t\t\t\t\t<p>Kapsaml\u0131 t\u0131bbi kontrol paketleri<\/p>\n\t\t\t\t\t\t\t\t<\/div>\n\t\t\t\t<\/div>\n\t\t\t\t<div class=\"elementor-element elementor-element-7d68f6e elementor-widget elementor-widget-spacer\" data-id=\"7d68f6e\" data-element_type=\"widget\" data-widget_type=\"spacer.default\">\n\t\t\t\t<div class=\"elementor-widget-container\">\n\t\t\t\t\t\t\t<div class=\"elementor-spacer\">\n\t\t\t<div class=\"elementor-spacer-inner\"><\/div>\n\t\t<\/div>\n\t\t\t\t\t\t<\/div>\n\t\t\t\t<\/div>\n\t\t\t\t<div class=\"elementor-element elementor-element-05d6b78 elementor-widget elementor-widget-spacer\" data-id=\"05d6b78\" data-element_type=\"widget\" data-widget_type=\"spacer.default\">\n\t\t\t\t<div class=\"elementor-widget-container\">\n\t\t\t\t\t\t\t<div class=\"elementor-spacer\">\n\t\t\t<div class=\"elementor-spacer-inner\"><\/div>\n\t\t<\/div>\n\t\t\t\t\t\t<\/div>\n\t\t\t\t<\/div>\n\t\t\t\t<div class=\"elementor-element elementor-element-cc26d76 elementor-align-right elementor-mobile-align-center elementor-widget elementor-widget-button\" data-id=\"cc26d76\" data-element_type=\"widget\" data-widget_type=\"button.default\">\n\t\t\t\t<div class=\"elementor-widget-container\">\n\t\t\t\t\t\t\t\t\t<div class=\"elementor-button-wrapper\">\n\t\t\t\t\t<a class=\"elementor-button elementor-button-link elementor-size-lg\" href=\"#elementor-action%3Aaction%3Dpopup%3Aopen%26settings%3DeyJpZCI6NDM2LCJ0b2dnbGUiOmZhbHNlfQ%3D%3D\">\n\t\t\t\t\t\t<span class=\"elementor-button-content-wrapper\">\n\t\t\t\t\t\t\t\t\t<span class=\"elementor-button-text\">\u0130leti\u015fime ge\u00e7in<\/span>\n\t\t\t\t\t<\/span>\n\t\t\t\t\t<\/a>\n\t\t\t\t<\/div>\n\t\t\t\t\t\t\t\t<\/div>\n\t\t\t\t<\/div>\n\t\t\t\t\t<\/div>\n\t\t\t\t<\/div>\n\t\t<div class=\"elementor-element elementor-element-b1b1faa e-flex e-con-boxed e-con e-parent\" data-id=\"b1b1faa\" data-element_type=\"container\">\n\t\t\t\t\t<div class=\"e-con-inner\">\n\t\t<div class=\"elementor-element elementor-element-b9324a7 e-con-full e-flex e-con e-child\" data-id=\"b9324a7\" data-element_type=\"container\">\n\t\t\t\t<div class=\"elementor-element elementor-element-2083a45 elementor-widget elementor-widget-heading\" data-id=\"2083a45\" data-element_type=\"widget\" data-widget_type=\"heading.default\">\n\t\t\t\t<div class=\"elementor-widget-container\">\n\t\t\t\t\t<h2 class=\"elementor-heading-title elementor-size-default\">Check-up<\/h2>\t\t\t\t<\/div>\n\t\t\t\t<\/div>\n\t\t\t\t<div class=\"elementor-element elementor-element-9c61320 elementor-widget elementor-widget-text-editor\" data-id=\"9c61320\" data-element_type=\"widget\" data-widget_type=\"text-editor.default\">\n\t\t\t\t<div class=\"elementor-widget-container\">\n\t\t\t\t\t\t\t\t\t<p>Aren Clinic&#8217;te kendimizi genel sa\u011fl\u0131\u011f\u0131n\u0131z\u0131 ve refah\u0131n\u0131z\u0131 sa\u011flamaya adad\u0131k. T\u00fcrkiye&#8217;nin d\u00f6rt bir yan\u0131ndaki birinci s\u0131n\u0131f hastanelerle ortakl\u0131klar\u0131 olan lider bir sa\u011fl\u0131k turizmi \u015firketi olarak, kapsaml\u0131 sa\u011fl\u0131k kontrol paketleri sunmaktan memnuniyet duyuyoruz.<\/p>\n\t\t\t\t\t\t\t\t<\/div>\n\t\t\t\t<\/div>\n\t\t\t\t<\/div>\n\t\t<div class=\"elementor-element elementor-element-295cad2 e-con-full e-flex e-con e-child\" data-id=\"295cad2\" data-element_type=\"container\">\n\t\t\t\t<div class=\"elementor-element elementor-element-dac088d elementor-widget elementor-widget-image\" data-id=\"dac088d\" data-element_type=\"widget\" data-widget_type=\"image.default\">\n\t\t\t\t<div class=\"elementor-widget-container\">\n\t\t\t\t\t\t\t\t\t\t\t\t\t\t\t<img fetchpriority=\"high\" decoding=\"async\" width=\"800\" height=\"533\" src=\"https:\/\/arenclinic.com\/wp-content\/uploads\/2023\/12\/Check-up.webp\" class=\"attachment-large size-large wp-image-3056\" alt=\"\" srcset=\"https:\/\/arenclinic.com\/wp-content\/uploads\/2023\/12\/Check-up.webp 900w, https:\/\/arenclinic.com\/wp-content\/uploads\/2023\/12\/Check-up-300x200.webp 300w, https:\/\/arenclinic.com\/wp-content\/uploads\/2023\/12\/Check-up-768x512.webp 768w\" sizes=\"(max-width: 800px) 100vw, 800px\" \/>\t\t\t\t\t\t\t\t\t\t\t\t\t\t\t<\/div>\n\t\t\t\t<\/div>\n\t\t\t\t<\/div>\n\t\t\t\t\t<\/div>\n\t\t\t\t<\/div>\n\t\t<div class=\"elementor-element elementor-element-e36cfdb e-flex e-con-boxed e-con e-parent\" data-id=\"e36cfdb\" data-element_type=\"container\">\n\t\t\t\t\t<div class=\"e-con-inner\">\n\t\t<div class=\"elementor-element elementor-element-d7a6b98 e-con-full e-flex e-con e-child\" data-id=\"d7a6b98\" data-element_type=\"container\">\n\t\t\t\t<div class=\"elementor-element elementor-element-cd8d03f elementor-widget elementor-widget-text-editor\" data-id=\"cd8d03f\" data-element_type=\"widget\" data-widget_type=\"text-editor.default\">\n\t\t\t\t<div class=\"elementor-widget-container\">\n\t\t\t\t\t\t\t\t\t<p>Standart, VIP, erkek, kad\u0131n ve pediatrik check-up paketleri, hem \u00f6nleyici tedbirleri hem de potansiyel sa\u011fl\u0131k sorunlar\u0131n\u0131n erken tespitini ele alarak sa\u011fl\u0131\u011f\u0131n\u0131z\u0131n kapsaml\u0131 bir de\u011ferlendirmesini sa\u011flamak \u00fczere tasarlanm\u0131\u015ft\u0131r. Sa\u011fl\u0131kl\u0131 ve dengeli bir ya\u015fam tarz\u0131n\u0131n s\u00fcrd\u00fcr\u00fclmesinde d\u00fczenli sa\u011fl\u0131k taramalar\u0131n\u0131n \u00f6nemini biliyoruz.<\/p>\n<p>Detayl\u0131 bilgi i\u00e7in l\u00fctfen Aren Clinic&#8217;teki profesyonel ekibimizle ileti\u015fime ge\u00e7in.<\/p>\n\t\t\t\t\t\t\t\t<\/div>\n\t\t\t\t<\/div>\n\t\t\t\t<\/div>\n\t\t\t\t\t<\/div>\n\t\t\t\t<\/div>\n\t\t<div class=\"elementor-element elementor-element-9e1870c e-flex e-con-boxed e-con e-parent\" data-id=\"9e1870c\" data-element_type=\"container\">\n\t\t\t\t\t<div class=\"e-con-inner\">\n\t\t\t\t<div class=\"elementor-element elementor-element-d85a8a0 elementor-widget elementor-widget-heading\" data-id=\"d85a8a0\" data-element_type=\"widget\" data-widget_type=\"heading.default\">\n\t\t\t\t<div class=\"elementor-widget-container\">\n\t\t\t\t\t<h2 class=\"elementor-heading-title elementor-size-default\">Hizmetler<\/h2>\t\t\t\t<\/div>\n\t\t\t\t<\/div>\n\t\t\t\t<div class=\"elementor-element elementor-element-1254c0a elementor-widget elementor-widget-text-editor\" data-id=\"1254c0a\" data-element_type=\"widget\" data-widget_type=\"text-editor.default\">\n\t\t\t\t<div class=\"elementor-widget-container\">\n\t\t\t\t\t\t\t\t\t<p>Aren Klinik&#8217;te, sundu\u011fumuz bir dizi farkl\u0131 hizmetle hastalar\u0131m\u0131z\u0131n benzersiz bir ya\u015fam deneyimi ya\u015famalar\u0131n\u0131 sa\u011flamaya \u00e7al\u0131\u015f\u0131yoruz.<\/p>\n\t\t\t\t\t\t\t\t<\/div>\n\t\t\t\t<\/div>\n\t\t\t\t\t<\/div>\n\t\t\t\t<\/div>\n\t\t<div class=\"elementor-element elementor-element-e366700 e-flex e-con-boxed e-con e-parent\" data-id=\"e366700\" data-element_type=\"container\">\n\t\t\t\t\t<div class=\"e-con-inner\">\n\t\t<div class=\"elementor-element elementor-element-5abb6e9 e-con-full e-flex e-con e-child\" data-id=\"5abb6e9\" data-element_type=\"container\" data-settings=\"{&quot;background_background&quot;:&quot;classic&quot;}\">\n\t\t\t\t<div class=\"elementor-element elementor-element-0fa3e36 elementor-view-framed elementor-shape-circle elementor-widget elementor-widget-icon\" data-id=\"0fa3e36\" data-element_type=\"widget\" data-widget_type=\"icon.default\">\n\t\t\t\t<div class=\"elementor-widget-container\">\n\t\t\t\t\t\t\t<div class=\"elementor-icon-wrapper\">\n\t\t\t<div class=\"elementor-icon\">\n\t\t\t<i aria-hidden=\"true\" class=\"fas fa-car\"><\/i>\t\t\t<\/div>\n\t\t<\/div>\n\t\t\t\t\t\t<\/div>\n\t\t\t\t<\/div>\n\t\t\t\t<div class=\"elementor-element elementor-element-f1a96f4 elementor-widget elementor-widget-heading\" data-id=\"f1a96f4\" data-element_type=\"widget\" data-widget_type=\"heading.default\">\n\t\t\t\t<div class=\"elementor-widget-container\">\n\t\t\t\t\t<h2 class=\"elementor-heading-title elementor-size-default\">Ula\u015f\u0131m<\/h2>\t\t\t\t<\/div>\n\t\t\t\t<\/div>\n\t\t\t\t<\/div>\n\t\t<div class=\"elementor-element elementor-element-899370e e-con-full e-flex e-con e-child\" data-id=\"899370e\" data-element_type=\"container\" data-settings=\"{&quot;background_background&quot;:&quot;classic&quot;}\">\n\t\t\t\t<div class=\"elementor-element elementor-element-794b600 elementor-view-framed elementor-shape-circle elementor-widget elementor-widget-icon\" data-id=\"794b600\" data-element_type=\"widget\" data-widget_type=\"icon.default\">\n\t\t\t\t<div class=\"elementor-widget-container\">\n\t\t\t\t\t\t\t<div class=\"elementor-icon-wrapper\">\n\t\t\t<div class=\"elementor-icon\">\n\t\t\t<i aria-hidden=\"true\" class=\"fas fa-language\"><\/i>\t\t\t<\/div>\n\t\t<\/div>\n\t\t\t\t\t\t<\/div>\n\t\t\t\t<\/div>\n\t\t\t\t<div class=\"elementor-element elementor-element-7df3a31 elementor-widget elementor-widget-heading\" data-id=\"7df3a31\" data-element_type=\"widget\" data-widget_type=\"heading.default\">\n\t\t\t\t<div class=\"elementor-widget-container\">\n\t\t\t\t\t<h2 class=\"elementor-heading-title elementor-size-default\">\u00c7eviri<\/h2>\t\t\t\t<\/div>\n\t\t\t\t<\/div>\n\t\t\t\t<\/div>\n\t\t<div class=\"elementor-element elementor-element-e2f06bc e-con-full e-flex e-con e-child\" data-id=\"e2f06bc\" data-element_type=\"container\" data-settings=\"{&quot;background_background&quot;:&quot;classic&quot;}\">\n\t\t\t\t<div class=\"elementor-element elementor-element-ea57b0e elementor-view-framed elementor-shape-circle elementor-widget elementor-widget-icon\" data-id=\"ea57b0e\" data-element_type=\"widget\" data-widget_type=\"icon.default\">\n\t\t\t\t<div class=\"elementor-widget-container\">\n\t\t\t\t\t\t\t<div class=\"elementor-icon-wrapper\">\n\t\t\t<div class=\"elementor-icon\">\n\t\t\t<i aria-hidden=\"true\" class=\"fas fa-hotel\"><\/i>\t\t\t<\/div>\n\t\t<\/div>\n\t\t\t\t\t\t<\/div>\n\t\t\t\t<\/div>\n\t\t\t\t<div class=\"elementor-element elementor-element-c0d6679 elementor-widget elementor-widget-heading\" data-id=\"c0d6679\" data-element_type=\"widget\" data-widget_type=\"heading.default\">\n\t\t\t\t<div class=\"elementor-widget-container\">\n\t\t\t\t\t<h2 class=\"elementor-heading-title elementor-size-default\">Konaklama<\/h2>\t\t\t\t<\/div>\n\t\t\t\t<\/div>\n\t\t\t\t<\/div>\n\t\t<div class=\"elementor-element elementor-element-a868c30 e-con-full e-flex e-con e-child\" data-id=\"a868c30\" data-element_type=\"container\" data-settings=\"{&quot;background_background&quot;:&quot;classic&quot;}\">\n\t\t\t\t<div class=\"elementor-element elementor-element-ccc2894 elementor-view-framed elementor-shape-circle elementor-widget elementor-widget-icon\" data-id=\"ccc2894\" data-element_type=\"widget\" data-widget_type=\"icon.default\">\n\t\t\t\t<div class=\"elementor-widget-container\">\n\t\t\t\t\t\t\t<div class=\"elementor-icon-wrapper\">\n\t\t\t<div class=\"elementor-icon\">\n\t\t\t<i aria-hidden=\"true\" class=\"fas fa-hospital\"><\/i>\t\t\t<\/div>\n\t\t<\/div>\n\t\t\t\t\t\t<\/div>\n\t\t\t\t<\/div>\n\t\t\t\t<div class=\"elementor-element elementor-element-d28d3b6 elementor-widget elementor-widget-heading\" data-id=\"d28d3b6\" data-element_type=\"widget\" data-widget_type=\"heading.default\">\n\t\t\t\t<div class=\"elementor-widget-container\">\n\t\t\t\t\t<h2 class=\"elementor-heading-title elementor-size-default\">A S\u0131n\u0131f\u0131 Hastaneler<\/h2>\t\t\t\t<\/div>\n\t\t\t\t<\/div>\n\t\t\t\t<\/div>\n\t\t<div class=\"elementor-element elementor-element-bdfb4d4 e-con-full e-flex e-con e-child\" data-id=\"bdfb4d4\" data-element_type=\"container\" data-settings=\"{&quot;background_background&quot;:&quot;classic&quot;}\">\n\t\t\t\t<div class=\"elementor-element elementor-element-107474f elementor-view-framed elementor-shape-circle elementor-widget elementor-widget-icon\" data-id=\"107474f\" data-element_type=\"widget\" data-widget_type=\"icon.default\">\n\t\t\t\t<div class=\"elementor-widget-container\">\n\t\t\t\t\t\t\t<div class=\"elementor-icon-wrapper\">\n\t\t\t<div class=\"elementor-icon\">\n\t\t\t<i aria-hidden=\"true\" class=\"fas fa-award\"><\/i>\t\t\t<\/div>\n\t\t<\/div>\n\t\t\t\t\t\t<\/div>\n\t\t\t\t<\/div>\n\t\t\t\t<div class=\"elementor-element elementor-element-9f063a6 elementor-widget elementor-widget-heading\" data-id=\"9f063a6\" data-element_type=\"widget\" data-widget_type=\"heading.default\">\n\t\t\t\t<div class=\"elementor-widget-container\">\n\t\t\t\t\t<h2 class=\"elementor-heading-title elementor-size-default\">Garanti Sertifikalar\u0131\n<\/h2>\t\t\t\t<\/div>\n\t\t\t\t<\/div>\n\t\t\t\t<\/div>\n\t\t\t\t\t<\/div>\n\t\t\t\t<\/div>\n\t\t\t\t<\/div>\n\t\t","protected":false},"excerpt":{"rendered":"<p>Check-up Kapsaml\u0131 t\u0131bbi kontrol paketleri \u0130leti\u015fime ge\u00e7in Check-up Aren Clinic&#8217;te kendimizi genel sa\u011fl\u0131\u011f\u0131n\u0131z\u0131 ve refah\u0131n\u0131z\u0131 sa\u011flamaya adad\u0131k. T\u00fcrkiye&#8217;nin d\u00f6rt bir yan\u0131ndaki birinci s\u0131n\u0131f hastanelerle ortakl\u0131klar\u0131 olan lider bir sa\u011fl\u0131k turizmi \u015firketi olarak, kapsaml\u0131 sa\u011fl\u0131k kontrol paketleri sunmaktan memnuniyet duyuyoruz. Standart, VIP, erkek, kad\u0131n ve pediatrik check-up paketleri, hem \u00f6nleyici tedbirleri hem de potansiyel sa\u011fl\u0131k sorunlar\u0131n\u0131n [&hellip;]<\/p>\n","protected":false},"author":1,"featured_media":0,"parent":0,"menu_order":0,"comment_status":"closed","ping_status":"closed","template":"","meta":{"footnotes":""},"class_list":["post-3052","page","type-page","status-publish","hentry"],"_links":{"self":[{"href":"https:\/\/arenclinic.com\/tr\/wp-json\/wp\/v2\/pages\/3052","targetHints":{"allow":["GET"]}}],"collection":[{"href":"https:\/\/arenclinic.com\/tr\/wp-json\/wp\/v2\/pages"}],"about":[{"href":"https:\/\/arenclinic.com\/tr\/wp-json\/wp\/v2\/types\/page"}],"author":[{"embeddable":true,"href":"https:\/\/arenclinic.com\/tr\/wp-json\/wp\/v2\/users\/1"}],"replies":[{"embeddable":true,"href":"https:\/\/arenclinic.com\/tr\/wp-json\/wp\/v2\/comments?post=3052"}],"version-history":[{"count":2,"href":"https:\/\/arenclinic.com\/tr\/wp-json\/wp\/v2\/pages\/3052\/revisions"}],"predecessor-version":[{"id":3075,"href":"https:\/\/arenclinic.com\/tr\/wp-json\/wp\/v2\/pages\/3052\/revisions\/3075"}],"wp:attachment":[{"href":"https:\/\/arenclinic.com\/tr\/wp-json\/wp\/v2\/media?parent=3052"}],"curies":[{"name":"wp","href":"https:\/\/api.w.org\/{rel}","templated":true}]}}