{"id":3053,"date":"2023-12-06T14:00:50","date_gmt":"2023-12-06T11:00:50","guid":{"rendered":"https:\/\/arenclinic.com\/kardiyoloji\/"},"modified":"2024-05-02T19:13:06","modified_gmt":"2024-05-02T16:13:06","slug":"kardiyoloji","status":"publish","type":"page","link":"https:\/\/arenclinic.com\/tr\/kardiyoloji\/","title":{"rendered":"Kardiyoloji"},"content":{"rendered":"\t\t<div data-elementor-type=\"wp-page\" data-elementor-id=\"3053\" class=\"elementor elementor-3053 elementor-2574\" data-elementor-post-type=\"page\">\n\t\t\t\t<div class=\"elementor-element elementor-element-09cc79c e-flex e-con-boxed elementor-invisible e-con e-parent\" data-id=\"09cc79c\" data-element_type=\"container\" data-settings=\"{&quot;background_background&quot;:&quot;classic&quot;,&quot;animation&quot;:&quot;slideInRight&quot;}\">\n\t\t\t\t\t<div class=\"e-con-inner\">\n\t\t\t\t<div class=\"elementor-element elementor-element-f4d89e2 elementor-widget-mobile__width-inherit elementor-widget elementor-widget-heading\" data-id=\"f4d89e2\" data-element_type=\"widget\" data-widget_type=\"heading.default\">\n\t\t\t\t<div class=\"elementor-widget-container\">\n\t\t\t\t\t<h1 class=\"elementor-heading-title elementor-size-default\">Kardiyoloji<\/h1>\t\t\t\t<\/div>\n\t\t\t\t<\/div>\n\t\t\t\t<div class=\"elementor-element elementor-element-f275141 elementor-widget elementor-widget-spacer\" data-id=\"f275141\" data-element_type=\"widget\" data-widget_type=\"spacer.default\">\n\t\t\t\t<div class=\"elementor-widget-container\">\n\t\t\t\t\t\t\t<div class=\"elementor-spacer\">\n\t\t\t<div class=\"elementor-spacer-inner\"><\/div>\n\t\t<\/div>\n\t\t\t\t\t\t<\/div>\n\t\t\t\t<\/div>\n\t\t\t\t<div class=\"elementor-element elementor-element-c1f88d8 elementor-widget__width-initial elementor-widget-mobile__width-initial elementor-widget elementor-widget-text-editor\" data-id=\"c1f88d8\" data-element_type=\"widget\" data-widget_type=\"text-editor.default\">\n\t\t\t\t<div class=\"elementor-widget-container\">\n\t\t\t\t\t\t\t\t\t<p>Aren Klinik&#8217;te, T\u00fcrkiye&#8217;nin d\u00f6rt bir yan\u0131ndaki tan\u0131nm\u0131\u015f hastanelerle ortakla\u015fa ola\u011fan\u00fcst\u00fc kardiyoloji hizmetleri sunuyoruz<\/p>\n\t\t\t\t\t\t\t\t<\/div>\n\t\t\t\t<\/div>\n\t\t\t\t<div class=\"elementor-element elementor-element-c80381f elementor-widget elementor-widget-spacer\" data-id=\"c80381f\" data-element_type=\"widget\" data-widget_type=\"spacer.default\">\n\t\t\t\t<div class=\"elementor-widget-container\">\n\t\t\t\t\t\t\t<div class=\"elementor-spacer\">\n\t\t\t<div class=\"elementor-spacer-inner\"><\/div>\n\t\t<\/div>\n\t\t\t\t\t\t<\/div>\n\t\t\t\t<\/div>\n\t\t\t\t<div class=\"elementor-element elementor-element-2957904 elementor-widget elementor-widget-spacer\" data-id=\"2957904\" data-element_type=\"widget\" data-widget_type=\"spacer.default\">\n\t\t\t\t<div class=\"elementor-widget-container\">\n\t\t\t\t\t\t\t<div class=\"elementor-spacer\">\n\t\t\t<div class=\"elementor-spacer-inner\"><\/div>\n\t\t<\/div>\n\t\t\t\t\t\t<\/div>\n\t\t\t\t<\/div>\n\t\t\t\t<div class=\"elementor-element elementor-element-190a0ff elementor-align-right elementor-mobile-align-center elementor-widget elementor-widget-button\" data-id=\"190a0ff\" data-element_type=\"widget\" data-widget_type=\"button.default\">\n\t\t\t\t<div class=\"elementor-widget-container\">\n\t\t\t\t\t\t\t\t\t<div class=\"elementor-button-wrapper\">\n\t\t\t\t\t<a class=\"elementor-button elementor-button-link elementor-size-lg\" href=\"#elementor-action%3Aaction%3Dpopup%3Aopen%26settings%3DeyJpZCI6NDM2LCJ0b2dnbGUiOmZhbHNlfQ%3D%3D\">\n\t\t\t\t\t\t<span class=\"elementor-button-content-wrapper\">\n\t\t\t\t\t\t\t\t\t<span class=\"elementor-button-text\">\u0130leti\u015fime ge\u00e7in<\/span>\n\t\t\t\t\t<\/span>\n\t\t\t\t\t<\/a>\n\t\t\t\t<\/div>\n\t\t\t\t\t\t\t\t<\/div>\n\t\t\t\t<\/div>\n\t\t\t\t\t<\/div>\n\t\t\t\t<\/div>\n\t\t<div class=\"elementor-element elementor-element-70f40b8 e-flex e-con-boxed e-con e-parent\" data-id=\"70f40b8\" data-element_type=\"container\">\n\t\t\t\t\t<div class=\"e-con-inner\">\n\t\t<div class=\"elementor-element elementor-element-0da5b88 e-con-full e-flex e-con e-child\" data-id=\"0da5b88\" data-element_type=\"container\">\n\t\t\t\t<div class=\"elementor-element elementor-element-a96fe7a elementor-widget elementor-widget-heading\" data-id=\"a96fe7a\" data-element_type=\"widget\" data-widget_type=\"heading.default\">\n\t\t\t\t<div class=\"elementor-widget-container\">\n\t\t\t\t\t<h2 class=\"elementor-heading-title elementor-size-default\">Kardiyoloji<\/h2>\t\t\t\t<\/div>\n\t\t\t\t<\/div>\n\t\t\t\t<div class=\"elementor-element elementor-element-1d3fc97 elementor-widget elementor-widget-text-editor\" data-id=\"1d3fc97\" data-element_type=\"widget\" data-widget_type=\"text-editor.default\">\n\t\t\t\t<div class=\"elementor-widget-container\">\n\t\t\t\t\t\t\t\t\t<p>Son derece yetenekli kardiyologlardan olu\u015fan ekibimiz, \u00e7e\u015fitli kardiyovask\u00fcler rahats\u0131zl\u0131klara kapsaml\u0131 bak\u0131m sa\u011flamak i\u00e7in en son teknolojiyi ve geli\u015fmi\u015f tedavi y\u00f6ntemlerini kullanmaktad\u0131r.<\/p>\n<p>\u00d6nleyici taramalardan pediatrik kardiyoloji tedavileri de dahil olmak \u00fczere karma\u015f\u0131k m\u00fcdahalelere kadar hastalar\u0131m\u0131z\u0131n refah\u0131na \u00f6ncelik veriyoruz.<br \/>\u0130ster tan\u0131sal testlere, ister giri\u015fimsel prosed\u00fcrlere veya ameliyat sonras\u0131 bak\u0131ma ihtiyac\u0131n\u0131z olsun, uzman kardiyoloji departman\u0131m\u0131z ki\u015fiselle\u015ftirilmi\u015f ve \u015fefkatli tedavi sunarak kalp sa\u011fl\u0131\u011f\u0131n\u0131z\u0131n uzman ellerde olmas\u0131n\u0131 sa\u011flamaya kendini adam\u0131\u015ft\u0131r.<\/p>\n\t\t\t\t\t\t\t\t<\/div>\n\t\t\t\t<\/div>\n\t\t\t\t<\/div>\n\t\t<div class=\"elementor-element elementor-element-ca391ef e-con-full e-flex e-con e-child\" data-id=\"ca391ef\" data-element_type=\"container\">\n\t\t\t\t<div class=\"elementor-element elementor-element-f5127e4 elementor-widget elementor-widget-image\" data-id=\"f5127e4\" data-element_type=\"widget\" data-widget_type=\"image.default\">\n\t\t\t\t<div class=\"elementor-widget-container\">\n\t\t\t\t\t\t\t\t\t\t\t\t\t\t\t<img fetchpriority=\"high\" decoding=\"async\" width=\"800\" height=\"668\" src=\"https:\/\/arenclinic.com\/wp-content\/uploads\/2023\/12\/Cardiology.webp\" class=\"attachment-large size-large wp-image-3065\" alt=\"\" srcset=\"https:\/\/arenclinic.com\/wp-content\/uploads\/2023\/12\/Cardiology.webp 900w, https:\/\/arenclinic.com\/wp-content\/uploads\/2023\/12\/Cardiology-300x250.webp 300w, https:\/\/arenclinic.com\/wp-content\/uploads\/2023\/12\/Cardiology-768x641.webp 768w\" sizes=\"(max-width: 800px) 100vw, 800px\" \/>\t\t\t\t\t\t\t\t\t\t\t\t\t\t\t<\/div>\n\t\t\t\t<\/div>\n\t\t\t\t<\/div>\n\t\t\t\t\t<\/div>\n\t\t\t\t<\/div>\n\t\t<div class=\"elementor-element elementor-element-a778224 e-flex e-con-boxed e-con e-parent\" data-id=\"a778224\" data-element_type=\"container\">\n\t\t\t\t\t<div class=\"e-con-inner\">\n\t\t<div class=\"elementor-element elementor-element-cad7149 e-con-full e-flex e-con e-child\" data-id=\"cad7149\" data-element_type=\"container\">\n\t\t\t\t<div class=\"elementor-element elementor-element-2c7493a elementor-widget elementor-widget-text-editor\" data-id=\"2c7493a\" data-element_type=\"widget\" data-widget_type=\"text-editor.default\">\n\t\t\t\t<div class=\"elementor-widget-container\">\n\t\t\t\t\t\t\t\t\t<p>Koroner Anjiyografi ve Perk\u00fctan Koroner M\u00fcdahale (PCI): Bu prosed\u00fcrler, kalbin kan damarlar\u0131ndaki kan ak\u0131\u015f\u0131n\u0131 de\u011ferlendirerek ve potansiyel olarak stent kullanarak t\u0131kal\u0131 arterleri a\u00e7arak koroner arter hastal\u0131\u011f\u0131n\u0131 te\u015fhis ve tedavi etmek i\u00e7in kullan\u0131l\u0131r.<br \/>Koroner Arter Bypass Grefti (CABG): Kalbe giden kan ak\u0131\u015f\u0131n\u0131 iyile\u015ftirmek i\u00e7in t\u0131kal\u0131 koroner arterlerin etraf\u0131nda baypaslar olu\u015fturmay\u0131 i\u00e7erir.<br \/>Kalp Pili \u0130mplantasyonu: Kalp pilleri, anormal kalp ritimlerini d\u00fczenlemek ve d\u00fczenli bir kalp at\u0131\u015f\u0131 sa\u011flamak i\u00e7in deri alt\u0131na yerle\u015ftirilen cihazlard\u0131r.<br \/>Kalp Kapa\u011f\u0131 Ameliyat\u0131: Aort kapak\u00e7\u0131\u011f\u0131 veya mitral kapak\u00e7\u0131k gibi hasarl\u0131 veya hastal\u0131kl\u0131 kalp kapak\u00e7\u0131klar\u0131n\u0131 onarmak veya de\u011fi\u015ftirmek i\u00e7in \u00e7e\u015fitli cerrahi prosed\u00fcrler uygulan\u0131r.<br \/>Kardiyak Rehabilitasyon: Kalp ile ilgili olaylar veya ameliyatlardan sonra genel kardiyovask\u00fcler sa\u011fl\u0131\u011f\u0131 ve iyile\u015fmeyi iyile\u015ftirmek i\u00e7in egzersiz, e\u011fitim ve dan\u0131\u015fmanl\u0131k i\u00e7eren yap\u0131land\u0131r\u0131lm\u0131\u015f bir programd\u0131r.<br \/>T\u0131bbi uygulamalar\u0131n ve tedavi tercihlerinin zaman i\u00e7inde de\u011fi\u015febilece\u011fini l\u00fctfen unutmay\u0131n. En do\u011fru ve g\u00fcncel bilgiler i\u00e7in Aren Clinic ekibimize dan\u0131\u015fman\u0131z veya T\u00fcrkiye&#8217;ye \u00f6zg\u00fc g\u00fcncel t\u0131bbi kaynaklara ba\u015fvurman\u0131z tavsiye edilir.<\/p>\n\t\t\t\t\t\t\t\t<\/div>\n\t\t\t\t<\/div>\n\t\t\t\t<\/div>\n\t\t\t\t\t<\/div>\n\t\t\t\t<\/div>\n\t\t<div class=\"elementor-element elementor-element-e134f98 e-flex e-con-boxed e-con e-parent\" data-id=\"e134f98\" data-element_type=\"container\">\n\t\t\t\t\t<div class=\"e-con-inner\">\n\t\t\t\t<div class=\"elementor-element elementor-element-e377766 elementor-widget elementor-widget-heading\" data-id=\"e377766\" data-element_type=\"widget\" data-widget_type=\"heading.default\">\n\t\t\t\t<div class=\"elementor-widget-container\">\n\t\t\t\t\t<h2 class=\"elementor-heading-title elementor-size-default\">Hizmetler<\/h2>\t\t\t\t<\/div>\n\t\t\t\t<\/div>\n\t\t\t\t<div class=\"elementor-element elementor-element-af56cf5 elementor-widget elementor-widget-text-editor\" data-id=\"af56cf5\" data-element_type=\"widget\" data-widget_type=\"text-editor.default\">\n\t\t\t\t<div class=\"elementor-widget-container\">\n\t\t\t\t\t\t\t\t\t<p>Aren Klinik&#8217;te, sundu\u011fumuz bir dizi farkl\u0131 hizmetle hastalar\u0131m\u0131z\u0131n benzersiz bir ya\u015fam deneyimi ya\u015famalar\u0131n\u0131 sa\u011flamaya \u00e7al\u0131\u015f\u0131yoruz.<\/p>\n\t\t\t\t\t\t\t\t<\/div>\n\t\t\t\t<\/div>\n\t\t\t\t\t<\/div>\n\t\t\t\t<\/div>\n\t\t<div class=\"elementor-element elementor-element-3ac21fb e-flex e-con-boxed e-con e-parent\" data-id=\"3ac21fb\" data-element_type=\"container\">\n\t\t\t\t\t<div class=\"e-con-inner\">\n\t\t<div class=\"elementor-element elementor-element-470b021 e-con-full e-flex e-con e-child\" data-id=\"470b021\" data-element_type=\"container\" data-settings=\"{&quot;background_background&quot;:&quot;classic&quot;}\">\n\t\t\t\t<div class=\"elementor-element elementor-element-89606fe elementor-view-framed elementor-shape-circle elementor-widget elementor-widget-icon\" data-id=\"89606fe\" data-element_type=\"widget\" data-widget_type=\"icon.default\">\n\t\t\t\t<div class=\"elementor-widget-container\">\n\t\t\t\t\t\t\t<div class=\"elementor-icon-wrapper\">\n\t\t\t<div class=\"elementor-icon\">\n\t\t\t<i aria-hidden=\"true\" class=\"fas fa-car\"><\/i>\t\t\t<\/div>\n\t\t<\/div>\n\t\t\t\t\t\t<\/div>\n\t\t\t\t<\/div>\n\t\t\t\t<div class=\"elementor-element elementor-element-89dc7a8 elementor-widget elementor-widget-heading\" data-id=\"89dc7a8\" data-element_type=\"widget\" data-widget_type=\"heading.default\">\n\t\t\t\t<div class=\"elementor-widget-container\">\n\t\t\t\t\t<h2 class=\"elementor-heading-title elementor-size-default\">Ula\u015f\u0131m<\/h2>\t\t\t\t<\/div>\n\t\t\t\t<\/div>\n\t\t\t\t<\/div>\n\t\t<div class=\"elementor-element elementor-element-0228a00 e-con-full e-flex e-con e-child\" data-id=\"0228a00\" data-element_type=\"container\" data-settings=\"{&quot;background_background&quot;:&quot;classic&quot;}\">\n\t\t\t\t<div class=\"elementor-element elementor-element-9bf3d22 elementor-view-framed elementor-shape-circle elementor-widget elementor-widget-icon\" data-id=\"9bf3d22\" data-element_type=\"widget\" data-widget_type=\"icon.default\">\n\t\t\t\t<div class=\"elementor-widget-container\">\n\t\t\t\t\t\t\t<div class=\"elementor-icon-wrapper\">\n\t\t\t<div class=\"elementor-icon\">\n\t\t\t<i aria-hidden=\"true\" class=\"fas fa-language\"><\/i>\t\t\t<\/div>\n\t\t<\/div>\n\t\t\t\t\t\t<\/div>\n\t\t\t\t<\/div>\n\t\t\t\t<div class=\"elementor-element elementor-element-2385877 elementor-widget elementor-widget-heading\" data-id=\"2385877\" data-element_type=\"widget\" data-widget_type=\"heading.default\">\n\t\t\t\t<div class=\"elementor-widget-container\">\n\t\t\t\t\t<h2 class=\"elementor-heading-title elementor-size-default\">\u00c7eviri<\/h2>\t\t\t\t<\/div>\n\t\t\t\t<\/div>\n\t\t\t\t<\/div>\n\t\t<div class=\"elementor-element elementor-element-f36b549 e-con-full e-flex e-con e-child\" data-id=\"f36b549\" data-element_type=\"container\" data-settings=\"{&quot;background_background&quot;:&quot;classic&quot;}\">\n\t\t\t\t<div class=\"elementor-element elementor-element-58de9f1 elementor-view-framed elementor-shape-circle elementor-widget elementor-widget-icon\" data-id=\"58de9f1\" data-element_type=\"widget\" data-widget_type=\"icon.default\">\n\t\t\t\t<div class=\"elementor-widget-container\">\n\t\t\t\t\t\t\t<div class=\"elementor-icon-wrapper\">\n\t\t\t<div class=\"elementor-icon\">\n\t\t\t<i aria-hidden=\"true\" class=\"fas fa-hotel\"><\/i>\t\t\t<\/div>\n\t\t<\/div>\n\t\t\t\t\t\t<\/div>\n\t\t\t\t<\/div>\n\t\t\t\t<div class=\"elementor-element elementor-element-8faaa64 elementor-widget elementor-widget-heading\" data-id=\"8faaa64\" data-element_type=\"widget\" data-widget_type=\"heading.default\">\n\t\t\t\t<div class=\"elementor-widget-container\">\n\t\t\t\t\t<h2 class=\"elementor-heading-title elementor-size-default\">Konaklama<\/h2>\t\t\t\t<\/div>\n\t\t\t\t<\/div>\n\t\t\t\t<\/div>\n\t\t<div class=\"elementor-element elementor-element-bd792ad e-con-full e-flex e-con e-child\" data-id=\"bd792ad\" data-element_type=\"container\" data-settings=\"{&quot;background_background&quot;:&quot;classic&quot;}\">\n\t\t\t\t<div class=\"elementor-element elementor-element-2f43463 elementor-view-framed elementor-shape-circle elementor-widget elementor-widget-icon\" data-id=\"2f43463\" data-element_type=\"widget\" data-widget_type=\"icon.default\">\n\t\t\t\t<div class=\"elementor-widget-container\">\n\t\t\t\t\t\t\t<div class=\"elementor-icon-wrapper\">\n\t\t\t<div class=\"elementor-icon\">\n\t\t\t<i aria-hidden=\"true\" class=\"fas fa-hospital\"><\/i>\t\t\t<\/div>\n\t\t<\/div>\n\t\t\t\t\t\t<\/div>\n\t\t\t\t<\/div>\n\t\t\t\t<div class=\"elementor-element elementor-element-c85098b elementor-widget elementor-widget-heading\" data-id=\"c85098b\" data-element_type=\"widget\" data-widget_type=\"heading.default\">\n\t\t\t\t<div class=\"elementor-widget-container\">\n\t\t\t\t\t<h2 class=\"elementor-heading-title elementor-size-default\">A S\u0131n\u0131f\u0131 Hastaneler<\/h2>\t\t\t\t<\/div>\n\t\t\t\t<\/div>\n\t\t\t\t<\/div>\n\t\t<div class=\"elementor-element elementor-element-26d71d8 e-con-full e-flex e-con e-child\" data-id=\"26d71d8\" data-element_type=\"container\" data-settings=\"{&quot;background_background&quot;:&quot;classic&quot;}\">\n\t\t\t\t<div class=\"elementor-element elementor-element-5762c37 elementor-view-framed elementor-shape-circle elementor-widget elementor-widget-icon\" data-id=\"5762c37\" data-element_type=\"widget\" data-widget_type=\"icon.default\">\n\t\t\t\t<div class=\"elementor-widget-container\">\n\t\t\t\t\t\t\t<div class=\"elementor-icon-wrapper\">\n\t\t\t<div class=\"elementor-icon\">\n\t\t\t<i aria-hidden=\"true\" class=\"fas fa-award\"><\/i>\t\t\t<\/div>\n\t\t<\/div>\n\t\t\t\t\t\t<\/div>\n\t\t\t\t<\/div>\n\t\t\t\t<div class=\"elementor-element elementor-element-689a703 elementor-widget elementor-widget-heading\" data-id=\"689a703\" data-element_type=\"widget\" data-widget_type=\"heading.default\">\n\t\t\t\t<div class=\"elementor-widget-container\">\n\t\t\t\t\t<h2 class=\"elementor-heading-title elementor-size-default\">Garanti Sertifikalar\u0131\n<\/h2>\t\t\t\t<\/div>\n\t\t\t\t<\/div>\n\t\t\t\t<\/div>\n\t\t\t\t\t<\/div>\n\t\t\t\t<\/div>\n\t\t\t\t<\/div>\n\t\t","protected":false},"excerpt":{"rendered":"<p>Kardiyoloji Aren Klinik&#8217;te, T\u00fcrkiye&#8217;nin d\u00f6rt bir yan\u0131ndaki tan\u0131nm\u0131\u015f hastanelerle ortakla\u015fa ola\u011fan\u00fcst\u00fc kardiyoloji hizmetleri sunuyoruz \u0130leti\u015fime ge\u00e7in Kardiyoloji Son derece yetenekli kardiyologlardan olu\u015fan ekibimiz, \u00e7e\u015fitli kardiyovask\u00fcler rahats\u0131zl\u0131klara kapsaml\u0131 bak\u0131m sa\u011flamak i\u00e7in en son teknolojiyi ve geli\u015fmi\u015f tedavi y\u00f6ntemlerini kullanmaktad\u0131r. \u00d6nleyici taramalardan pediatrik kardiyoloji tedavileri de dahil olmak \u00fczere karma\u015f\u0131k m\u00fcdahalelere kadar hastalar\u0131m\u0131z\u0131n refah\u0131na \u00f6ncelik veriyoruz.\u0130ster tan\u0131sal [&hellip;]<\/p>\n","protected":false},"author":1,"featured_media":0,"parent":0,"menu_order":0,"comment_status":"closed","ping_status":"closed","template":"","meta":{"footnotes":""},"class_list":["post-3053","page","type-page","status-publish","hentry"],"_links":{"self":[{"href":"https:\/\/arenclinic.com\/tr\/wp-json\/wp\/v2\/pages\/3053","targetHints":{"allow":["GET"]}}],"collection":[{"href":"https:\/\/arenclinic.com\/tr\/wp-json\/wp\/v2\/pages"}],"about":[{"href":"https:\/\/arenclinic.com\/tr\/wp-json\/wp\/v2\/types\/page"}],"author":[{"embeddable":true,"href":"https:\/\/arenclinic.com\/tr\/wp-json\/wp\/v2\/users\/1"}],"replies":[{"embeddable":true,"href":"https:\/\/arenclinic.com\/tr\/wp-json\/wp\/v2\/comments?post=3053"}],"version-history":[{"count":2,"href":"https:\/\/arenclinic.com\/tr\/wp-json\/wp\/v2\/pages\/3053\/revisions"}],"predecessor-version":[{"id":3078,"href":"https:\/\/arenclinic.com\/tr\/wp-json\/wp\/v2\/pages\/3053\/revisions\/3078"}],"wp:attachment":[{"href":"https:\/\/arenclinic.com\/tr\/wp-json\/wp\/v2\/media?parent=3053"}],"curies":[{"name":"wp","href":"https:\/\/api.w.org\/{rel}","templated":true}]}}