{"id":3071,"date":"2023-12-06T17:17:47","date_gmt":"2023-12-06T14:17:47","guid":{"rendered":"https:\/\/arenclinic.com\/ortopedi\/"},"modified":"2024-05-02T19:13:06","modified_gmt":"2024-05-02T16:13:06","slug":"ortopedi","status":"publish","type":"page","link":"https:\/\/arenclinic.com\/tr\/ortopedi\/","title":{"rendered":"Ortopedi"},"content":{"rendered":"\t\t<div data-elementor-type=\"wp-page\" data-elementor-id=\"3071\" class=\"elementor elementor-3071 elementor-2671\" data-elementor-post-type=\"page\">\n\t\t\t\t<div class=\"elementor-element elementor-element-959a8a6 e-flex e-con-boxed elementor-invisible e-con e-parent\" data-id=\"959a8a6\" data-element_type=\"container\" data-settings=\"{&quot;background_background&quot;:&quot;classic&quot;,&quot;animation&quot;:&quot;slideInRight&quot;}\">\n\t\t\t\t\t<div class=\"e-con-inner\">\n\t\t\t\t<div class=\"elementor-element elementor-element-12e20a1 elementor-widget-mobile__width-inherit elementor-widget elementor-widget-heading\" data-id=\"12e20a1\" data-element_type=\"widget\" data-widget_type=\"heading.default\">\n\t\t\t\t<div class=\"elementor-widget-container\">\n\t\t\t\t\t<h1 class=\"elementor-heading-title elementor-size-default\">Ortopedi<\/h1>\t\t\t\t<\/div>\n\t\t\t\t<\/div>\n\t\t\t\t<div class=\"elementor-element elementor-element-638751c elementor-widget elementor-widget-spacer\" data-id=\"638751c\" data-element_type=\"widget\" data-widget_type=\"spacer.default\">\n\t\t\t\t<div class=\"elementor-widget-container\">\n\t\t\t\t\t\t\t<div class=\"elementor-spacer\">\n\t\t\t<div class=\"elementor-spacer-inner\"><\/div>\n\t\t<\/div>\n\t\t\t\t\t\t<\/div>\n\t\t\t\t<\/div>\n\t\t\t\t<div class=\"elementor-element elementor-element-52b0784 elementor-widget__width-initial elementor-widget-mobile__width-initial elementor-widget elementor-widget-text-editor\" data-id=\"52b0784\" data-element_type=\"widget\" data-widget_type=\"text-editor.default\">\n\t\t\t\t<div class=\"elementor-widget-container\">\n\t\t\t\t\t\t\t\t\t<p>Aren Klinik, T\u00fcrkiye \u00e7ap\u0131nda prestijli hastanelerle i\u015fbirli\u011fi i\u00e7inde sunulan ola\u011fan\u00fcst\u00fc ortopedi hizmetlerimizle gurur duymaktad\u0131r.<\/p>\n\t\t\t\t\t\t\t\t<\/div>\n\t\t\t\t<\/div>\n\t\t\t\t<div class=\"elementor-element elementor-element-8035b76 elementor-widget elementor-widget-spacer\" data-id=\"8035b76\" data-element_type=\"widget\" data-widget_type=\"spacer.default\">\n\t\t\t\t<div class=\"elementor-widget-container\">\n\t\t\t\t\t\t\t<div class=\"elementor-spacer\">\n\t\t\t<div class=\"elementor-spacer-inner\"><\/div>\n\t\t<\/div>\n\t\t\t\t\t\t<\/div>\n\t\t\t\t<\/div>\n\t\t\t\t<div class=\"elementor-element elementor-element-c3e2dc2 elementor-widget elementor-widget-spacer\" data-id=\"c3e2dc2\" data-element_type=\"widget\" data-widget_type=\"spacer.default\">\n\t\t\t\t<div class=\"elementor-widget-container\">\n\t\t\t\t\t\t\t<div class=\"elementor-spacer\">\n\t\t\t<div class=\"elementor-spacer-inner\"><\/div>\n\t\t<\/div>\n\t\t\t\t\t\t<\/div>\n\t\t\t\t<\/div>\n\t\t\t\t<div class=\"elementor-element elementor-element-bd9d4bf elementor-align-right elementor-mobile-align-center elementor-widget elementor-widget-button\" data-id=\"bd9d4bf\" data-element_type=\"widget\" data-widget_type=\"button.default\">\n\t\t\t\t<div class=\"elementor-widget-container\">\n\t\t\t\t\t\t\t\t\t<div class=\"elementor-button-wrapper\">\n\t\t\t\t\t<a class=\"elementor-button elementor-button-link elementor-size-lg\" href=\"#elementor-action%3Aaction%3Dpopup%3Aopen%26settings%3DeyJpZCI6NDM2LCJ0b2dnbGUiOmZhbHNlfQ%3D%3D\">\n\t\t\t\t\t\t<span class=\"elementor-button-content-wrapper\">\n\t\t\t\t\t\t\t\t\t<span class=\"elementor-button-text\">\u0130leti\u015fime ge\u00e7in<\/span>\n\t\t\t\t\t<\/span>\n\t\t\t\t\t<\/a>\n\t\t\t\t<\/div>\n\t\t\t\t\t\t\t\t<\/div>\n\t\t\t\t<\/div>\n\t\t\t\t\t<\/div>\n\t\t\t\t<\/div>\n\t\t<div class=\"elementor-element elementor-element-ac0768b e-flex e-con-boxed e-con e-parent\" data-id=\"ac0768b\" data-element_type=\"container\">\n\t\t\t\t\t<div class=\"e-con-inner\">\n\t\t<div class=\"elementor-element elementor-element-993f8f3 e-con-full e-flex e-con e-child\" data-id=\"993f8f3\" data-element_type=\"container\">\n\t\t\t\t<div class=\"elementor-element elementor-element-5942d8d elementor-widget elementor-widget-heading\" data-id=\"5942d8d\" data-element_type=\"widget\" data-widget_type=\"heading.default\">\n\t\t\t\t<div class=\"elementor-widget-container\">\n\t\t\t\t\t<h2 class=\"elementor-heading-title elementor-size-default\">Ortopedi<\/h2>\t\t\t\t<\/div>\n\t\t\t\t<\/div>\n\t\t\t\t<div class=\"elementor-element elementor-element-1d3c87b elementor-widget elementor-widget-text-editor\" data-id=\"1d3c87b\" data-element_type=\"widget\" data-widget_type=\"text-editor.default\">\n\t\t\t\t<div class=\"elementor-widget-container\">\n\t\t\t\t\t\t\t\t\t<p>Aren Klinik, T\u00fcrkiye \u00e7ap\u0131nda prestijli hastanelerle i\u015fbirli\u011fi i\u00e7inde sunulan ola\u011fan\u00fcst\u00fc ortopedi hizmetlerimizle gurur duymaktad\u0131r. Uzman ortopedi cerrahlar\u0131m\u0131z ve t\u0131bbi personelimiz, \u00e7ok \u00e7e\u015fitli kas-iskelet sistemi rahats\u0131zl\u0131klar\u0131 i\u00e7in en kaliteli bak\u0131m\u0131 sa\u011flamaya kararl\u0131d\u0131r.<\/p>\n\t\t\t\t\t\t\t\t<\/div>\n\t\t\t\t<\/div>\n\t\t\t\t<\/div>\n\t\t<div class=\"elementor-element elementor-element-1f112eb e-con-full e-flex e-con e-child\" data-id=\"1f112eb\" data-element_type=\"container\">\n\t\t\t\t<div class=\"elementor-element elementor-element-86f2a90 elementor-widget elementor-widget-image\" data-id=\"86f2a90\" data-element_type=\"widget\" data-widget_type=\"image.default\">\n\t\t\t\t<div class=\"elementor-widget-container\">\n\t\t\t\t\t\t\t\t\t\t\t\t\t\t\t<img fetchpriority=\"high\" decoding=\"async\" width=\"800\" height=\"533\" src=\"https:\/\/arenclinic.com\/wp-content\/uploads\/2023\/12\/Orthopedics.webp\" class=\"attachment-large size-large wp-image-3073\" alt=\"\" srcset=\"https:\/\/arenclinic.com\/wp-content\/uploads\/2023\/12\/Orthopedics.webp 900w, https:\/\/arenclinic.com\/wp-content\/uploads\/2023\/12\/Orthopedics-300x200.webp 300w, https:\/\/arenclinic.com\/wp-content\/uploads\/2023\/12\/Orthopedics-768x512.webp 768w\" sizes=\"(max-width: 800px) 100vw, 800px\" \/>\t\t\t\t\t\t\t\t\t\t\t\t\t\t\t<\/div>\n\t\t\t\t<\/div>\n\t\t\t\t<\/div>\n\t\t\t\t\t<\/div>\n\t\t\t\t<\/div>\n\t\t<div class=\"elementor-element elementor-element-0364da1 e-flex e-con-boxed e-con e-parent\" data-id=\"0364da1\" data-element_type=\"container\">\n\t\t\t\t\t<div class=\"e-con-inner\">\n\t\t<div class=\"elementor-element elementor-element-0bba0c2 e-con-full e-flex e-con e-child\" data-id=\"0bba0c2\" data-element_type=\"container\">\n\t\t\t\t<div class=\"elementor-element elementor-element-2245d05 elementor-widget elementor-widget-text-editor\" data-id=\"2245d05\" data-element_type=\"widget\" data-widget_type=\"text-editor.default\">\n\t\t\t\t<div class=\"elementor-widget-container\">\n\t\t\t\t\t\t\t\t\t<p>Eklem replasmanlar\u0131 ve spor yaralanmalar\u0131ndan omurga bozukluklar\u0131 ve travma vakalar\u0131na kadar, kapsaml\u0131 yakla\u015f\u0131m\u0131m\u0131z do\u011fru te\u015fhis, ileri cerrahi teknikler ve etkili rehabilitasyonu kapsamaktad\u0131r.<\/p>\n<p>Son teknoloji tesisler ve hasta merkezli bir yakla\u015f\u0131mla Aren Clinic, hareket kabiliyetinizi yeniden kazanman\u0131za ve ya\u015fam kalitenizi art\u0131rman\u0131za yard\u0131mc\u0131 olmaya \u00e7al\u0131\u015fmaktad\u0131r.<\/p>\n\t\t\t\t\t\t\t\t<\/div>\n\t\t\t\t<\/div>\n\t\t\t\t<\/div>\n\t\t\t\t\t<\/div>\n\t\t\t\t<\/div>\n\t\t<div class=\"elementor-element elementor-element-a7ecd32 e-flex e-con-boxed e-con e-parent\" data-id=\"a7ecd32\" data-element_type=\"container\">\n\t\t\t\t\t<div class=\"e-con-inner\">\n\t\t\t\t<div class=\"elementor-element elementor-element-25c126f elementor-widget elementor-widget-heading\" data-id=\"25c126f\" data-element_type=\"widget\" data-widget_type=\"heading.default\">\n\t\t\t\t<div class=\"elementor-widget-container\">\n\t\t\t\t\t<h3 class=\"elementor-heading-title elementor-size-default\">Total Eklem Protezi:  <\/h3>\t\t\t\t<\/div>\n\t\t\t\t<\/div>\n\t\t\t\t<div class=\"elementor-element elementor-element-54003e2 elementor-widget elementor-widget-text-editor\" data-id=\"54003e2\" data-element_type=\"widget\" data-widget_type=\"text-editor.default\">\n\t\t\t\t<div class=\"elementor-widget-container\">\n\t\t\t\t\t\t\t\t\t<p>A\u011fr\u0131y\u0131 hafifletmek ve hareket kabiliyetini art\u0131rmak i\u00e7in diz veya kal\u00e7a gibi hasarl\u0131 eklemlerin yapay implantlarla de\u011fi\u015ftirilmesini i\u00e7erir.<\/p>\n\t\t\t\t\t\t\t\t<\/div>\n\t\t\t\t<\/div>\n\t\t\t\t\t<\/div>\n\t\t\t\t<\/div>\n\t\t<div class=\"elementor-element elementor-element-ea72639 e-flex e-con-boxed e-con e-parent\" data-id=\"ea72639\" data-element_type=\"container\">\n\t\t\t\t\t<div class=\"e-con-inner\">\n\t\t\t\t<div class=\"elementor-element elementor-element-7a2da03 elementor-widget elementor-widget-heading\" data-id=\"7a2da03\" data-element_type=\"widget\" data-widget_type=\"heading.default\">\n\t\t\t\t<div class=\"elementor-widget-container\">\n\t\t\t\t\t<h3 class=\"elementor-heading-title elementor-size-default\">Artroskopik Cerrahi:  <\/h3>\t\t\t\t<\/div>\n\t\t\t\t<\/div>\n\t\t\t\t<div class=\"elementor-element elementor-element-39d8935 elementor-widget elementor-widget-text-editor\" data-id=\"39d8935\" data-element_type=\"widget\" data-widget_type=\"text-editor.default\">\n\t\t\t\t<div class=\"elementor-widget-container\">\n\t\t\t\t\t\t\t\t\t<p>Minimal invaziv cerrahi teknikler, y\u0131rt\u0131k ba\u011flar veya k\u0131k\u0131rdak hasar\u0131 gibi \u00e7e\u015fitli eklem sorunlar\u0131n\u0131 te\u015fhis ve tedavi etmek i\u00e7in kullan\u0131l\u0131r.<\/p>\n\t\t\t\t\t\t\t\t<\/div>\n\t\t\t\t<\/div>\n\t\t\t\t\t<\/div>\n\t\t\t\t<\/div>\n\t\t<div class=\"elementor-element elementor-element-7ced027 e-flex e-con-boxed e-con e-parent\" data-id=\"7ced027\" data-element_type=\"container\">\n\t\t\t\t\t<div class=\"e-con-inner\">\n\t\t\t\t<div class=\"elementor-element elementor-element-d50b93a elementor-widget elementor-widget-heading\" data-id=\"d50b93a\" data-element_type=\"widget\" data-widget_type=\"heading.default\">\n\t\t\t\t<div class=\"elementor-widget-container\">\n\t\t\t\t\t<h3 class=\"elementor-heading-title elementor-size-default\">Omurga Cerrahisi:  <\/h3>\t\t\t\t<\/div>\n\t\t\t\t<\/div>\n\t\t\t\t<div class=\"elementor-element elementor-element-db7252e elementor-widget elementor-widget-text-editor\" data-id=\"db7252e\" data-element_type=\"widget\" data-widget_type=\"text-editor.default\">\n\t\t\t\t<div class=\"elementor-widget-container\">\n\t\t\t\t\t\t\t\t\t<p>Spinal f\u00fczyon veya diskektomi gibi prosed\u00fcrler, bel f\u0131t\u0131\u011f\u0131 veya omurga deformiteleri gibi durumlar\u0131 ele almak i\u00e7in ger\u00e7ekle\u015ftirilir.<\/p>\n\t\t\t\t\t\t\t\t<\/div>\n\t\t\t\t<\/div>\n\t\t\t\t\t<\/div>\n\t\t\t\t<\/div>\n\t\t<div class=\"elementor-element elementor-element-b72db7d e-flex e-con-boxed e-con e-parent\" data-id=\"b72db7d\" data-element_type=\"container\">\n\t\t\t\t\t<div class=\"e-con-inner\">\n\t\t\t\t<div class=\"elementor-element elementor-element-b06cad0 elementor-widget elementor-widget-heading\" data-id=\"b06cad0\" data-element_type=\"widget\" data-widget_type=\"heading.default\">\n\t\t\t\t<div class=\"elementor-widget-container\">\n\t\t\t\t\t<h3 class=\"elementor-heading-title elementor-size-default\">K\u0131r\u0131k Y\u00f6netimi:  <\/h3>\t\t\t\t<\/div>\n\t\t\t\t<\/div>\n\t\t\t\t<div class=\"elementor-element elementor-element-c8e7d39 elementor-widget elementor-widget-text-editor\" data-id=\"c8e7d39\" data-element_type=\"widget\" data-widget_type=\"text-editor.default\">\n\t\t\t\t<div class=\"elementor-widget-container\">\n\t\t\t\t\t\t\t\t\t<p>Kemik k\u0131r\u0131klar\u0131 i\u00e7in tedavi y\u00f6ntemleri, ciddiyetine ba\u011fl\u0131 olarak al\u00e7\u0131lama veya desteklemeden plakalar, vidalar veya \u00e7ubuklarla cerrahi fiksasyona kadar de\u011fi\u015fir.<\/p>\n\t\t\t\t\t\t\t\t<\/div>\n\t\t\t\t<\/div>\n\t\t\t\t\t<\/div>\n\t\t\t\t<\/div>\n\t\t<div class=\"elementor-element elementor-element-00d0a4d e-flex e-con-boxed e-con e-parent\" data-id=\"00d0a4d\" data-element_type=\"container\">\n\t\t\t\t\t<div class=\"e-con-inner\">\n\t\t\t\t<div class=\"elementor-element elementor-element-74b3a9a elementor-widget elementor-widget-heading\" data-id=\"74b3a9a\" data-element_type=\"widget\" data-widget_type=\"heading.default\">\n\t\t\t\t<div class=\"elementor-widget-container\">\n\t\t\t\t\t<h3 class=\"elementor-heading-title elementor-size-default\">Fizik Tedavi ve Rehabilitasyon:  <\/h3>\t\t\t\t<\/div>\n\t\t\t\t<\/div>\n\t\t\t\t<div class=\"elementor-element elementor-element-c7b8096 elementor-widget elementor-widget-text-editor\" data-id=\"c7b8096\" data-element_type=\"widget\" data-widget_type=\"text-editor.default\">\n\t\t\t\t<div class=\"elementor-widget-container\">\n\t\t\t\t\t\t\t\t\t<p>Egzersizler, manuel terapi ve di\u011fer teknikler de dahil olmak \u00fczere cerrahi olmayan yakla\u015f\u0131mlar, kas-iskelet sistemi rahats\u0131zl\u0131klar\u0131n\u0131 iyile\u015ftirmek ve iyile\u015fmeyi kolayla\u015ft\u0131rmak i\u00e7in kullan\u0131l\u0131r.<\/p>\n\t\t\t\t\t\t\t\t<\/div>\n\t\t\t\t<\/div>\n\t\t\t\t\t<\/div>\n\t\t\t\t<\/div>\n\t\t<div class=\"elementor-element elementor-element-4ca0666 e-flex e-con-boxed e-con e-parent\" data-id=\"4ca0666\" data-element_type=\"container\">\n\t\t\t\t\t<div class=\"e-con-inner\">\n\t\t\t\t<div class=\"elementor-element elementor-element-799f8e7 elementor-widget elementor-widget-text-editor\" data-id=\"799f8e7\" data-element_type=\"widget\" data-widget_type=\"text-editor.default\">\n\t\t\t\t<div class=\"elementor-widget-container\">\n\t\t\t\t\t\t\t\t\t<p>T\u0131bbi uygulamalar\u0131n ve tedavi tercihlerinin zaman i\u00e7inde de\u011fi\u015febilece\u011fini l\u00fctfen unutmay\u0131n. En do\u011fru ve g\u00fcncel bilgiler i\u00e7in Aren Clinic ekibimize dan\u0131\u015fman\u0131z veya T\u00fcrkiye&#8217;ye \u00f6zg\u00fc g\u00fcncel t\u0131bbi kaynaklara ba\u015fvurman\u0131z tavsiye edilir.<\/p>\n\t\t\t\t\t\t\t\t<\/div>\n\t\t\t\t<\/div>\n\t\t\t\t\t<\/div>\n\t\t\t\t<\/div>\n\t\t<div class=\"elementor-element elementor-element-e25421e e-flex e-con-boxed e-con e-parent\" data-id=\"e25421e\" data-element_type=\"container\">\n\t\t\t\t\t<div class=\"e-con-inner\">\n\t\t\t\t<div class=\"elementor-element elementor-element-fc30134 elementor-widget elementor-widget-heading\" data-id=\"fc30134\" data-element_type=\"widget\" data-widget_type=\"heading.default\">\n\t\t\t\t<div class=\"elementor-widget-container\">\n\t\t\t\t\t<h2 class=\"elementor-heading-title elementor-size-default\">Hizmetler<\/h2>\t\t\t\t<\/div>\n\t\t\t\t<\/div>\n\t\t\t\t<div class=\"elementor-element elementor-element-6ecdf8e elementor-widget elementor-widget-text-editor\" data-id=\"6ecdf8e\" data-element_type=\"widget\" data-widget_type=\"text-editor.default\">\n\t\t\t\t<div class=\"elementor-widget-container\">\n\t\t\t\t\t\t\t\t\t<p>Aren Klinik&#8217;te, sundu\u011fumuz bir dizi farkl\u0131 hizmetle hastalar\u0131m\u0131z\u0131n benzersiz bir ya\u015fam deneyimi ya\u015famalar\u0131n\u0131 sa\u011flamaya \u00e7al\u0131\u015f\u0131yoruz.<\/p>\n\t\t\t\t\t\t\t\t<\/div>\n\t\t\t\t<\/div>\n\t\t\t\t\t<\/div>\n\t\t\t\t<\/div>\n\t\t<div class=\"elementor-element elementor-element-1db0358 e-flex e-con-boxed e-con e-parent\" data-id=\"1db0358\" data-element_type=\"container\">\n\t\t\t\t\t<div class=\"e-con-inner\">\n\t\t<div class=\"elementor-element elementor-element-c686e6d e-con-full e-flex e-con e-child\" data-id=\"c686e6d\" data-element_type=\"container\" data-settings=\"{&quot;background_background&quot;:&quot;classic&quot;}\">\n\t\t\t\t<div class=\"elementor-element elementor-element-54a57b1 elementor-view-framed elementor-shape-circle elementor-widget elementor-widget-icon\" data-id=\"54a57b1\" data-element_type=\"widget\" data-widget_type=\"icon.default\">\n\t\t\t\t<div class=\"elementor-widget-container\">\n\t\t\t\t\t\t\t<div class=\"elementor-icon-wrapper\">\n\t\t\t<div class=\"elementor-icon\">\n\t\t\t<i aria-hidden=\"true\" class=\"fas fa-car\"><\/i>\t\t\t<\/div>\n\t\t<\/div>\n\t\t\t\t\t\t<\/div>\n\t\t\t\t<\/div>\n\t\t\t\t<div class=\"elementor-element elementor-element-e39dfce elementor-widget elementor-widget-heading\" data-id=\"e39dfce\" data-element_type=\"widget\" data-widget_type=\"heading.default\">\n\t\t\t\t<div class=\"elementor-widget-container\">\n\t\t\t\t\t<h2 class=\"elementor-heading-title elementor-size-default\">Ula\u015f\u0131m<\/h2>\t\t\t\t<\/div>\n\t\t\t\t<\/div>\n\t\t\t\t<\/div>\n\t\t<div class=\"elementor-element elementor-element-a96e583 e-con-full e-flex e-con e-child\" data-id=\"a96e583\" data-element_type=\"container\" data-settings=\"{&quot;background_background&quot;:&quot;classic&quot;}\">\n\t\t\t\t<div class=\"elementor-element elementor-element-a09c05d elementor-view-framed elementor-shape-circle elementor-widget elementor-widget-icon\" data-id=\"a09c05d\" data-element_type=\"widget\" data-widget_type=\"icon.default\">\n\t\t\t\t<div class=\"elementor-widget-container\">\n\t\t\t\t\t\t\t<div class=\"elementor-icon-wrapper\">\n\t\t\t<div class=\"elementor-icon\">\n\t\t\t<i aria-hidden=\"true\" class=\"fas fa-language\"><\/i>\t\t\t<\/div>\n\t\t<\/div>\n\t\t\t\t\t\t<\/div>\n\t\t\t\t<\/div>\n\t\t\t\t<div class=\"elementor-element elementor-element-f94597e elementor-widget elementor-widget-heading\" data-id=\"f94597e\" data-element_type=\"widget\" data-widget_type=\"heading.default\">\n\t\t\t\t<div class=\"elementor-widget-container\">\n\t\t\t\t\t<h2 class=\"elementor-heading-title elementor-size-default\">\u00c7eviri<\/h2>\t\t\t\t<\/div>\n\t\t\t\t<\/div>\n\t\t\t\t<\/div>\n\t\t<div class=\"elementor-element elementor-element-f3c1ff5 e-con-full e-flex e-con e-child\" data-id=\"f3c1ff5\" data-element_type=\"container\" data-settings=\"{&quot;background_background&quot;:&quot;classic&quot;}\">\n\t\t\t\t<div class=\"elementor-element elementor-element-dcb72fa elementor-view-framed elementor-shape-circle elementor-widget elementor-widget-icon\" data-id=\"dcb72fa\" data-element_type=\"widget\" data-widget_type=\"icon.default\">\n\t\t\t\t<div class=\"elementor-widget-container\">\n\t\t\t\t\t\t\t<div class=\"elementor-icon-wrapper\">\n\t\t\t<div class=\"elementor-icon\">\n\t\t\t<i aria-hidden=\"true\" class=\"fas fa-hotel\"><\/i>\t\t\t<\/div>\n\t\t<\/div>\n\t\t\t\t\t\t<\/div>\n\t\t\t\t<\/div>\n\t\t\t\t<div class=\"elementor-element elementor-element-06cafc5 elementor-widget elementor-widget-heading\" data-id=\"06cafc5\" data-element_type=\"widget\" data-widget_type=\"heading.default\">\n\t\t\t\t<div class=\"elementor-widget-container\">\n\t\t\t\t\t<h2 class=\"elementor-heading-title elementor-size-default\">Konaklama<\/h2>\t\t\t\t<\/div>\n\t\t\t\t<\/div>\n\t\t\t\t<\/div>\n\t\t<div class=\"elementor-element elementor-element-d159a81 e-con-full e-flex e-con e-child\" data-id=\"d159a81\" data-element_type=\"container\" data-settings=\"{&quot;background_background&quot;:&quot;classic&quot;}\">\n\t\t\t\t<div class=\"elementor-element elementor-element-6d1b497 elementor-view-framed elementor-shape-circle elementor-widget elementor-widget-icon\" data-id=\"6d1b497\" data-element_type=\"widget\" data-widget_type=\"icon.default\">\n\t\t\t\t<div class=\"elementor-widget-container\">\n\t\t\t\t\t\t\t<div class=\"elementor-icon-wrapper\">\n\t\t\t<div class=\"elementor-icon\">\n\t\t\t<i aria-hidden=\"true\" class=\"fas fa-hospital\"><\/i>\t\t\t<\/div>\n\t\t<\/div>\n\t\t\t\t\t\t<\/div>\n\t\t\t\t<\/div>\n\t\t\t\t<div class=\"elementor-element elementor-element-a26da03 elementor-widget elementor-widget-heading\" data-id=\"a26da03\" data-element_type=\"widget\" data-widget_type=\"heading.default\">\n\t\t\t\t<div class=\"elementor-widget-container\">\n\t\t\t\t\t<h2 class=\"elementor-heading-title elementor-size-default\">A S\u0131n\u0131f\u0131 Hastaneler<\/h2>\t\t\t\t<\/div>\n\t\t\t\t<\/div>\n\t\t\t\t<\/div>\n\t\t<div class=\"elementor-element elementor-element-27dba5d e-con-full e-flex e-con e-child\" data-id=\"27dba5d\" data-element_type=\"container\" data-settings=\"{&quot;background_background&quot;:&quot;classic&quot;}\">\n\t\t\t\t<div class=\"elementor-element elementor-element-8a03081 elementor-view-framed elementor-shape-circle elementor-widget elementor-widget-icon\" data-id=\"8a03081\" data-element_type=\"widget\" data-widget_type=\"icon.default\">\n\t\t\t\t<div class=\"elementor-widget-container\">\n\t\t\t\t\t\t\t<div class=\"elementor-icon-wrapper\">\n\t\t\t<div class=\"elementor-icon\">\n\t\t\t<i aria-hidden=\"true\" class=\"fas fa-award\"><\/i>\t\t\t<\/div>\n\t\t<\/div>\n\t\t\t\t\t\t<\/div>\n\t\t\t\t<\/div>\n\t\t\t\t<div class=\"elementor-element elementor-element-a0407e1 elementor-widget elementor-widget-heading\" data-id=\"a0407e1\" data-element_type=\"widget\" data-widget_type=\"heading.default\">\n\t\t\t\t<div class=\"elementor-widget-container\">\n\t\t\t\t\t<h2 class=\"elementor-heading-title elementor-size-default\">Garanti Sertifikalar\u0131\n<\/h2>\t\t\t\t<\/div>\n\t\t\t\t<\/div>\n\t\t\t\t<\/div>\n\t\t\t\t\t<\/div>\n\t\t\t\t<\/div>\n\t\t\t\t<\/div>\n\t\t","protected":false},"excerpt":{"rendered":"<p>Ortopedi Aren Klinik, T\u00fcrkiye \u00e7ap\u0131nda prestijli hastanelerle i\u015fbirli\u011fi i\u00e7inde sunulan ola\u011fan\u00fcst\u00fc ortopedi hizmetlerimizle gurur duymaktad\u0131r. \u0130leti\u015fime ge\u00e7in Ortopedi Aren Klinik, T\u00fcrkiye \u00e7ap\u0131nda prestijli hastanelerle i\u015fbirli\u011fi i\u00e7inde sunulan ola\u011fan\u00fcst\u00fc ortopedi hizmetlerimizle gurur duymaktad\u0131r. Uzman ortopedi cerrahlar\u0131m\u0131z ve t\u0131bbi personelimiz, \u00e7ok \u00e7e\u015fitli kas-iskelet sistemi rahats\u0131zl\u0131klar\u0131 i\u00e7in en kaliteli bak\u0131m\u0131 sa\u011flamaya kararl\u0131d\u0131r. Eklem replasmanlar\u0131 ve spor yaralanmalar\u0131ndan omurga [&hellip;]<\/p>\n","protected":false},"author":1,"featured_media":0,"parent":0,"menu_order":0,"comment_status":"closed","ping_status":"closed","template":"","meta":{"footnotes":""},"class_list":["post-3071","page","type-page","status-publish","hentry"],"_links":{"self":[{"href":"https:\/\/arenclinic.com\/tr\/wp-json\/wp\/v2\/pages\/3071","targetHints":{"allow":["GET"]}}],"collection":[{"href":"https:\/\/arenclinic.com\/tr\/wp-json\/wp\/v2\/pages"}],"about":[{"href":"https:\/\/arenclinic.com\/tr\/wp-json\/wp\/v2\/types\/page"}],"author":[{"embeddable":true,"href":"https:\/\/arenclinic.com\/tr\/wp-json\/wp\/v2\/users\/1"}],"replies":[{"embeddable":true,"href":"https:\/\/arenclinic.com\/tr\/wp-json\/wp\/v2\/comments?post=3071"}],"version-history":[{"count":1,"href":"https:\/\/arenclinic.com\/tr\/wp-json\/wp\/v2\/pages\/3071\/revisions"}],"predecessor-version":[{"id":3077,"href":"https:\/\/arenclinic.com\/tr\/wp-json\/wp\/v2\/pages\/3071\/revisions\/3077"}],"wp:attachment":[{"href":"https:\/\/arenclinic.com\/tr\/wp-json\/wp\/v2\/media?parent=3071"}],"curies":[{"name":"wp","href":"https:\/\/api.w.org\/{rel}","templated":true}]}}