{"id":3081,"date":"2023-12-06T14:44:23","date_gmt":"2023-12-06T11:44:23","guid":{"rendered":"https:\/\/arenclinic.com\/organ-nakli\/"},"modified":"2024-05-02T19:13:06","modified_gmt":"2024-05-02T16:13:06","slug":"organ-nakli","status":"publish","type":"page","link":"https:\/\/arenclinic.com\/tr\/organ-nakli\/","title":{"rendered":"Organ Nakli"},"content":{"rendered":"\t\t<div data-elementor-type=\"wp-page\" data-elementor-id=\"3081\" class=\"elementor elementor-3081 elementor-2640\" data-elementor-post-type=\"page\">\n\t\t\t\t<div class=\"elementor-element elementor-element-2fd63f5 e-flex e-con-boxed elementor-invisible e-con e-parent\" data-id=\"2fd63f5\" data-element_type=\"container\" data-settings=\"{&quot;background_background&quot;:&quot;classic&quot;,&quot;animation&quot;:&quot;slideInRight&quot;}\">\n\t\t\t\t\t<div class=\"e-con-inner\">\n\t\t\t\t<div class=\"elementor-element elementor-element-47712b6 elementor-widget-mobile__width-inherit elementor-widget elementor-widget-heading\" data-id=\"47712b6\" data-element_type=\"widget\" data-widget_type=\"heading.default\">\n\t\t\t\t<div class=\"elementor-widget-container\">\n\t\t\t\t\t<h1 class=\"elementor-heading-title elementor-size-default\">Organ Nakli<\/h1>\t\t\t\t<\/div>\n\t\t\t\t<\/div>\n\t\t\t\t<div class=\"elementor-element elementor-element-b5ad4fb elementor-widget elementor-widget-spacer\" data-id=\"b5ad4fb\" data-element_type=\"widget\" data-widget_type=\"spacer.default\">\n\t\t\t\t<div class=\"elementor-widget-container\">\n\t\t\t\t\t\t\t<div class=\"elementor-spacer\">\n\t\t\t<div class=\"elementor-spacer-inner\"><\/div>\n\t\t<\/div>\n\t\t\t\t\t\t<\/div>\n\t\t\t\t<\/div>\n\t\t\t\t<div class=\"elementor-element elementor-element-c3926c6 elementor-widget__width-initial elementor-widget-mobile__width-initial elementor-widget elementor-widget-text-editor\" data-id=\"c3926c6\" data-element_type=\"widget\" data-widget_type=\"text-editor.default\">\n\t\t\t\t<div class=\"elementor-widget-container\">\n\t\t\t\t\t\t\t\t\t<p>Aren Klinik ile tan\u0131\u015f\u0131n: T\u00fcrkiye&#8217;de Ola\u011fan\u00fcst\u00fc Sa\u011fl\u0131k Turizmine A\u00e7\u0131lan Kap\u0131n\u0131z<\/p>\n\t\t\t\t\t\t\t\t<\/div>\n\t\t\t\t<\/div>\n\t\t\t\t<div class=\"elementor-element elementor-element-2ee9b6b elementor-widget elementor-widget-spacer\" data-id=\"2ee9b6b\" data-element_type=\"widget\" data-widget_type=\"spacer.default\">\n\t\t\t\t<div class=\"elementor-widget-container\">\n\t\t\t\t\t\t\t<div class=\"elementor-spacer\">\n\t\t\t<div class=\"elementor-spacer-inner\"><\/div>\n\t\t<\/div>\n\t\t\t\t\t\t<\/div>\n\t\t\t\t<\/div>\n\t\t\t\t<div class=\"elementor-element elementor-element-c3f35c5 elementor-widget elementor-widget-spacer\" data-id=\"c3f35c5\" data-element_type=\"widget\" data-widget_type=\"spacer.default\">\n\t\t\t\t<div class=\"elementor-widget-container\">\n\t\t\t\t\t\t\t<div class=\"elementor-spacer\">\n\t\t\t<div class=\"elementor-spacer-inner\"><\/div>\n\t\t<\/div>\n\t\t\t\t\t\t<\/div>\n\t\t\t\t<\/div>\n\t\t\t\t<div class=\"elementor-element elementor-element-1e843de elementor-align-right elementor-mobile-align-center elementor-widget elementor-widget-button\" data-id=\"1e843de\" data-element_type=\"widget\" data-widget_type=\"button.default\">\n\t\t\t\t<div class=\"elementor-widget-container\">\n\t\t\t\t\t\t\t\t\t<div class=\"elementor-button-wrapper\">\n\t\t\t\t\t<a class=\"elementor-button elementor-button-link elementor-size-lg\" href=\"#elementor-action%3Aaction%3Dpopup%3Aopen%26settings%3DeyJpZCI6NDM2LCJ0b2dnbGUiOmZhbHNlfQ%3D%3D\">\n\t\t\t\t\t\t<span class=\"elementor-button-content-wrapper\">\n\t\t\t\t\t\t\t\t\t<span class=\"elementor-button-text\">\u0130leti\u015fime ge\u00e7in<\/span>\n\t\t\t\t\t<\/span>\n\t\t\t\t\t<\/a>\n\t\t\t\t<\/div>\n\t\t\t\t\t\t\t\t<\/div>\n\t\t\t\t<\/div>\n\t\t\t\t\t<\/div>\n\t\t\t\t<\/div>\n\t\t<div class=\"elementor-element elementor-element-7ee8efc e-flex e-con-boxed e-con e-parent\" data-id=\"7ee8efc\" data-element_type=\"container\">\n\t\t\t\t\t<div class=\"e-con-inner\">\n\t\t<div class=\"elementor-element elementor-element-aafdcca e-con-full e-flex e-con e-child\" data-id=\"aafdcca\" data-element_type=\"container\">\n\t\t\t\t<div class=\"elementor-element elementor-element-02fca3a elementor-widget elementor-widget-heading\" data-id=\"02fca3a\" data-element_type=\"widget\" data-widget_type=\"heading.default\">\n\t\t\t\t<div class=\"elementor-widget-container\">\n\t\t\t\t\t<h2 class=\"elementor-heading-title elementor-size-default\">Organ Nakli<\/h2>\t\t\t\t<\/div>\n\t\t\t\t<\/div>\n\t\t\t\t<div class=\"elementor-element elementor-element-8523c05 elementor-widget elementor-widget-text-editor\" data-id=\"8523c05\" data-element_type=\"widget\" data-widget_type=\"text-editor.default\">\n\t\t\t\t<div class=\"elementor-widget-container\">\n\t\t\t\t\t\t\t\t\t<p>T\u00fcrkiye&#8217;de d\u00fcnya standartlar\u0131nda sa\u011fl\u0131k turizmi hizmetleri i\u00e7in \u00f6nde gelen destinasyonunuz Aren Clinic&#8217;e ho\u015f geldiniz. M\u00fckemmellik ve g\u00fcven \u00fczerine in\u015fa edilmi\u015f bir itibarla, \u00fclke \u00e7ap\u0131nda tan\u0131nm\u0131\u015f birinci s\u0131n\u0131f hastanelerle ortakl\u0131klar kurduk. Aren Clinic&#8217;te, d\u00fcnyan\u0131n d\u00f6rt bir yan\u0131ndan bireylere en ileri t\u0131bbi \u00e7\u00f6z\u00fcmleri sunarak kapsaml\u0131 bir organ nakli prosed\u00fcrleri yelpazesi sa\u011flama konusunda uzman\u0131z.<\/p>\n\t\t\t\t\t\t\t\t<\/div>\n\t\t\t\t<\/div>\n\t\t\t\t<\/div>\n\t\t<div class=\"elementor-element elementor-element-6c2c87d e-con-full e-flex e-con e-child\" data-id=\"6c2c87d\" data-element_type=\"container\">\n\t\t\t\t<div class=\"elementor-element elementor-element-640b3b1 elementor-widget elementor-widget-image\" data-id=\"640b3b1\" data-element_type=\"widget\" data-widget_type=\"image.default\">\n\t\t\t\t<div class=\"elementor-widget-container\">\n\t\t\t\t\t\t\t\t\t\t\t\t\t\t\t<img fetchpriority=\"high\" decoding=\"async\" width=\"800\" height=\"534\" src=\"https:\/\/arenclinic.com\/wp-content\/uploads\/2023\/12\/Organ-Transplantation.webp\" class=\"attachment-large size-large wp-image-3086\" alt=\"\" srcset=\"https:\/\/arenclinic.com\/wp-content\/uploads\/2023\/12\/Organ-Transplantation.webp 900w, https:\/\/arenclinic.com\/wp-content\/uploads\/2023\/12\/Organ-Transplantation-300x200.webp 300w, https:\/\/arenclinic.com\/wp-content\/uploads\/2023\/12\/Organ-Transplantation-768x513.webp 768w\" sizes=\"(max-width: 800px) 100vw, 800px\" \/>\t\t\t\t\t\t\t\t\t\t\t\t\t\t\t<\/div>\n\t\t\t\t<\/div>\n\t\t\t\t<\/div>\n\t\t\t\t\t<\/div>\n\t\t\t\t<\/div>\n\t\t<div class=\"elementor-element elementor-element-3515d8d e-flex e-con-boxed e-con e-parent\" data-id=\"3515d8d\" data-element_type=\"container\">\n\t\t\t\t\t<div class=\"e-con-inner\">\n\t\t<div class=\"elementor-element elementor-element-09092cc e-con-full e-flex e-con e-child\" data-id=\"09092cc\" data-element_type=\"container\">\n\t\t\t\t<div class=\"elementor-element elementor-element-a93c1b2 elementor-widget elementor-widget-heading\" data-id=\"a93c1b2\" data-element_type=\"widget\" data-widget_type=\"heading.default\">\n\t\t\t\t<div class=\"elementor-widget-container\">\n\t\t\t\t\t<h2 class=\"elementor-heading-title elementor-size-default\">Organ Nakli \u0130\u00e7in Neden Aren Klinik'i Se\u00e7melisiniz?<\/h2>\t\t\t\t<\/div>\n\t\t\t\t<\/div>\n\t\t\t\t<div class=\"elementor-element elementor-element-4106877 elementor-widget elementor-widget-heading\" data-id=\"4106877\" data-element_type=\"widget\" data-widget_type=\"heading.default\">\n\t\t\t\t<div class=\"elementor-widget-container\">\n\t\t\t\t\t<h3 class=\"elementor-heading-title elementor-size-default\">Benzersiz T\u0131bbi Uzmanl\u0131k:  <\/h3>\t\t\t\t<\/div>\n\t\t\t\t<\/div>\n\t\t\t\t<div class=\"elementor-element elementor-element-e761448 elementor-widget elementor-widget-text-editor\" data-id=\"e761448\" data-element_type=\"widget\" data-widget_type=\"text-editor.default\">\n\t\t\t\t<div class=\"elementor-widget-container\">\n\t\t\t\t\t\t\t\t\t<p>Hastane a\u011f\u0131m\u0131z, organ nakli konusunda uzmanla\u015fm\u0131\u015f son derece yetenekli ve deneyimli cerrahlar, doktorlar ve sa\u011fl\u0131k \u00e7al\u0131\u015fanlar\u0131ndan olu\u015fan bir ekibe sahiptir. Bak\u0131m\u0131n\u0131z\u0131n, kendi alanlar\u0131nda \u00f6n planda olan profesyonellerin ellerinde olaca\u011f\u0131ndan emin olabilirsiniz.<\/p>\n\t\t\t\t\t\t\t\t<\/div>\n\t\t\t\t<\/div>\n\t\t\t\t<\/div>\n\t\t\t\t\t<\/div>\n\t\t\t\t<\/div>\n\t\t<div class=\"elementor-element elementor-element-e49f78f e-flex e-con-boxed e-con e-parent\" data-id=\"e49f78f\" data-element_type=\"container\">\n\t\t\t\t\t<div class=\"e-con-inner\">\n\t\t\t\t<div class=\"elementor-element elementor-element-f8d3836 elementor-widget elementor-widget-heading\" data-id=\"f8d3836\" data-element_type=\"widget\" data-widget_type=\"heading.default\">\n\t\t\t\t<div class=\"elementor-widget-container\">\n\t\t\t\t\t<h3 class=\"elementor-heading-title elementor-size-default\">Son Teknoloji Tesisler:  <\/h3>\t\t\t\t<\/div>\n\t\t\t\t<\/div>\n\t\t\t\t<div class=\"elementor-element elementor-element-0921eae elementor-widget elementor-widget-text-editor\" data-id=\"0921eae\" data-element_type=\"widget\" data-widget_type=\"text-editor.default\">\n\t\t\t\t<div class=\"elementor-widget-container\">\n\t\t\t\t\t\t\t\t\t<p>Ortak hastanelerimizi, en y\u00fcksek uluslararas\u0131 standartlara uyduklar\u0131ndan emin olmak i\u00e7in \u00f6zenle se\u00e7tik. En son t\u0131bbi teknolojiler ve altyap\u0131 ile donat\u0131lm\u0131\u015f tesislerimiz, tedavi yolculu\u011funuz i\u00e7in g\u00fcvenli ve konforlu bir ortam sa\u011flamaktad\u0131r.<\/p>\n\t\t\t\t\t\t\t\t<\/div>\n\t\t\t\t<\/div>\n\t\t\t\t\t<\/div>\n\t\t\t\t<\/div>\n\t\t<div class=\"elementor-element elementor-element-27b671b e-flex e-con-boxed e-con e-parent\" data-id=\"27b671b\" data-element_type=\"container\">\n\t\t\t\t\t<div class=\"e-con-inner\">\n\t\t\t\t<div class=\"elementor-element elementor-element-53b9c08 elementor-widget elementor-widget-heading\" data-id=\"53b9c08\" data-element_type=\"widget\" data-widget_type=\"heading.default\">\n\t\t\t\t<div class=\"elementor-widget-container\">\n\t\t\t\t\t<h3 class=\"elementor-heading-title elementor-size-default\">Ki\u015fiye \u00d6zel Tedavi Planlar\u0131:  <\/h3>\t\t\t\t<\/div>\n\t\t\t\t<\/div>\n\t\t\t\t<div class=\"elementor-element elementor-element-3ead369 elementor-widget elementor-widget-text-editor\" data-id=\"3ead369\" data-element_type=\"widget\" data-widget_type=\"text-editor.default\">\n\t\t\t\t<div class=\"elementor-widget-container\">\n\t\t\t\t\t\t\t\t\t<p>Aren Clinic&#8217;te her hastan\u0131n t\u0131bbi ihtiya\u00e7lar\u0131n\u0131n benzersiz oldu\u011funun fark\u0131nday\u0131z. Kendini i\u015fine adam\u0131\u015f ekibimiz, ihtiya\u00e7lar\u0131n\u0131z\u0131 anlamak ve refah\u0131n\u0131za ve uzun vadeli sa\u011fl\u0131\u011f\u0131n\u0131za \u00f6ncelik veren ki\u015fiselle\u015ftirilmi\u015f tedavi planlar\u0131 geli\u015ftirmek i\u00e7in sizinle yak\u0131n bir \u015fekilde \u00e7al\u0131\u015facakt\u0131r.<\/p>\n\t\t\t\t\t\t\t\t<\/div>\n\t\t\t\t<\/div>\n\t\t\t\t\t<\/div>\n\t\t\t\t<\/div>\n\t\t<div class=\"elementor-element elementor-element-f1ad9d4 e-flex e-con-boxed e-con e-parent\" data-id=\"f1ad9d4\" data-element_type=\"container\">\n\t\t\t\t\t<div class=\"e-con-inner\">\n\t\t\t\t<div class=\"elementor-element elementor-element-4cbc37a elementor-widget elementor-widget-heading\" data-id=\"4cbc37a\" data-element_type=\"widget\" data-widget_type=\"heading.default\">\n\t\t\t\t<div class=\"elementor-widget-container\">\n\t\t\t\t\t<h3 class=\"elementor-heading-title elementor-size-default\">Kapsaml\u0131 Bak\u0131m ve Destek:  <\/h3>\t\t\t\t<\/div>\n\t\t\t\t<\/div>\n\t\t\t\t<div class=\"elementor-element elementor-element-4e324be elementor-widget elementor-widget-text-editor\" data-id=\"4e324be\" data-element_type=\"widget\" data-widget_type=\"text-editor.default\">\n\t\t\t\t<div class=\"elementor-widget-container\">\n\t\t\t\t\t\t\t\t\t<p>Organ naklinin duygusal ve zorlu bir deneyim olabilece\u011finin fark\u0131nday\u0131z. \u0130lk kons\u00fcltasyonunuzdan ameliyat sonras\u0131 bak\u0131ma kadar, \u015fefkatli personelimiz yan\u0131n\u0131zda olacak ve her ad\u0131mda rehberlik, destek ve ola\u011fan\u00fcst\u00fc bak\u0131m sunacakt\u0131r.<\/p>\n\t\t\t\t\t\t\t\t<\/div>\n\t\t\t\t<\/div>\n\t\t\t\t\t<\/div>\n\t\t\t\t<\/div>\n\t\t<div class=\"elementor-element elementor-element-58680de e-flex e-con-boxed e-con e-parent\" data-id=\"58680de\" data-element_type=\"container\">\n\t\t\t\t\t<div class=\"e-con-inner\">\n\t\t\t\t<div class=\"elementor-element elementor-element-8896b46 elementor-widget elementor-widget-heading\" data-id=\"8896b46\" data-element_type=\"widget\" data-widget_type=\"heading.default\">\n\t\t\t\t<div class=\"elementor-widget-container\">\n\t\t\t\t\t<h3 class=\"elementor-heading-title elementor-size-default\">Uygun Fiyatl\u0131 M\u00fckemmellik:  <\/h3>\t\t\t\t<\/div>\n\t\t\t\t<\/div>\n\t\t\t\t<div class=\"elementor-element elementor-element-38fd87d elementor-widget elementor-widget-text-editor\" data-id=\"38fd87d\" data-element_type=\"widget\" data-widget_type=\"text-editor.default\">\n\t\t\t\t<div class=\"elementor-widget-container\">\n\t\t\t\t\t\t\t\t\t<p>Aren Clinic, d\u00fcnya standartlar\u0131nda t\u0131bbi hizmetlerin herkes i\u00e7in eri\u015filebilir olmas\u0131 gerekti\u011fine inanmaktad\u0131r. Rekabet\u00e7i fiyatland\u0131rmam\u0131z ve \u015feffaf \u00fccret yap\u0131lar\u0131m\u0131zla, kaliteden \u00f6d\u00fcn vermeden organ naklini uygun fiyatl\u0131 hale getirmeye \u00e7al\u0131\u015f\u0131yoruz. Sa\u011fl\u0131\u011f\u0131n\u0131za ve refah\u0131n\u0131za yapt\u0131\u011f\u0131n\u0131z yat\u0131r\u0131m i\u00e7in ola\u011fan\u00fcst\u00fc de\u011fer sunmaya kararl\u0131y\u0131z.<\/p>\n\t\t\t\t\t\t\t\t<\/div>\n\t\t\t\t<\/div>\n\t\t\t\t\t<\/div>\n\t\t\t\t<\/div>\n\t\t<div class=\"elementor-element elementor-element-0c4b428 e-flex e-con-boxed e-con e-parent\" data-id=\"0c4b428\" data-element_type=\"container\">\n\t\t\t\t\t<div class=\"e-con-inner\">\n\t\t\t\t<div class=\"elementor-element elementor-element-e00b673 elementor-widget elementor-widget-heading\" data-id=\"e00b673\" data-element_type=\"widget\" data-widget_type=\"heading.default\">\n\t\t\t\t<div class=\"elementor-widget-container\">\n\t\t\t\t\t<h3 class=\"elementor-heading-title elementor-size-default\">Unutulmaz Sa\u011fl\u0131k Turizmi Deneyimi:  <\/h3>\t\t\t\t<\/div>\n\t\t\t\t<\/div>\n\t\t\t\t<div class=\"elementor-element elementor-element-26d02f9 elementor-widget elementor-widget-text-editor\" data-id=\"26d02f9\" data-element_type=\"widget\" data-widget_type=\"text-editor.default\">\n\t\t\t\t<div class=\"elementor-widget-container\">\n\t\t\t\t\t\t\t\t\t<p>T\u00fcrkiye zengin tarihi, \u00e7arp\u0131c\u0131 manzaralar\u0131 ve s\u0131cak misafirperverli\u011fi ile \u00fcnl\u00fcd\u00fcr. Aren Clinic&#8217;i se\u00e7ti\u011finizde, yaln\u0131zca birinci s\u0131n\u0131f t\u0131bbi bak\u0131m almakla kalmayacak, ayn\u0131 zamanda bu b\u00fcy\u00fcleyici \u00fclkeyi ke\u015ffetme ve iyile\u015fme yolculu\u011funuzun yan\u0131 s\u0131ra de\u011ferli an\u0131lar yaratma f\u0131rsat\u0131na da sahip olacaks\u0131n\u0131z.<\/p>\n\t\t\t\t\t\t\t\t<\/div>\n\t\t\t\t<\/div>\n\t\t\t\t\t<\/div>\n\t\t\t\t<\/div>\n\t\t<div class=\"elementor-element elementor-element-fed5227 e-flex e-con-boxed e-con e-parent\" data-id=\"fed5227\" data-element_type=\"container\" data-settings=\"{&quot;background_background&quot;:&quot;classic&quot;}\">\n\t\t\t\t\t<div class=\"e-con-inner\">\n\t\t\t\t<div class=\"elementor-element elementor-element-f7633ea elementor-widget elementor-widget-image\" data-id=\"f7633ea\" data-element_type=\"widget\" data-widget_type=\"image.default\">\n\t\t\t\t<div class=\"elementor-widget-container\">\n\t\t\t\t\t\t\t\t\t\t\t\t\t\t\t<img decoding=\"async\" width=\"500\" height=\"103\" src=\"https:\/\/arenclinic.com\/wp-content\/uploads\/2023\/10\/logo-500.png\" class=\"attachment-large size-large wp-image-29\" alt=\"\" srcset=\"https:\/\/arenclinic.com\/wp-content\/uploads\/2023\/10\/logo-500.png 500w, https:\/\/arenclinic.com\/wp-content\/uploads\/2023\/10\/logo-500-300x62.png 300w\" sizes=\"(max-width: 500px) 100vw, 500px\" \/>\t\t\t\t\t\t\t\t\t\t\t\t\t\t\t<\/div>\n\t\t\t\t<\/div>\n\t\t\t\t<div class=\"elementor-element elementor-element-6c87d0e elementor-widget elementor-widget-heading\" data-id=\"6c87d0e\" data-element_type=\"widget\" data-widget_type=\"heading.default\">\n\t\t\t\t<div class=\"elementor-widget-container\">\n\t\t\t\t\t<p class=\"elementor-heading-title elementor-size-default\">Aren Klinik ile Yolculu\u011funuza Ba\u015flay\u0131n<\/p>\t\t\t\t<\/div>\n\t\t\t\t<\/div>\n\t\t\t\t\t<\/div>\n\t\t\t\t<\/div>\n\t\t<div class=\"elementor-element elementor-element-d0a5b3a e-flex e-con-boxed e-con e-parent\" data-id=\"d0a5b3a\" data-element_type=\"container\">\n\t\t\t\t\t<div class=\"e-con-inner\">\n\t\t<div class=\"elementor-element elementor-element-eee0787 e-con-full e-flex e-con e-child\" data-id=\"eee0787\" data-element_type=\"container\">\n\t\t\t\t<div class=\"elementor-element elementor-element-603decb elementor-widget elementor-widget-text-editor\" data-id=\"603decb\" data-element_type=\"widget\" data-widget_type=\"text-editor.default\">\n\t\t\t\t<div class=\"elementor-widget-container\">\n\t\t\t\t\t\t\t\t\t<p>Aren Clinic&#8217;te, organ naklinin hayatlar\u0131 d\u00f6n\u00fc\u015ft\u00fcrmedeki \u00f6nemini anl\u0131yoruz. Kendimizi, deneyiminizin sorunsuz, g\u00fcvenli ve ba\u015far\u0131l\u0131 olmas\u0131n\u0131 sa\u011flamaya adad\u0131k. Ola\u011fan\u00fcst\u00fc sa\u011fl\u0131k hizmetlerini unutulmaz bir seyahat deneyimi ile birle\u015ftirerek hayat\u0131n\u0131z\u0131 de\u011fi\u015ftirecek bir t\u0131bbi yolculu\u011fa \u00e7\u0131karken rehberiniz olaca\u011f\u0131m\u0131z konusunda bize g\u00fcvenin.<\/p>\n<p>Yenilenmi\u015f sa\u011fl\u0131k ve canl\u0131l\u0131\u011fa giden yola ba\u015flamak i\u00e7in bug\u00fcn bize ula\u015f\u0131n. Aren Klinik, m\u00fckemmelli\u011fin \u015fefkatle bulu\u015ftu\u011fu yerdir ve sa\u011fl\u0131\u011f\u0131n\u0131z en b\u00fcy\u00fck \u00f6nceli\u011fimizdir.<\/p>\n\t\t\t\t\t\t\t\t<\/div>\n\t\t\t\t<\/div>\n\t\t\t\t<\/div>\n\t\t\t\t\t<\/div>\n\t\t\t\t<\/div>\n\t\t<div class=\"elementor-element elementor-element-715e007 e-flex e-con-boxed e-con e-parent\" data-id=\"715e007\" data-element_type=\"container\">\n\t\t\t\t\t<div class=\"e-con-inner\">\n\t\t\t\t<div class=\"elementor-element elementor-element-f400230 elementor-widget elementor-widget-heading\" data-id=\"f400230\" data-element_type=\"widget\" data-widget_type=\"heading.default\">\n\t\t\t\t<div class=\"elementor-widget-container\">\n\t\t\t\t\t<h2 class=\"elementor-heading-title elementor-size-default\">Hizmetler<\/h2>\t\t\t\t<\/div>\n\t\t\t\t<\/div>\n\t\t\t\t<div class=\"elementor-element elementor-element-369ac96 elementor-widget elementor-widget-text-editor\" data-id=\"369ac96\" data-element_type=\"widget\" data-widget_type=\"text-editor.default\">\n\t\t\t\t<div class=\"elementor-widget-container\">\n\t\t\t\t\t\t\t\t\t<p>Aren Klinik&#8217;te, sundu\u011fumuz bir dizi farkl\u0131 hizmet arac\u0131l\u0131\u011f\u0131yla hastalar\u0131m\u0131z\u0131n benzersiz bir ya\u015fam deneyimi ya\u015famalar\u0131n\u0131 sa\u011flamaya \u00e7al\u0131\u015f\u0131yoruz.<\/p>\n\t\t\t\t\t\t\t\t<\/div>\n\t\t\t\t<\/div>\n\t\t\t\t\t<\/div>\n\t\t\t\t<\/div>\n\t\t<div class=\"elementor-element elementor-element-a7ae4b1 e-flex e-con-boxed e-con e-parent\" data-id=\"a7ae4b1\" data-element_type=\"container\">\n\t\t\t\t\t<div class=\"e-con-inner\">\n\t\t<div class=\"elementor-element elementor-element-76fa059 e-con-full e-flex e-con e-child\" data-id=\"76fa059\" data-element_type=\"container\" data-settings=\"{&quot;background_background&quot;:&quot;classic&quot;}\">\n\t\t\t\t<div class=\"elementor-element elementor-element-5a53af1 elementor-view-framed elementor-shape-circle elementor-widget elementor-widget-icon\" data-id=\"5a53af1\" data-element_type=\"widget\" data-widget_type=\"icon.default\">\n\t\t\t\t<div class=\"elementor-widget-container\">\n\t\t\t\t\t\t\t<div class=\"elementor-icon-wrapper\">\n\t\t\t<div class=\"elementor-icon\">\n\t\t\t<i aria-hidden=\"true\" class=\"fas fa-car\"><\/i>\t\t\t<\/div>\n\t\t<\/div>\n\t\t\t\t\t\t<\/div>\n\t\t\t\t<\/div>\n\t\t\t\t<div class=\"elementor-element elementor-element-96333b7 elementor-widget elementor-widget-heading\" data-id=\"96333b7\" data-element_type=\"widget\" data-widget_type=\"heading.default\">\n\t\t\t\t<div class=\"elementor-widget-container\">\n\t\t\t\t\t<h2 class=\"elementor-heading-title elementor-size-default\">Ula\u015f\u0131m<\/h2>\t\t\t\t<\/div>\n\t\t\t\t<\/div>\n\t\t\t\t<\/div>\n\t\t<div class=\"elementor-element elementor-element-d4aa063 e-con-full e-flex e-con e-child\" data-id=\"d4aa063\" data-element_type=\"container\" data-settings=\"{&quot;background_background&quot;:&quot;classic&quot;}\">\n\t\t\t\t<div class=\"elementor-element elementor-element-6192e04 elementor-view-framed elementor-shape-circle elementor-widget elementor-widget-icon\" data-id=\"6192e04\" data-element_type=\"widget\" data-widget_type=\"icon.default\">\n\t\t\t\t<div class=\"elementor-widget-container\">\n\t\t\t\t\t\t\t<div class=\"elementor-icon-wrapper\">\n\t\t\t<div class=\"elementor-icon\">\n\t\t\t<i aria-hidden=\"true\" class=\"fas fa-language\"><\/i>\t\t\t<\/div>\n\t\t<\/div>\n\t\t\t\t\t\t<\/div>\n\t\t\t\t<\/div>\n\t\t\t\t<div class=\"elementor-element elementor-element-a1bb542 elementor-widget elementor-widget-heading\" data-id=\"a1bb542\" data-element_type=\"widget\" data-widget_type=\"heading.default\">\n\t\t\t\t<div class=\"elementor-widget-container\">\n\t\t\t\t\t<h2 class=\"elementor-heading-title elementor-size-default\">\u00c7eviri<\/h2>\t\t\t\t<\/div>\n\t\t\t\t<\/div>\n\t\t\t\t<\/div>\n\t\t<div class=\"elementor-element elementor-element-893f3e9 e-con-full e-flex e-con e-child\" data-id=\"893f3e9\" data-element_type=\"container\" data-settings=\"{&quot;background_background&quot;:&quot;classic&quot;}\">\n\t\t\t\t<div class=\"elementor-element elementor-element-cadc2dc elementor-view-framed elementor-shape-circle elementor-widget elementor-widget-icon\" data-id=\"cadc2dc\" data-element_type=\"widget\" data-widget_type=\"icon.default\">\n\t\t\t\t<div class=\"elementor-widget-container\">\n\t\t\t\t\t\t\t<div class=\"elementor-icon-wrapper\">\n\t\t\t<div class=\"elementor-icon\">\n\t\t\t<i aria-hidden=\"true\" class=\"fas fa-hotel\"><\/i>\t\t\t<\/div>\n\t\t<\/div>\n\t\t\t\t\t\t<\/div>\n\t\t\t\t<\/div>\n\t\t\t\t<div class=\"elementor-element elementor-element-8c3e6b9 elementor-widget elementor-widget-heading\" data-id=\"8c3e6b9\" data-element_type=\"widget\" data-widget_type=\"heading.default\">\n\t\t\t\t<div class=\"elementor-widget-container\">\n\t\t\t\t\t<h2 class=\"elementor-heading-title elementor-size-default\">Konaklama<\/h2>\t\t\t\t<\/div>\n\t\t\t\t<\/div>\n\t\t\t\t<\/div>\n\t\t<div class=\"elementor-element elementor-element-5792e02 e-con-full e-flex e-con e-child\" data-id=\"5792e02\" data-element_type=\"container\" data-settings=\"{&quot;background_background&quot;:&quot;classic&quot;}\">\n\t\t\t\t<div class=\"elementor-element elementor-element-2f8cf9e elementor-view-framed elementor-shape-circle elementor-widget elementor-widget-icon\" data-id=\"2f8cf9e\" data-element_type=\"widget\" data-widget_type=\"icon.default\">\n\t\t\t\t<div class=\"elementor-widget-container\">\n\t\t\t\t\t\t\t<div class=\"elementor-icon-wrapper\">\n\t\t\t<div class=\"elementor-icon\">\n\t\t\t<i aria-hidden=\"true\" class=\"fas fa-hospital\"><\/i>\t\t\t<\/div>\n\t\t<\/div>\n\t\t\t\t\t\t<\/div>\n\t\t\t\t<\/div>\n\t\t\t\t<div class=\"elementor-element elementor-element-9502d3d elementor-widget elementor-widget-heading\" data-id=\"9502d3d\" data-element_type=\"widget\" data-widget_type=\"heading.default\">\n\t\t\t\t<div class=\"elementor-widget-container\">\n\t\t\t\t\t<h2 class=\"elementor-heading-title elementor-size-default\">A S\u0131n\u0131f\u0131 Hastaneler<\/h2>\t\t\t\t<\/div>\n\t\t\t\t<\/div>\n\t\t\t\t<\/div>\n\t\t<div class=\"elementor-element elementor-element-ee07d0a e-con-full e-flex e-con e-child\" data-id=\"ee07d0a\" data-element_type=\"container\" data-settings=\"{&quot;background_background&quot;:&quot;classic&quot;}\">\n\t\t\t\t<div class=\"elementor-element elementor-element-a4b427b elementor-view-framed elementor-shape-circle elementor-widget elementor-widget-icon\" data-id=\"a4b427b\" data-element_type=\"widget\" data-widget_type=\"icon.default\">\n\t\t\t\t<div class=\"elementor-widget-container\">\n\t\t\t\t\t\t\t<div class=\"elementor-icon-wrapper\">\n\t\t\t<div class=\"elementor-icon\">\n\t\t\t<i aria-hidden=\"true\" class=\"fas fa-award\"><\/i>\t\t\t<\/div>\n\t\t<\/div>\n\t\t\t\t\t\t<\/div>\n\t\t\t\t<\/div>\n\t\t\t\t<div class=\"elementor-element elementor-element-929471b elementor-widget elementor-widget-heading\" data-id=\"929471b\" data-element_type=\"widget\" data-widget_type=\"heading.default\">\n\t\t\t\t<div class=\"elementor-widget-container\">\n\t\t\t\t\t<h2 class=\"elementor-heading-title elementor-size-default\">Garanti Sertifikalar\u0131\n<\/h2>\t\t\t\t<\/div>\n\t\t\t\t<\/div>\n\t\t\t\t<\/div>\n\t\t\t\t\t<\/div>\n\t\t\t\t<\/div>\n\t\t\t\t<\/div>\n\t\t","protected":false},"excerpt":{"rendered":"<p>Organ Nakli Aren Klinik ile tan\u0131\u015f\u0131n: T\u00fcrkiye&#8217;de Ola\u011fan\u00fcst\u00fc Sa\u011fl\u0131k Turizmine A\u00e7\u0131lan Kap\u0131n\u0131z \u0130leti\u015fime ge\u00e7in Organ Nakli T\u00fcrkiye&#8217;de d\u00fcnya standartlar\u0131nda sa\u011fl\u0131k turizmi hizmetleri i\u00e7in \u00f6nde gelen destinasyonunuz Aren Clinic&#8217;e ho\u015f geldiniz. M\u00fckemmellik ve g\u00fcven \u00fczerine in\u015fa edilmi\u015f bir itibarla, \u00fclke \u00e7ap\u0131nda tan\u0131nm\u0131\u015f birinci s\u0131n\u0131f hastanelerle ortakl\u0131klar kurduk. Aren Clinic&#8217;te, d\u00fcnyan\u0131n d\u00f6rt bir yan\u0131ndan bireylere en ileri [&hellip;]<\/p>\n","protected":false},"author":1,"featured_media":0,"parent":0,"menu_order":0,"comment_status":"closed","ping_status":"closed","template":"","meta":{"footnotes":""},"class_list":["post-3081","page","type-page","status-publish","hentry"],"_links":{"self":[{"href":"https:\/\/arenclinic.com\/tr\/wp-json\/wp\/v2\/pages\/3081","targetHints":{"allow":["GET"]}}],"collection":[{"href":"https:\/\/arenclinic.com\/tr\/wp-json\/wp\/v2\/pages"}],"about":[{"href":"https:\/\/arenclinic.com\/tr\/wp-json\/wp\/v2\/types\/page"}],"author":[{"embeddable":true,"href":"https:\/\/arenclinic.com\/tr\/wp-json\/wp\/v2\/users\/1"}],"replies":[{"embeddable":true,"href":"https:\/\/arenclinic.com\/tr\/wp-json\/wp\/v2\/comments?post=3081"}],"version-history":[{"count":1,"href":"https:\/\/arenclinic.com\/tr\/wp-json\/wp\/v2\/pages\/3081\/revisions"}],"predecessor-version":[{"id":3094,"href":"https:\/\/arenclinic.com\/tr\/wp-json\/wp\/v2\/pages\/3081\/revisions\/3094"}],"wp:attachment":[{"href":"https:\/\/arenclinic.com\/tr\/wp-json\/wp\/v2\/media?parent=3081"}],"curies":[{"name":"wp","href":"https:\/\/api.w.org\/{rel}","templated":true}]}}