{"id":3095,"date":"2023-10-21T21:38:13","date_gmt":"2023-10-21T18:38:13","guid":{"rendered":"https:\/\/arenclinic.com\/gubreleme\/"},"modified":"2024-05-02T19:13:06","modified_gmt":"2024-05-02T16:13:06","slug":"gubreleme","status":"publish","type":"page","link":"https:\/\/arenclinic.com\/tr\/gubreleme\/","title":{"rendered":"G\u00fcbreleme"},"content":{"rendered":"\t\t<div data-elementor-type=\"wp-page\" data-elementor-id=\"3095\" class=\"elementor elementor-3095 elementor-1073\" data-elementor-post-type=\"page\">\n\t\t\t\t<div class=\"elementor-element elementor-element-72557c3 e-flex e-con-boxed elementor-invisible e-con e-parent\" data-id=\"72557c3\" data-element_type=\"container\" data-settings=\"{&quot;background_background&quot;:&quot;classic&quot;,&quot;animation&quot;:&quot;slideInRight&quot;}\">\n\t\t\t\t\t<div class=\"e-con-inner\">\n\t\t\t\t<div class=\"elementor-element elementor-element-31b99cc elementor-widget__width-initial elementor-widget elementor-widget-heading\" data-id=\"31b99cc\" data-element_type=\"widget\" data-widget_type=\"heading.default\">\n\t\t\t\t<div class=\"elementor-widget-container\">\n\t\t\t\t\t<h2 class=\"elementor-heading-title elementor-size-default\">D\u00f6llenme (IVF)<\/h2>\t\t\t\t<\/div>\n\t\t\t\t<\/div>\n\t\t\t\t<div class=\"elementor-element elementor-element-09048ee elementor-widget elementor-widget-spacer\" data-id=\"09048ee\" data-element_type=\"widget\" data-widget_type=\"spacer.default\">\n\t\t\t\t<div class=\"elementor-widget-container\">\n\t\t\t\t\t\t\t<div class=\"elementor-spacer\">\n\t\t\t<div class=\"elementor-spacer-inner\"><\/div>\n\t\t<\/div>\n\t\t\t\t\t\t<\/div>\n\t\t\t\t<\/div>\n\t\t\t\t<div class=\"elementor-element elementor-element-4885d01 elementor-widget elementor-widget-text-editor\" data-id=\"4885d01\" data-element_type=\"widget\" data-widget_type=\"text-editor.default\">\n\t\t\t\t<div class=\"elementor-widget-container\">\n\t\t\t\t\t\t\t\t\t<p>Ebeveynlik hayalinize ula\u015fman\u0131za yard\u0131mc\u0131 olmak<\/p>\n\t\t\t\t\t\t\t\t<\/div>\n\t\t\t\t<\/div>\n\t\t\t\t<div class=\"elementor-element elementor-element-397eefe elementor-widget elementor-widget-spacer\" data-id=\"397eefe\" data-element_type=\"widget\" data-widget_type=\"spacer.default\">\n\t\t\t\t<div class=\"elementor-widget-container\">\n\t\t\t\t\t\t\t<div class=\"elementor-spacer\">\n\t\t\t<div class=\"elementor-spacer-inner\"><\/div>\n\t\t<\/div>\n\t\t\t\t\t\t<\/div>\n\t\t\t\t<\/div>\n\t\t\t\t<div class=\"elementor-element elementor-element-af39229 elementor-widget elementor-widget-spacer\" data-id=\"af39229\" data-element_type=\"widget\" data-widget_type=\"spacer.default\">\n\t\t\t\t<div class=\"elementor-widget-container\">\n\t\t\t\t\t\t\t<div class=\"elementor-spacer\">\n\t\t\t<div class=\"elementor-spacer-inner\"><\/div>\n\t\t<\/div>\n\t\t\t\t\t\t<\/div>\n\t\t\t\t<\/div>\n\t\t\t\t<div class=\"elementor-element elementor-element-acc08bd elementor-align-right elementor-widget elementor-widget-button\" data-id=\"acc08bd\" data-element_type=\"widget\" data-widget_type=\"button.default\">\n\t\t\t\t<div class=\"elementor-widget-container\">\n\t\t\t\t\t\t\t\t\t<div class=\"elementor-button-wrapper\">\n\t\t\t\t\t<a class=\"elementor-button elementor-button-link elementor-size-lg\" href=\"#elementor-action%3Aaction%3Dpopup%3Aopen%26settings%3DeyJpZCI6NDM2LCJ0b2dnbGUiOmZhbHNlfQ%3D%3D\">\n\t\t\t\t\t\t<span class=\"elementor-button-content-wrapper\">\n\t\t\t\t\t\t\t\t\t<span class=\"elementor-button-text\">\u0130leti\u015fime ge\u00e7in<\/span>\n\t\t\t\t\t<\/span>\n\t\t\t\t\t<\/a>\n\t\t\t\t<\/div>\n\t\t\t\t\t\t\t\t<\/div>\n\t\t\t\t<\/div>\n\t\t\t\t\t<\/div>\n\t\t\t\t<\/div>\n\t\t<div class=\"elementor-element elementor-element-a6cac93 e-flex e-con-boxed e-con e-parent\" data-id=\"a6cac93\" data-element_type=\"container\">\n\t\t\t\t\t<div class=\"e-con-inner\">\n\t\t<div class=\"elementor-element elementor-element-cd35cb5 e-con-full e-flex e-con e-child\" data-id=\"cd35cb5\" data-element_type=\"container\">\n\t\t\t\t<div class=\"elementor-element elementor-element-99950fe elementor-widget elementor-widget-heading\" data-id=\"99950fe\" data-element_type=\"widget\" data-widget_type=\"heading.default\">\n\t\t\t\t<div class=\"elementor-widget-container\">\n\t\t\t\t\t<h2 class=\"elementor-heading-title elementor-size-default\">\u0130n Vitro Fertilizasyon (IVF)?<\/h2>\t\t\t\t<\/div>\n\t\t\t\t<\/div>\n\t\t\t\t<div class=\"elementor-element elementor-element-e04bb76 elementor-widget elementor-widget-text-editor\" data-id=\"e04bb76\" data-element_type=\"widget\" data-widget_type=\"text-editor.default\">\n\t\t\t\t<div class=\"elementor-widget-container\">\n\t\t\t\t\t\t\t\t\t<p>Yard\u0131mc\u0131 \u00fcreme teknolojisi alan\u0131nda \u00e7ok yayg\u0131n olan IVF, do\u011furganl\u0131k sorunlar\u0131 olan ebeveynlerin gebe kalmas\u0131na yard\u0131mc\u0131 olan bir s\u00fcre\u00e7tir.<\/p>\n<p>IVF tekni\u011fi anneden yumurta ve babadan sperm al\u0131r ve \u00f6rnekleri bir test t\u00fcp\u00fcne yerle\u015ftirir. Test t\u00fcp\u00fc d\u00f6llenme i\u00e7in m\u00fckemmel bir ortam yarat\u0131r. D\u00f6llenme sa\u011flan\u0131rsa, embriyo kad\u0131n\u0131n rahmine yerle\u015ftirilerek do\u011fal bir gebelik ba\u015flat\u0131l\u0131r.  <\/p>\n<p>Ba\u015fka birinden al\u0131nan sperm ve yumurtalar\u0131 kullanarak bir IVF ger\u00e7ekle\u015ftirebilirsiniz.<\/p>\n\t\t\t\t\t\t\t\t<\/div>\n\t\t\t\t<\/div>\n\t\t\t\t<\/div>\n\t\t<div class=\"elementor-element elementor-element-6a04102 e-con-full e-flex e-con e-child\" data-id=\"6a04102\" data-element_type=\"container\">\n\t\t\t\t<div class=\"elementor-element elementor-element-e3604a2 elementor-widget elementor-widget-image\" data-id=\"e3604a2\" data-element_type=\"widget\" data-widget_type=\"image.default\">\n\t\t\t\t<div class=\"elementor-widget-container\">\n\t\t\t\t\t\t\t\t\t\t\t\t\t\t\t<img fetchpriority=\"high\" decoding=\"async\" width=\"457\" height=\"457\" src=\"https:\/\/arenclinic.com\/wp-content\/uploads\/2023\/10\/fertilization02.jpg\" class=\"attachment-large size-large wp-image-3097\" alt=\"\" srcset=\"https:\/\/arenclinic.com\/wp-content\/uploads\/2023\/10\/fertilization02.jpg 457w, https:\/\/arenclinic.com\/wp-content\/uploads\/2023\/10\/fertilization02-300x300.jpg 300w, https:\/\/arenclinic.com\/wp-content\/uploads\/2023\/10\/fertilization02-150x150.jpg 150w\" sizes=\"(max-width: 457px) 100vw, 457px\" \/>\t\t\t\t\t\t\t\t\t\t\t\t\t\t\t<\/div>\n\t\t\t\t<\/div>\n\t\t\t\t<\/div>\n\t\t\t\t\t<\/div>\n\t\t\t\t<\/div>\n\t\t<div class=\"elementor-element elementor-element-43e8850 e-flex e-con-boxed e-con e-parent\" data-id=\"43e8850\" data-element_type=\"container\">\n\t\t\t\t\t<div class=\"e-con-inner\">\n\t\t<div class=\"elementor-element elementor-element-63f47c1 e-con-full e-flex e-con e-child\" data-id=\"63f47c1\" data-element_type=\"container\">\n\t\t\t\t<div class=\"elementor-element elementor-element-a7f02b0 elementor-widget elementor-widget-heading\" data-id=\"a7f02b0\" data-element_type=\"widget\" data-widget_type=\"heading.default\">\n\t\t\t\t<div class=\"elementor-widget-container\">\n\t\t\t\t\t<h2 class=\"elementor-heading-title elementor-size-default\">Kimler T\u00fcp Bebek Yapt\u0131rabilir<\/h2>\t\t\t\t<\/div>\n\t\t\t\t<\/div>\n\t\t\t\t<div class=\"elementor-element elementor-element-cc10a21 elementor-widget elementor-widget-text-editor\" data-id=\"cc10a21\" data-element_type=\"widget\" data-widget_type=\"text-editor.default\">\n\t\t\t\t<div class=\"elementor-widget-container\">\n\t\t\t\t\t\t\t\t\t<p>IVF a\u015fa\u011f\u0131daki durumlarda uygundur;<\/p>\n<ul>\n<li style=\"list-style-type: none;\">\n<ul>\n<li>43&#8217;\u00fcn alt\u0131ndaki kad\u0131nlar i\u00e7in<\/li>\n<li>\u0130ki y\u0131ld\u0131r gebe kalmaya \u00e7al\u0131\u015fan kad\u0131nlar<\/li>\n<li>12 suni d\u00f6llenme d\u00f6ng\u00fcs\u00fc ge\u00e7iren kad\u0131nlar<\/li>\n<li>Fallop t\u00fcpleri d\u00fczensiz olan kad\u0131nlar<\/li>\n<li>S\u00fcper \u00fcretimi azalm\u0131\u015f erkekler<\/li>\n<li>Yumurtlama ile ilgili sorunlar<\/li>\n<li>Bilinmeyen nedenlerle k\u0131s\u0131rl\u0131k<\/li>\n<\/ul>\n<\/li>\n<\/ul>\n\t\t\t\t\t\t\t\t<\/div>\n\t\t\t\t<\/div>\n\t\t\t\t<\/div>\n\t\t\t\t\t<\/div>\n\t\t\t\t<\/div>\n\t\t<div class=\"elementor-element elementor-element-17a8a86 e-flex e-con-boxed e-con e-parent\" data-id=\"17a8a86\" data-element_type=\"container\">\n\t\t\t\t\t<div class=\"e-con-inner\">\n\t\t<div class=\"elementor-element elementor-element-3f8be1d e-con-full e-flex e-con e-child\" data-id=\"3f8be1d\" data-element_type=\"container\">\n\t\t\t\t<div class=\"elementor-element elementor-element-dbd259e elementor-widget elementor-widget-heading\" data-id=\"dbd259e\" data-element_type=\"widget\" data-widget_type=\"heading.default\">\n\t\t\t\t<div class=\"elementor-widget-container\">\n\t\t\t\t\t<h2 class=\"elementor-heading-title elementor-size-default\">T\u00fcp Bebek Prosed\u00fcr\u00fc<\/h2>\t\t\t\t<\/div>\n\t\t\t\t<\/div>\n\t\t\t\t<div class=\"elementor-element elementor-element-cad0425 elementor-widget elementor-widget-text-editor\" data-id=\"cad0425\" data-element_type=\"widget\" data-widget_type=\"text-editor.default\">\n\t\t\t\t<div class=\"elementor-widget-container\">\n\t\t\t\t\t\t\t\t\t<p>IVF birden fazla ad\u0131mdan olu\u015fur. Birincisi, yumurta \u00fcretimini kolayla\u015ft\u0131rmak i\u00e7in di\u015fi i\u00e7in do\u011furganl\u0131k ila\u00e7lar\u0131n\u0131n kullan\u0131m\u0131n\u0131 g\u00f6sterir. Ba\u015far\u0131l\u0131 oldu\u011funda, k\u00fc\u00e7\u00fck bir ameliyatla doktorlar yumurtalar\u0131 \u00e7\u0131kar\u0131r.<\/p>\n<p>Erke\u011fin bir sperm \u00f6rne\u011fi \u00fcretmesi beklenir. Ba\u015far\u0131l\u0131 bir d\u00f6llenme elde etmek i\u00e7in iki \u00f6rnek birle\u015ftirilir. D\u00f6llenmenin ger\u00e7ekle\u015fti\u011fi do\u011fruland\u0131ktan sonra, art\u0131k embriyo kad\u0131n\u0131n rahmine yerle\u015ftirilir.  <\/p>\n\t\t\t\t\t\t\t\t<\/div>\n\t\t\t\t<\/div>\n\t\t\t\t<\/div>\n\t\t\t\t\t<\/div>\n\t\t\t\t<\/div>\n\t\t<div class=\"elementor-element elementor-element-ae69529 e-flex e-con-boxed e-con e-parent\" data-id=\"ae69529\" data-element_type=\"container\">\n\t\t\t\t\t<div class=\"e-con-inner\">\n\t\t<div class=\"elementor-element elementor-element-754abd0 e-con-full e-flex e-con e-child\" data-id=\"754abd0\" data-element_type=\"container\">\n\t\t\t\t<div class=\"elementor-element elementor-element-37fa71d elementor-widget elementor-widget-heading\" data-id=\"37fa71d\" data-element_type=\"widget\" data-widget_type=\"heading.default\">\n\t\t\t\t<div class=\"elementor-widget-container\">\n\t\t\t\t\t<h2 class=\"elementor-heading-title elementor-size-default\">T\u00fcp Bebek Yan Etkileri<\/h2>\t\t\t\t<\/div>\n\t\t\t\t<\/div>\n\t\t\t\t<div class=\"elementor-element elementor-element-16bdbcf elementor-widget elementor-widget-text-editor\" data-id=\"16bdbcf\" data-element_type=\"widget\" data-widget_type=\"text-editor.default\">\n\t\t\t\t<div class=\"elementor-widget-container\">\n\t\t\t\t\t\t\t\t\t<p>IVF bir\u00e7ok hasta i\u00e7in duygusal bir s\u00fcre\u00e7tir, bu d\u00f6nemde depresyon ve anksiyete hissetmek do\u011fald\u0131r. Ancak ayn\u0131 \u015fekilde, prosed\u00fcr v\u00fccudunuz i\u00e7in stresli olabilir. IVF i\u00e7in giden hastalar\u0131n \u00e7o\u011fu bu yan etkilerden baz\u0131lar\u0131n\u0131 ya\u015far;<\/p>\n<ul>\n<li>\u015ei\u015fkinlik<\/li>\n<li>G\u00f6\u011f\u00fcs hassasiyeti  <\/li>\n<li>Kramp  <\/li>\n<li>Ruh hali de\u011fi\u015fimleri  <\/li>\n<li>Enjeksiyon b\u00f6lgelerinin etraf\u0131nda morarma  <\/li>\n<li>Kanama  <\/li>\n<\/ul>\n\t\t\t\t\t\t\t\t<\/div>\n\t\t\t\t<\/div>\n\t\t\t\t<\/div>\n\t\t\t\t\t<\/div>\n\t\t\t\t<\/div>\n\t\t<div class=\"elementor-element elementor-element-599a97e e-flex e-con-boxed e-con e-parent\" data-id=\"599a97e\" data-element_type=\"container\">\n\t\t\t\t\t<div class=\"e-con-inner\">\n\t\t<div class=\"elementor-element elementor-element-2f063be e-con-full e-flex e-con e-child\" data-id=\"2f063be\" data-element_type=\"container\">\n\t\t\t\t<div class=\"elementor-element elementor-element-d67adb4 elementor-widget elementor-widget-heading\" data-id=\"d67adb4\" data-element_type=\"widget\" data-widget_type=\"heading.default\">\n\t\t\t\t<div class=\"elementor-widget-container\">\n\t\t\t\t\t<h2 class=\"elementor-heading-title elementor-size-default\">T\u00fcp Bebek Ba\u015far\u0131 Oranlar\u0131<\/h2>\t\t\t\t<\/div>\n\t\t\t\t<\/div>\n\t\t\t\t<div class=\"elementor-element elementor-element-5373d75 elementor-widget elementor-widget-text-editor\" data-id=\"5373d75\" data-element_type=\"widget\" data-widget_type=\"text-editor.default\">\n\t\t\t\t<div class=\"elementor-widget-container\">\n\t\t\t\t\t\t\t\t\t<p>Kad\u0131nlar ya\u015fland\u0131k\u00e7a ba\u015far\u0131 oranlar\u0131 d\u00fc\u015fer. Ba\u015far\u0131 oranlar\u0131n\u0131n 35 ya\u015f ve alt\u0131ndaki kad\u0131nlarda %43&#8217;e kadar \u00e7\u0131kabildi\u011fi tahmin edilmektedir. 40 ya\u015f \u00fcst\u00fc kad\u0131nlar i\u00e7in ba\u015far\u0131 oranlar\u0131 %18 civar\u0131ndad\u0131r<\/p>\n\t\t\t\t\t\t\t\t<\/div>\n\t\t\t\t<\/div>\n\t\t\t\t<\/div>\n\t\t\t\t\t<\/div>\n\t\t\t\t<\/div>\n\t\t<div class=\"elementor-element elementor-element-a711a5c e-flex e-con-boxed e-con e-parent\" data-id=\"a711a5c\" data-element_type=\"container\">\n\t\t\t\t\t<div class=\"e-con-inner\">\n\t\t\t\t<div class=\"elementor-element elementor-element-c93f57b elementor-widget elementor-widget-heading\" data-id=\"c93f57b\" data-element_type=\"widget\" data-widget_type=\"heading.default\">\n\t\t\t\t<div class=\"elementor-widget-container\">\n\t\t\t\t\t<h2 class=\"elementor-heading-title elementor-size-default\">Hizmetler<\/h2>\t\t\t\t<\/div>\n\t\t\t\t<\/div>\n\t\t\t\t<div class=\"elementor-element elementor-element-5443e47 elementor-widget elementor-widget-text-editor\" data-id=\"5443e47\" data-element_type=\"widget\" data-widget_type=\"text-editor.default\">\n\t\t\t\t<div class=\"elementor-widget-container\">\n\t\t\t\t\t\t\t\t\t<p>Aren Klinik&#8217;te, sundu\u011fumuz bir dizi farkl\u0131 hizmetle hastalar\u0131m\u0131z\u0131n benzersiz bir ya\u015fam deneyimi ya\u015famalar\u0131n\u0131 sa\u011flamaya \u00e7al\u0131\u015f\u0131yoruz.<\/p>\n\t\t\t\t\t\t\t\t<\/div>\n\t\t\t\t<\/div>\n\t\t\t\t\t<\/div>\n\t\t\t\t<\/div>\n\t\t<div class=\"elementor-element elementor-element-2d3157d e-flex e-con-boxed e-con e-parent\" data-id=\"2d3157d\" data-element_type=\"container\">\n\t\t\t\t\t<div class=\"e-con-inner\">\n\t\t<div class=\"elementor-element elementor-element-1b2d534 e-con-full e-flex e-con e-child\" data-id=\"1b2d534\" data-element_type=\"container\" data-settings=\"{&quot;background_background&quot;:&quot;classic&quot;}\">\n\t\t\t\t<div class=\"elementor-element elementor-element-d9a05bd elementor-view-framed elementor-shape-circle elementor-widget elementor-widget-icon\" data-id=\"d9a05bd\" data-element_type=\"widget\" data-widget_type=\"icon.default\">\n\t\t\t\t<div class=\"elementor-widget-container\">\n\t\t\t\t\t\t\t<div class=\"elementor-icon-wrapper\">\n\t\t\t<div class=\"elementor-icon\">\n\t\t\t<i aria-hidden=\"true\" class=\"fas fa-car\"><\/i>\t\t\t<\/div>\n\t\t<\/div>\n\t\t\t\t\t\t<\/div>\n\t\t\t\t<\/div>\n\t\t\t\t<div class=\"elementor-element elementor-element-d269c82 elementor-widget elementor-widget-heading\" data-id=\"d269c82\" data-element_type=\"widget\" data-widget_type=\"heading.default\">\n\t\t\t\t<div class=\"elementor-widget-container\">\n\t\t\t\t\t<h2 class=\"elementor-heading-title elementor-size-default\">Ula\u015f\u0131m<\/h2>\t\t\t\t<\/div>\n\t\t\t\t<\/div>\n\t\t\t\t<\/div>\n\t\t<div class=\"elementor-element elementor-element-0faf688 e-con-full e-flex e-con e-child\" data-id=\"0faf688\" data-element_type=\"container\" data-settings=\"{&quot;background_background&quot;:&quot;classic&quot;}\">\n\t\t\t\t<div class=\"elementor-element elementor-element-262c99d elementor-view-framed elementor-shape-circle elementor-widget elementor-widget-icon\" data-id=\"262c99d\" data-element_type=\"widget\" data-widget_type=\"icon.default\">\n\t\t\t\t<div class=\"elementor-widget-container\">\n\t\t\t\t\t\t\t<div class=\"elementor-icon-wrapper\">\n\t\t\t<div class=\"elementor-icon\">\n\t\t\t<i aria-hidden=\"true\" class=\"fas fa-language\"><\/i>\t\t\t<\/div>\n\t\t<\/div>\n\t\t\t\t\t\t<\/div>\n\t\t\t\t<\/div>\n\t\t\t\t<div class=\"elementor-element elementor-element-4acb2ac elementor-widget elementor-widget-heading\" data-id=\"4acb2ac\" data-element_type=\"widget\" data-widget_type=\"heading.default\">\n\t\t\t\t<div class=\"elementor-widget-container\">\n\t\t\t\t\t<h2 class=\"elementor-heading-title elementor-size-default\">\u00c7eviri<\/h2>\t\t\t\t<\/div>\n\t\t\t\t<\/div>\n\t\t\t\t<\/div>\n\t\t<div class=\"elementor-element elementor-element-074768d e-con-full e-flex e-con e-child\" data-id=\"074768d\" data-element_type=\"container\" data-settings=\"{&quot;background_background&quot;:&quot;classic&quot;}\">\n\t\t\t\t<div class=\"elementor-element elementor-element-161fdeb elementor-view-framed elementor-shape-circle elementor-widget elementor-widget-icon\" data-id=\"161fdeb\" data-element_type=\"widget\" data-widget_type=\"icon.default\">\n\t\t\t\t<div class=\"elementor-widget-container\">\n\t\t\t\t\t\t\t<div class=\"elementor-icon-wrapper\">\n\t\t\t<div class=\"elementor-icon\">\n\t\t\t<i aria-hidden=\"true\" class=\"fas fa-hotel\"><\/i>\t\t\t<\/div>\n\t\t<\/div>\n\t\t\t\t\t\t<\/div>\n\t\t\t\t<\/div>\n\t\t\t\t<div class=\"elementor-element elementor-element-4f1a60b elementor-widget elementor-widget-heading\" data-id=\"4f1a60b\" data-element_type=\"widget\" data-widget_type=\"heading.default\">\n\t\t\t\t<div class=\"elementor-widget-container\">\n\t\t\t\t\t<h2 class=\"elementor-heading-title elementor-size-default\">Konaklama<\/h2>\t\t\t\t<\/div>\n\t\t\t\t<\/div>\n\t\t\t\t<\/div>\n\t\t<div class=\"elementor-element elementor-element-402f5c3 e-con-full e-flex e-con e-child\" data-id=\"402f5c3\" data-element_type=\"container\" data-settings=\"{&quot;background_background&quot;:&quot;classic&quot;}\">\n\t\t\t\t<div class=\"elementor-element elementor-element-a81c414 elementor-view-framed elementor-shape-circle elementor-widget elementor-widget-icon\" data-id=\"a81c414\" data-element_type=\"widget\" data-widget_type=\"icon.default\">\n\t\t\t\t<div class=\"elementor-widget-container\">\n\t\t\t\t\t\t\t<div class=\"elementor-icon-wrapper\">\n\t\t\t<div class=\"elementor-icon\">\n\t\t\t<i aria-hidden=\"true\" class=\"fas fa-hospital\"><\/i>\t\t\t<\/div>\n\t\t<\/div>\n\t\t\t\t\t\t<\/div>\n\t\t\t\t<\/div>\n\t\t\t\t<div class=\"elementor-element elementor-element-dce1c66 elementor-widget elementor-widget-heading\" data-id=\"dce1c66\" data-element_type=\"widget\" data-widget_type=\"heading.default\">\n\t\t\t\t<div class=\"elementor-widget-container\">\n\t\t\t\t\t<h2 class=\"elementor-heading-title elementor-size-default\">A S\u0131n\u0131f\u0131 Hastaneler<\/h2>\t\t\t\t<\/div>\n\t\t\t\t<\/div>\n\t\t\t\t<\/div>\n\t\t<div class=\"elementor-element elementor-element-d1404b4 e-con-full e-flex e-con e-child\" data-id=\"d1404b4\" data-element_type=\"container\" data-settings=\"{&quot;background_background&quot;:&quot;classic&quot;}\">\n\t\t\t\t<div class=\"elementor-element elementor-element-12e66a3 elementor-view-framed elementor-shape-circle elementor-widget elementor-widget-icon\" data-id=\"12e66a3\" data-element_type=\"widget\" data-widget_type=\"icon.default\">\n\t\t\t\t<div class=\"elementor-widget-container\">\n\t\t\t\t\t\t\t<div class=\"elementor-icon-wrapper\">\n\t\t\t<div class=\"elementor-icon\">\n\t\t\t<i aria-hidden=\"true\" class=\"fas fa-award\"><\/i>\t\t\t<\/div>\n\t\t<\/div>\n\t\t\t\t\t\t<\/div>\n\t\t\t\t<\/div>\n\t\t\t\t<div class=\"elementor-element elementor-element-9213f2a elementor-widget elementor-widget-heading\" data-id=\"9213f2a\" data-element_type=\"widget\" data-widget_type=\"heading.default\">\n\t\t\t\t<div class=\"elementor-widget-container\">\n\t\t\t\t\t<h2 class=\"elementor-heading-title elementor-size-default\">Garanti Sertifikalar\u0131\n<\/h2>\t\t\t\t<\/div>\n\t\t\t\t<\/div>\n\t\t\t\t<\/div>\n\t\t\t\t\t<\/div>\n\t\t\t\t<\/div>\n\t\t\t\t<\/div>\n\t\t","protected":false},"excerpt":{"rendered":"<p>D\u00f6llenme (IVF) Ebeveynlik hayalinize ula\u015fman\u0131za yard\u0131mc\u0131 olmak \u0130leti\u015fime ge\u00e7in \u0130n Vitro Fertilizasyon (IVF)? Yard\u0131mc\u0131 \u00fcreme teknolojisi alan\u0131nda \u00e7ok yayg\u0131n olan IVF, do\u011furganl\u0131k sorunlar\u0131 olan ebeveynlerin gebe kalmas\u0131na yard\u0131mc\u0131 olan bir s\u00fcre\u00e7tir. IVF tekni\u011fi anneden yumurta ve babadan sperm al\u0131r ve \u00f6rnekleri bir test t\u00fcp\u00fcne yerle\u015ftirir. Test t\u00fcp\u00fc d\u00f6llenme i\u00e7in m\u00fckemmel bir ortam yarat\u0131r. D\u00f6llenme sa\u011flan\u0131rsa, [&hellip;]<\/p>\n","protected":false},"author":1,"featured_media":0,"parent":0,"menu_order":0,"comment_status":"closed","ping_status":"closed","template":"","meta":{"footnotes":""},"class_list":["post-3095","page","type-page","status-publish","hentry"],"_links":{"self":[{"href":"https:\/\/arenclinic.com\/tr\/wp-json\/wp\/v2\/pages\/3095","targetHints":{"allow":["GET"]}}],"collection":[{"href":"https:\/\/arenclinic.com\/tr\/wp-json\/wp\/v2\/pages"}],"about":[{"href":"https:\/\/arenclinic.com\/tr\/wp-json\/wp\/v2\/types\/page"}],"author":[{"embeddable":true,"href":"https:\/\/arenclinic.com\/tr\/wp-json\/wp\/v2\/users\/1"}],"replies":[{"embeddable":true,"href":"https:\/\/arenclinic.com\/tr\/wp-json\/wp\/v2\/comments?post=3095"}],"version-history":[{"count":1,"href":"https:\/\/arenclinic.com\/tr\/wp-json\/wp\/v2\/pages\/3095\/revisions"}],"predecessor-version":[{"id":3103,"href":"https:\/\/arenclinic.com\/tr\/wp-json\/wp\/v2\/pages\/3095\/revisions\/3103"}],"wp:attachment":[{"href":"https:\/\/arenclinic.com\/tr\/wp-json\/wp\/v2\/media?parent=3095"}],"curies":[{"name":"wp","href":"https:\/\/api.w.org\/{rel}","templated":true}]}}