{"id":3100,"date":"2023-12-06T14:36:37","date_gmt":"2023-12-06T11:36:37","guid":{"rendered":"https:\/\/arenclinic.com\/onkoloji\/"},"modified":"2024-05-02T19:13:06","modified_gmt":"2024-05-02T16:13:06","slug":"onkoloji","status":"publish","type":"page","link":"https:\/\/arenclinic.com\/tr\/onkoloji\/","title":{"rendered":"Onkoloji"},"content":{"rendered":"\t\t<div data-elementor-type=\"wp-page\" data-elementor-id=\"3100\" class=\"elementor elementor-3100 elementor-2625\" data-elementor-post-type=\"page\">\n\t\t\t\t<div class=\"elementor-element elementor-element-520076e e-flex e-con-boxed elementor-invisible e-con e-parent\" data-id=\"520076e\" data-element_type=\"container\" data-settings=\"{&quot;background_background&quot;:&quot;classic&quot;,&quot;animation&quot;:&quot;slideInRight&quot;}\">\n\t\t\t\t\t<div class=\"e-con-inner\">\n\t\t\t\t<div class=\"elementor-element elementor-element-2a51608 elementor-widget-mobile__width-inherit elementor-widget elementor-widget-heading\" data-id=\"2a51608\" data-element_type=\"widget\" data-widget_type=\"heading.default\">\n\t\t\t\t<div class=\"elementor-widget-container\">\n\t\t\t\t\t<h1 class=\"elementor-heading-title elementor-size-default\">Onkoloji<\/h1>\t\t\t\t<\/div>\n\t\t\t\t<\/div>\n\t\t\t\t<div class=\"elementor-element elementor-element-50ba025 elementor-widget elementor-widget-spacer\" data-id=\"50ba025\" data-element_type=\"widget\" data-widget_type=\"spacer.default\">\n\t\t\t\t<div class=\"elementor-widget-container\">\n\t\t\t\t\t\t\t<div class=\"elementor-spacer\">\n\t\t\t<div class=\"elementor-spacer-inner\"><\/div>\n\t\t<\/div>\n\t\t\t\t\t\t<\/div>\n\t\t\t\t<\/div>\n\t\t\t\t<div class=\"elementor-element elementor-element-246a4eb elementor-widget__width-initial elementor-widget-mobile__width-initial elementor-widget elementor-widget-text-editor\" data-id=\"246a4eb\" data-element_type=\"widget\" data-widget_type=\"text-editor.default\">\n\t\t\t\t<div class=\"elementor-widget-container\">\n\t\t\t\t\t\t\t\t\t<p>Aren Clinic&#8217;te, kapsaml\u0131 kanser bak\u0131m\u0131n\u0131n kritik \u00f6neminin fark\u0131nday\u0131z<\/p>\n\t\t\t\t\t\t\t\t<\/div>\n\t\t\t\t<\/div>\n\t\t\t\t<div class=\"elementor-element elementor-element-ef08e53 elementor-widget elementor-widget-spacer\" data-id=\"ef08e53\" data-element_type=\"widget\" data-widget_type=\"spacer.default\">\n\t\t\t\t<div class=\"elementor-widget-container\">\n\t\t\t\t\t\t\t<div class=\"elementor-spacer\">\n\t\t\t<div class=\"elementor-spacer-inner\"><\/div>\n\t\t<\/div>\n\t\t\t\t\t\t<\/div>\n\t\t\t\t<\/div>\n\t\t\t\t<div class=\"elementor-element elementor-element-c302501 elementor-widget elementor-widget-spacer\" data-id=\"c302501\" data-element_type=\"widget\" data-widget_type=\"spacer.default\">\n\t\t\t\t<div class=\"elementor-widget-container\">\n\t\t\t\t\t\t\t<div class=\"elementor-spacer\">\n\t\t\t<div class=\"elementor-spacer-inner\"><\/div>\n\t\t<\/div>\n\t\t\t\t\t\t<\/div>\n\t\t\t\t<\/div>\n\t\t\t\t<div class=\"elementor-element elementor-element-2d1f200 elementor-align-right elementor-mobile-align-center elementor-widget elementor-widget-button\" data-id=\"2d1f200\" data-element_type=\"widget\" data-widget_type=\"button.default\">\n\t\t\t\t<div class=\"elementor-widget-container\">\n\t\t\t\t\t\t\t\t\t<div class=\"elementor-button-wrapper\">\n\t\t\t\t\t<a class=\"elementor-button elementor-button-link elementor-size-lg\" href=\"#elementor-action%3Aaction%3Dpopup%3Aopen%26settings%3DeyJpZCI6NDM2LCJ0b2dnbGUiOmZhbHNlfQ%3D%3D\">\n\t\t\t\t\t\t<span class=\"elementor-button-content-wrapper\">\n\t\t\t\t\t\t\t\t\t<span class=\"elementor-button-text\">\u0130leti\u015fime ge\u00e7in<\/span>\n\t\t\t\t\t<\/span>\n\t\t\t\t\t<\/a>\n\t\t\t\t<\/div>\n\t\t\t\t\t\t\t\t<\/div>\n\t\t\t\t<\/div>\n\t\t\t\t\t<\/div>\n\t\t\t\t<\/div>\n\t\t<div class=\"elementor-element elementor-element-8557191 e-flex e-con-boxed e-con e-parent\" data-id=\"8557191\" data-element_type=\"container\">\n\t\t\t\t\t<div class=\"e-con-inner\">\n\t\t<div class=\"elementor-element elementor-element-b976e73 e-con-full e-flex e-con e-child\" data-id=\"b976e73\" data-element_type=\"container\">\n\t\t\t\t<div class=\"elementor-element elementor-element-9751975 elementor-widget elementor-widget-heading\" data-id=\"9751975\" data-element_type=\"widget\" data-widget_type=\"heading.default\">\n\t\t\t\t<div class=\"elementor-widget-container\">\n\t\t\t\t\t<h2 class=\"elementor-heading-title elementor-size-default\">Onkoloji<\/h2>\t\t\t\t<\/div>\n\t\t\t\t<\/div>\n\t\t\t\t<div class=\"elementor-element elementor-element-9723cf7 elementor-widget elementor-widget-text-editor\" data-id=\"9723cf7\" data-element_type=\"widget\" data-widget_type=\"text-editor.default\">\n\t\t\t\t<div class=\"elementor-widget-container\">\n\t\t\t\t\t\t\t\t\t<p>Aren Clinic olarak, kapsaml\u0131 kanser bak\u0131m\u0131n\u0131n kritik \u00f6nemini anl\u0131yoruz ve bu nedenle ola\u011fan\u00fcst\u00fc onkoloji hizmetleri sunmak i\u00e7in T\u00fcrkiye&#8217;nin \u00f6nde gelen hastaneleriyle ortakl\u0131k yap\u0131yoruz. Onkologlar, cerrahlar ve uzmanlardan olu\u015fan \u00f6zel ekibimiz, her hastan\u0131n kendine \u00f6zg\u00fc ihtiya\u00e7lar\u0131na g\u00f6re uyarlanm\u0131\u015f ki\u015fiselle\u015ftirilmi\u015f tedavi planlar\u0131 sunmaya kararl\u0131d\u0131r.<\/p>\n\t\t\t\t\t\t\t\t<\/div>\n\t\t\t\t<\/div>\n\t\t\t\t<\/div>\n\t\t<div class=\"elementor-element elementor-element-5dd670b e-con-full e-flex e-con e-child\" data-id=\"5dd670b\" data-element_type=\"container\">\n\t\t\t\t<div class=\"elementor-element elementor-element-5b027d2 elementor-widget elementor-widget-image\" data-id=\"5b027d2\" data-element_type=\"widget\" data-widget_type=\"image.default\">\n\t\t\t\t<div class=\"elementor-widget-container\">\n\t\t\t\t\t\t\t\t\t\t\t\t\t\t\t<img fetchpriority=\"high\" decoding=\"async\" width=\"800\" height=\"533\" src=\"https:\/\/arenclinic.com\/wp-content\/uploads\/2023\/12\/Oncology.webp\" class=\"attachment-large size-large wp-image-3102\" alt=\"\" srcset=\"https:\/\/arenclinic.com\/wp-content\/uploads\/2023\/12\/Oncology.webp 900w, https:\/\/arenclinic.com\/wp-content\/uploads\/2023\/12\/Oncology-300x200.webp 300w, https:\/\/arenclinic.com\/wp-content\/uploads\/2023\/12\/Oncology-768x512.webp 768w\" sizes=\"(max-width: 800px) 100vw, 800px\" \/>\t\t\t\t\t\t\t\t\t\t\t\t\t\t\t<\/div>\n\t\t\t\t<\/div>\n\t\t\t\t<\/div>\n\t\t\t\t\t<\/div>\n\t\t\t\t<\/div>\n\t\t<div class=\"elementor-element elementor-element-daff1c7 e-flex e-con-boxed e-con e-parent\" data-id=\"daff1c7\" data-element_type=\"container\">\n\t\t\t\t\t<div class=\"e-con-inner\">\n\t\t<div class=\"elementor-element elementor-element-e099d5a e-con-full e-flex e-con e-child\" data-id=\"e099d5a\" data-element_type=\"container\">\n\t\t\t\t<div class=\"elementor-element elementor-element-d01f45d elementor-widget elementor-widget-text-editor\" data-id=\"d01f45d\" data-element_type=\"widget\" data-widget_type=\"text-editor.default\">\n\t\t\t\t<div class=\"elementor-widget-container\">\n\t\t\t\t\t\t\t\t\t<p>Erken evreden ileri evre kanser vakalar\u0131na kadar, multidisipliner yakla\u015f\u0131m\u0131m\u0131z, m\u00fcmk\u00fcn olan en iyi sonu\u00e7lar\u0131 sa\u011flamak i\u00e7in geli\u015fmi\u015f te\u015fhisleri, son teknoloji tedavi y\u00f6ntemlerini ve destekleyici tedavileri bir araya getirmektedir.<\/p>\n<p>Aren Klinik, kanser yolculu\u011funuzun her ad\u0131m\u0131nda sizi desteklemeye, \u015fefkatli bak\u0131m ve son teknoloji tedaviler sunmaya kendini adam\u0131\u015ft\u0131r.<\/p>\n<p>Kemoterapi: Sistemik olarak veya v\u00fccudun belirli b\u00f6lgelerinde kanser h\u00fccrelerini \u00f6ld\u00fcrmek veya b\u00fcy\u00fcmelerini durdurmak i\u00e7in ila\u00e7lar\u0131n kullan\u0131lmas\u0131n\u0131 i\u00e7erir.<\/p>\n<p>Radyasyon Tedavisi: Y\u00fcksek enerjili radyasyon, genellikle cerrahi veya kemoterapi ile birlikte kanser h\u00fccrelerini yok etmek ve t\u00fcm\u00f6rleri k\u00fc\u00e7\u00fcltmek i\u00e7in kullan\u0131l\u0131r.<\/p>\n<p>Cerrahi Onkoloji: T\u00fcm\u00f6rleri veya kanserli dokular\u0131 v\u00fccuttan \u00e7\u0131karmak i\u00e7in cerrahi prosed\u00fcrler uygulan\u0131r.<\/p>\n<p>\u0130mm\u00fcnoterapi: Bu tedavi, kanser h\u00fccrelerini tan\u0131mak ve yok etmek i\u00e7in v\u00fccudun ba\u011f\u0131\u015f\u0131kl\u0131k sistemini kullan\u0131r ve kansere kar\u015f\u0131 ba\u011f\u0131\u015f\u0131kl\u0131k tepkisini art\u0131r\u0131r.<\/p>\n<p>Hedefe Y\u00f6nelik Terapi: \u0130la\u00e7lar, t\u00fcm\u00f6r geli\u015fiminde rol oynayan belirli molek\u00fcllere veya yollara m\u00fcdahale ederek kanser h\u00fccrelerinin b\u00fcy\u00fcmesini spesifik olarak hedeflemek ve engellemek i\u00e7in kullan\u0131l\u0131r.<\/p>\n<p>T\u0131bbi uygulamalar\u0131n ve tedavi tercihlerinin zaman i\u00e7inde de\u011fi\u015febilece\u011fini l\u00fctfen unutmay\u0131n. En do\u011fru ve g\u00fcncel bilgiler i\u00e7in Aren Clinic ekibimize dan\u0131\u015fman\u0131z veya T\u00fcrkiye&#8217;ye \u00f6zg\u00fc g\u00fcncel t\u0131bbi kaynaklara ba\u015fvurman\u0131z tavsiye edilir.<\/p>\n\t\t\t\t\t\t\t\t<\/div>\n\t\t\t\t<\/div>\n\t\t\t\t<\/div>\n\t\t\t\t\t<\/div>\n\t\t\t\t<\/div>\n\t\t<div class=\"elementor-element elementor-element-da45474 e-flex e-con-boxed e-con e-parent\" data-id=\"da45474\" data-element_type=\"container\">\n\t\t\t\t\t<div class=\"e-con-inner\">\n\t\t\t\t<div class=\"elementor-element elementor-element-28f72f9 elementor-widget elementor-widget-heading\" data-id=\"28f72f9\" data-element_type=\"widget\" data-widget_type=\"heading.default\">\n\t\t\t\t<div class=\"elementor-widget-container\">\n\t\t\t\t\t<h2 class=\"elementor-heading-title elementor-size-default\">Hizmetler<\/h2>\t\t\t\t<\/div>\n\t\t\t\t<\/div>\n\t\t\t\t<div class=\"elementor-element elementor-element-d09af24 elementor-widget elementor-widget-text-editor\" data-id=\"d09af24\" data-element_type=\"widget\" data-widget_type=\"text-editor.default\">\n\t\t\t\t<div class=\"elementor-widget-container\">\n\t\t\t\t\t\t\t\t\t<p>Aren Klinik&#8217;te, sundu\u011fumuz bir dizi farkl\u0131 hizmetle hastalar\u0131m\u0131z\u0131n benzersiz bir ya\u015fam deneyimi ya\u015famalar\u0131n\u0131 sa\u011flamaya \u00e7al\u0131\u015f\u0131yoruz.<\/p>\n\t\t\t\t\t\t\t\t<\/div>\n\t\t\t\t<\/div>\n\t\t\t\t\t<\/div>\n\t\t\t\t<\/div>\n\t\t<div class=\"elementor-element elementor-element-64886c3 e-flex e-con-boxed e-con e-parent\" data-id=\"64886c3\" data-element_type=\"container\">\n\t\t\t\t\t<div class=\"e-con-inner\">\n\t\t<div class=\"elementor-element elementor-element-4c7aa90 e-con-full e-flex e-con e-child\" data-id=\"4c7aa90\" data-element_type=\"container\" data-settings=\"{&quot;background_background&quot;:&quot;classic&quot;}\">\n\t\t\t\t<div class=\"elementor-element elementor-element-d9ea11e elementor-view-framed elementor-shape-circle elementor-widget elementor-widget-icon\" data-id=\"d9ea11e\" data-element_type=\"widget\" data-widget_type=\"icon.default\">\n\t\t\t\t<div class=\"elementor-widget-container\">\n\t\t\t\t\t\t\t<div class=\"elementor-icon-wrapper\">\n\t\t\t<div class=\"elementor-icon\">\n\t\t\t<i aria-hidden=\"true\" class=\"fas fa-car\"><\/i>\t\t\t<\/div>\n\t\t<\/div>\n\t\t\t\t\t\t<\/div>\n\t\t\t\t<\/div>\n\t\t\t\t<div class=\"elementor-element elementor-element-856c342 elementor-widget elementor-widget-heading\" data-id=\"856c342\" data-element_type=\"widget\" data-widget_type=\"heading.default\">\n\t\t\t\t<div class=\"elementor-widget-container\">\n\t\t\t\t\t<h2 class=\"elementor-heading-title elementor-size-default\">Ula\u015f\u0131m<\/h2>\t\t\t\t<\/div>\n\t\t\t\t<\/div>\n\t\t\t\t<\/div>\n\t\t<div class=\"elementor-element elementor-element-bbbba3c e-con-full e-flex e-con e-child\" data-id=\"bbbba3c\" data-element_type=\"container\" data-settings=\"{&quot;background_background&quot;:&quot;classic&quot;}\">\n\t\t\t\t<div class=\"elementor-element elementor-element-2a6e782 elementor-view-framed elementor-shape-circle elementor-widget elementor-widget-icon\" data-id=\"2a6e782\" data-element_type=\"widget\" data-widget_type=\"icon.default\">\n\t\t\t\t<div class=\"elementor-widget-container\">\n\t\t\t\t\t\t\t<div class=\"elementor-icon-wrapper\">\n\t\t\t<div class=\"elementor-icon\">\n\t\t\t<i aria-hidden=\"true\" class=\"fas fa-language\"><\/i>\t\t\t<\/div>\n\t\t<\/div>\n\t\t\t\t\t\t<\/div>\n\t\t\t\t<\/div>\n\t\t\t\t<div class=\"elementor-element elementor-element-0da1453 elementor-widget elementor-widget-heading\" data-id=\"0da1453\" data-element_type=\"widget\" data-widget_type=\"heading.default\">\n\t\t\t\t<div class=\"elementor-widget-container\">\n\t\t\t\t\t<h2 class=\"elementor-heading-title elementor-size-default\">\u00c7eviri<\/h2>\t\t\t\t<\/div>\n\t\t\t\t<\/div>\n\t\t\t\t<\/div>\n\t\t<div class=\"elementor-element elementor-element-fc6b9db e-con-full e-flex e-con e-child\" data-id=\"fc6b9db\" data-element_type=\"container\" data-settings=\"{&quot;background_background&quot;:&quot;classic&quot;}\">\n\t\t\t\t<div class=\"elementor-element elementor-element-03c463e elementor-view-framed elementor-shape-circle elementor-widget elementor-widget-icon\" data-id=\"03c463e\" data-element_type=\"widget\" data-widget_type=\"icon.default\">\n\t\t\t\t<div class=\"elementor-widget-container\">\n\t\t\t\t\t\t\t<div class=\"elementor-icon-wrapper\">\n\t\t\t<div class=\"elementor-icon\">\n\t\t\t<i aria-hidden=\"true\" class=\"fas fa-hotel\"><\/i>\t\t\t<\/div>\n\t\t<\/div>\n\t\t\t\t\t\t<\/div>\n\t\t\t\t<\/div>\n\t\t\t\t<div class=\"elementor-element elementor-element-f6965c1 elementor-widget elementor-widget-heading\" data-id=\"f6965c1\" data-element_type=\"widget\" data-widget_type=\"heading.default\">\n\t\t\t\t<div class=\"elementor-widget-container\">\n\t\t\t\t\t<h2 class=\"elementor-heading-title elementor-size-default\">Konaklama<\/h2>\t\t\t\t<\/div>\n\t\t\t\t<\/div>\n\t\t\t\t<\/div>\n\t\t<div class=\"elementor-element elementor-element-cbd2087 e-con-full e-flex e-con e-child\" data-id=\"cbd2087\" data-element_type=\"container\" data-settings=\"{&quot;background_background&quot;:&quot;classic&quot;}\">\n\t\t\t\t<div class=\"elementor-element elementor-element-75e1249 elementor-view-framed elementor-shape-circle elementor-widget elementor-widget-icon\" data-id=\"75e1249\" data-element_type=\"widget\" data-widget_type=\"icon.default\">\n\t\t\t\t<div class=\"elementor-widget-container\">\n\t\t\t\t\t\t\t<div class=\"elementor-icon-wrapper\">\n\t\t\t<div class=\"elementor-icon\">\n\t\t\t<i aria-hidden=\"true\" class=\"fas fa-hospital\"><\/i>\t\t\t<\/div>\n\t\t<\/div>\n\t\t\t\t\t\t<\/div>\n\t\t\t\t<\/div>\n\t\t\t\t<div class=\"elementor-element elementor-element-aa9d8e2 elementor-widget elementor-widget-heading\" data-id=\"aa9d8e2\" data-element_type=\"widget\" data-widget_type=\"heading.default\">\n\t\t\t\t<div class=\"elementor-widget-container\">\n\t\t\t\t\t<h2 class=\"elementor-heading-title elementor-size-default\">A S\u0131n\u0131f\u0131 Hastaneler<\/h2>\t\t\t\t<\/div>\n\t\t\t\t<\/div>\n\t\t\t\t<\/div>\n\t\t<div class=\"elementor-element elementor-element-e6452c7 e-con-full e-flex e-con e-child\" data-id=\"e6452c7\" data-element_type=\"container\" data-settings=\"{&quot;background_background&quot;:&quot;classic&quot;}\">\n\t\t\t\t<div class=\"elementor-element elementor-element-1c9636a elementor-view-framed elementor-shape-circle elementor-widget elementor-widget-icon\" data-id=\"1c9636a\" data-element_type=\"widget\" data-widget_type=\"icon.default\">\n\t\t\t\t<div class=\"elementor-widget-container\">\n\t\t\t\t\t\t\t<div class=\"elementor-icon-wrapper\">\n\t\t\t<div class=\"elementor-icon\">\n\t\t\t<i aria-hidden=\"true\" class=\"fas fa-award\"><\/i>\t\t\t<\/div>\n\t\t<\/div>\n\t\t\t\t\t\t<\/div>\n\t\t\t\t<\/div>\n\t\t\t\t<div class=\"elementor-element elementor-element-399ad58 elementor-widget elementor-widget-heading\" data-id=\"399ad58\" data-element_type=\"widget\" data-widget_type=\"heading.default\">\n\t\t\t\t<div class=\"elementor-widget-container\">\n\t\t\t\t\t<h2 class=\"elementor-heading-title elementor-size-default\">Garanti Sertifikalar\u0131\n<\/h2>\t\t\t\t<\/div>\n\t\t\t\t<\/div>\n\t\t\t\t<\/div>\n\t\t\t\t\t<\/div>\n\t\t\t\t<\/div>\n\t\t\t\t<\/div>\n\t\t","protected":false},"excerpt":{"rendered":"<p>Onkoloji Aren Clinic&#8217;te, kapsaml\u0131 kanser bak\u0131m\u0131n\u0131n kritik \u00f6neminin fark\u0131nday\u0131z \u0130leti\u015fime ge\u00e7in Onkoloji Aren Clinic olarak, kapsaml\u0131 kanser bak\u0131m\u0131n\u0131n kritik \u00f6nemini anl\u0131yoruz ve bu nedenle ola\u011fan\u00fcst\u00fc onkoloji hizmetleri sunmak i\u00e7in T\u00fcrkiye&#8217;nin \u00f6nde gelen hastaneleriyle ortakl\u0131k yap\u0131yoruz. Onkologlar, cerrahlar ve uzmanlardan olu\u015fan \u00f6zel ekibimiz, her hastan\u0131n kendine \u00f6zg\u00fc ihtiya\u00e7lar\u0131na g\u00f6re uyarlanm\u0131\u015f ki\u015fiselle\u015ftirilmi\u015f tedavi planlar\u0131 sunmaya kararl\u0131d\u0131r. Erken [&hellip;]<\/p>\n","protected":false},"author":1,"featured_media":0,"parent":0,"menu_order":0,"comment_status":"closed","ping_status":"closed","template":"","meta":{"footnotes":""},"class_list":["post-3100","page","type-page","status-publish","hentry"],"_links":{"self":[{"href":"https:\/\/arenclinic.com\/tr\/wp-json\/wp\/v2\/pages\/3100","targetHints":{"allow":["GET"]}}],"collection":[{"href":"https:\/\/arenclinic.com\/tr\/wp-json\/wp\/v2\/pages"}],"about":[{"href":"https:\/\/arenclinic.com\/tr\/wp-json\/wp\/v2\/types\/page"}],"author":[{"embeddable":true,"href":"https:\/\/arenclinic.com\/tr\/wp-json\/wp\/v2\/users\/1"}],"replies":[{"embeddable":true,"href":"https:\/\/arenclinic.com\/tr\/wp-json\/wp\/v2\/comments?post=3100"}],"version-history":[{"count":1,"href":"https:\/\/arenclinic.com\/tr\/wp-json\/wp\/v2\/pages\/3100\/revisions"}],"predecessor-version":[{"id":3104,"href":"https:\/\/arenclinic.com\/tr\/wp-json\/wp\/v2\/pages\/3100\/revisions\/3104"}],"wp:attachment":[{"href":"https:\/\/arenclinic.com\/tr\/wp-json\/wp\/v2\/media?parent=3100"}],"curies":[{"name":"wp","href":"https:\/\/api.w.org\/{rel}","templated":true}]}}