{"id":3114,"date":"2023-12-06T14:27:52","date_gmt":"2023-12-06T11:27:52","guid":{"rendered":"https:\/\/arenclinic.com\/noroloji\/"},"modified":"2024-05-02T19:13:06","modified_gmt":"2024-05-02T16:13:06","slug":"noroloji","status":"publish","type":"page","link":"https:\/\/arenclinic.com\/tr\/noroloji\/","title":{"rendered":"N\u00f6roloji"},"content":{"rendered":"\t\t<div data-elementor-type=\"wp-page\" data-elementor-id=\"3114\" class=\"elementor elementor-3114 elementor-2604\" data-elementor-post-type=\"page\">\n\t\t\t\t<div class=\"elementor-element elementor-element-f1e17c4 e-flex e-con-boxed elementor-invisible e-con e-parent\" data-id=\"f1e17c4\" data-element_type=\"container\" data-settings=\"{&quot;background_background&quot;:&quot;classic&quot;,&quot;animation&quot;:&quot;slideInRight&quot;}\">\n\t\t\t\t\t<div class=\"e-con-inner\">\n\t\t\t\t<div class=\"elementor-element elementor-element-8db52c9 elementor-widget-mobile__width-inherit elementor-widget elementor-widget-heading\" data-id=\"8db52c9\" data-element_type=\"widget\" data-widget_type=\"heading.default\">\n\t\t\t\t<div class=\"elementor-widget-container\">\n\t\t\t\t\t<h1 class=\"elementor-heading-title elementor-size-default\">N\u00f6roloji<\/h1>\t\t\t\t<\/div>\n\t\t\t\t<\/div>\n\t\t\t\t<div class=\"elementor-element elementor-element-f240211 elementor-widget elementor-widget-spacer\" data-id=\"f240211\" data-element_type=\"widget\" data-widget_type=\"spacer.default\">\n\t\t\t\t<div class=\"elementor-widget-container\">\n\t\t\t\t\t\t\t<div class=\"elementor-spacer\">\n\t\t\t<div class=\"elementor-spacer-inner\"><\/div>\n\t\t<\/div>\n\t\t\t\t\t\t<\/div>\n\t\t\t\t<\/div>\n\t\t\t\t<div class=\"elementor-element elementor-element-de31bd4 elementor-widget__width-initial elementor-widget-mobile__width-initial elementor-widget elementor-widget-text-editor\" data-id=\"de31bd4\" data-element_type=\"widget\" data-widget_type=\"text-editor.default\">\n\t\t\t\t<div class=\"elementor-widget-container\">\n\t\t\t\t\t\t\t\t\t<p>Aren Klinik, T\u00fcrkiye&#8217;deki sayg\u0131n hastanelerle olan i\u015fbirli\u011fimiz sayesinde uzmanla\u015fm\u0131\u015f n\u00f6roloji hizmetleri sunmaktan gurur duymaktad\u0131r.<\/p>\n\t\t\t\t\t\t\t\t<\/div>\n\t\t\t\t<\/div>\n\t\t\t\t<div class=\"elementor-element elementor-element-abd9290 elementor-widget elementor-widget-spacer\" data-id=\"abd9290\" data-element_type=\"widget\" data-widget_type=\"spacer.default\">\n\t\t\t\t<div class=\"elementor-widget-container\">\n\t\t\t\t\t\t\t<div class=\"elementor-spacer\">\n\t\t\t<div class=\"elementor-spacer-inner\"><\/div>\n\t\t<\/div>\n\t\t\t\t\t\t<\/div>\n\t\t\t\t<\/div>\n\t\t\t\t<div class=\"elementor-element elementor-element-cd3cc37 elementor-widget elementor-widget-spacer\" data-id=\"cd3cc37\" data-element_type=\"widget\" data-widget_type=\"spacer.default\">\n\t\t\t\t<div class=\"elementor-widget-container\">\n\t\t\t\t\t\t\t<div class=\"elementor-spacer\">\n\t\t\t<div class=\"elementor-spacer-inner\"><\/div>\n\t\t<\/div>\n\t\t\t\t\t\t<\/div>\n\t\t\t\t<\/div>\n\t\t\t\t<div class=\"elementor-element elementor-element-7b20003 elementor-align-right elementor-mobile-align-center elementor-widget elementor-widget-button\" data-id=\"7b20003\" data-element_type=\"widget\" data-widget_type=\"button.default\">\n\t\t\t\t<div class=\"elementor-widget-container\">\n\t\t\t\t\t\t\t\t\t<div class=\"elementor-button-wrapper\">\n\t\t\t\t\t<a class=\"elementor-button elementor-button-link elementor-size-lg\" href=\"#elementor-action%3Aaction%3Dpopup%3Aopen%26settings%3DeyJpZCI6NDM2LCJ0b2dnbGUiOmZhbHNlfQ%3D%3D\">\n\t\t\t\t\t\t<span class=\"elementor-button-content-wrapper\">\n\t\t\t\t\t\t\t\t\t<span class=\"elementor-button-text\">\u0130leti\u015fime ge\u00e7in<\/span>\n\t\t\t\t\t<\/span>\n\t\t\t\t\t<\/a>\n\t\t\t\t<\/div>\n\t\t\t\t\t\t\t\t<\/div>\n\t\t\t\t<\/div>\n\t\t\t\t\t<\/div>\n\t\t\t\t<\/div>\n\t\t<div class=\"elementor-element elementor-element-f7b6d26 e-flex e-con-boxed e-con e-parent\" data-id=\"f7b6d26\" data-element_type=\"container\">\n\t\t\t\t\t<div class=\"e-con-inner\">\n\t\t<div class=\"elementor-element elementor-element-f804696 e-con-full e-flex e-con e-child\" data-id=\"f804696\" data-element_type=\"container\">\n\t\t\t\t<div class=\"elementor-element elementor-element-4a92668 elementor-widget elementor-widget-heading\" data-id=\"4a92668\" data-element_type=\"widget\" data-widget_type=\"heading.default\">\n\t\t\t\t<div class=\"elementor-widget-container\">\n\t\t\t\t\t<h2 class=\"elementor-heading-title elementor-size-default\">N\u00f6roloji<\/h2>\t\t\t\t<\/div>\n\t\t\t\t<\/div>\n\t\t\t\t<div class=\"elementor-element elementor-element-5ad609d elementor-widget elementor-widget-text-editor\" data-id=\"5ad609d\" data-element_type=\"widget\" data-widget_type=\"text-editor.default\">\n\t\t\t\t<div class=\"elementor-widget-container\">\n\t\t\t\t\t\t\t\t\t<p>Aren Klinik, T\u00fcrkiye&#8217;deki sayg\u0131n hastanelerle olan i\u015fbirli\u011fimiz sayesinde uzmanla\u015fm\u0131\u015f n\u00f6roloji hizmetleri sunmaktan gurur duymaktad\u0131r. Deneyimli n\u00f6rologlar\u0131m\u0131z ve beyin cerrahlar\u0131m\u0131z \u00e7e\u015fitli n\u00f6rolojik bozukluklar\u0131n kapsaml\u0131 tan\u0131, tedavi ve y\u00f6netimini sa\u011flamaktad\u0131r. \u0130nme bak\u0131m\u0131 ve epilepsi y\u00f6netiminden n\u00f6rodejeneratif hastal\u0131klar ve beyin t\u00fcm\u00f6rlerine kadar, do\u011fru te\u015fhisler ve etkili tedavi planlar\u0131 sa\u011flamak i\u00e7in n\u00f6rolojik bak\u0131mdaki en son geli\u015fmeleri kullan\u0131yoruz.<\/p>\n\t\t\t\t\t\t\t\t<\/div>\n\t\t\t\t<\/div>\n\t\t\t\t<\/div>\n\t\t<div class=\"elementor-element elementor-element-76a9b8c e-con-full e-flex e-con e-child\" data-id=\"76a9b8c\" data-element_type=\"container\">\n\t\t\t\t<div class=\"elementor-element elementor-element-bb29df2 elementor-widget elementor-widget-image\" data-id=\"bb29df2\" data-element_type=\"widget\" data-widget_type=\"image.default\">\n\t\t\t\t<div class=\"elementor-widget-container\">\n\t\t\t\t\t\t\t\t\t\t\t\t\t\t\t<img fetchpriority=\"high\" decoding=\"async\" width=\"800\" height=\"533\" src=\"https:\/\/arenclinic.com\/wp-content\/uploads\/2023\/12\/Neurology.webp\" class=\"attachment-large size-large wp-image-3116\" alt=\"\" srcset=\"https:\/\/arenclinic.com\/wp-content\/uploads\/2023\/12\/Neurology.webp 900w, https:\/\/arenclinic.com\/wp-content\/uploads\/2023\/12\/Neurology-300x200.webp 300w, https:\/\/arenclinic.com\/wp-content\/uploads\/2023\/12\/Neurology-768x512.webp 768w\" sizes=\"(max-width: 800px) 100vw, 800px\" \/>\t\t\t\t\t\t\t\t\t\t\t\t\t\t\t<\/div>\n\t\t\t\t<\/div>\n\t\t\t\t<\/div>\n\t\t\t\t\t<\/div>\n\t\t\t\t<\/div>\n\t\t<div class=\"elementor-element elementor-element-67acd47 e-flex e-con-boxed e-con e-parent\" data-id=\"67acd47\" data-element_type=\"container\">\n\t\t\t\t\t<div class=\"e-con-inner\">\n\t\t<div class=\"elementor-element elementor-element-6730407 e-con-full e-flex e-con e-child\" data-id=\"6730407\" data-element_type=\"container\">\n\t\t\t\t<div class=\"elementor-element elementor-element-cf3d0b9 elementor-widget elementor-widget-text-editor\" data-id=\"cf3d0b9\" data-element_type=\"widget\" data-widget_type=\"text-editor.default\">\n\t\t\t\t<div class=\"elementor-widget-container\">\n\t\t\t\t\t\t\t\t\t<p>Aren Klinik&#8217;teki ana odak noktas\u0131, benzersiz ihtiya\u00e7lar\u0131n\u0131z\u0131 kar\u015f\u0131layan ve n\u00f6rolojik refah\u0131n\u0131z\u0131 destekleyen ki\u015fiselle\u015ftirilmi\u015f bak\u0131m sunarak ya\u015fam kalitenizi art\u0131rmakt\u0131r.<\/p>\n<p>\u0130nme Y\u00f6netimi: Akut iskemik inmelerin tedavisinde trombolitik tedavi veya mekanik trombektomi gibi zaman a\u00e7\u0131s\u0131ndan kritik m\u00fcdahaleler kullan\u0131lmaktad\u0131r. Rehabilitasyon iyile\u015fmede \u00e7ok \u00f6nemli bir rol oynar.<\/p>\n<p>Epilepsi Tedavisi: N\u00f6betleri ve epilepsiyi y\u00f6netmek i\u00e7in ila\u00e7lar, ya\u015fam tarz\u0131 de\u011fi\u015fiklikleri ve baz\u0131 durumlarda ameliyat kullan\u0131labilir.<\/p>\n<p>Parkinson Hastal\u0131\u011f\u0131 Y\u00f6netimi: \u0130la\u00e7lar, derin beyin stim\u00fclasyonu (DBS) ve fizik tedavi, semptomlar\u0131 hafifletmek ve ya\u015fam kalitesini art\u0131rmak i\u00e7in kullan\u0131l\u0131r.<\/p>\n<p>Multipl Skleroz (MS) Tedavisi: MS&#8217;in ilerlemesini yava\u015flatmak ve semptomlar\u0131 y\u00f6netmek i\u00e7in hastal\u0131k modifiye edici tedaviler (DMT&#8217;ler) re\u00e7ete edilir.<\/p>\n<p>Ba\u015f A\u011fr\u0131s\u0131 ve Migren Y\u00f6netimi: \u0130la\u00e7lar, ya\u015fam tarz\u0131 de\u011fi\u015fiklikleri ve a\u011fr\u0131 y\u00f6netimi stratejileri, genellikle bir ba\u015f a\u011fr\u0131s\u0131 uzman\u0131n\u0131n rehberli\u011finde ba\u015f a\u011fr\u0131s\u0131 ve migreni hafifletmek i\u00e7in kullan\u0131l\u0131r.<\/p>\n<p>T\u0131bbi uygulamalar\u0131n ve tedavi tercihlerinin zaman i\u00e7inde de\u011fi\u015febilece\u011fini l\u00fctfen unutmay\u0131n. En do\u011fru ve g\u00fcncel bilgiler i\u00e7in Aren Clinic ekibimize dan\u0131\u015fman\u0131z veya T\u00fcrkiye&#8217;ye \u00f6zg\u00fc g\u00fcncel t\u0131bbi kaynaklara ba\u015fvurman\u0131z tavsiye edilir.<\/p>\n\t\t\t\t\t\t\t\t<\/div>\n\t\t\t\t<\/div>\n\t\t\t\t<\/div>\n\t\t\t\t\t<\/div>\n\t\t\t\t<\/div>\n\t\t<div class=\"elementor-element elementor-element-befa1ec e-flex e-con-boxed e-con e-parent\" data-id=\"befa1ec\" data-element_type=\"container\">\n\t\t\t\t\t<div class=\"e-con-inner\">\n\t\t\t\t<div class=\"elementor-element elementor-element-c751011 elementor-widget elementor-widget-heading\" data-id=\"c751011\" data-element_type=\"widget\" data-widget_type=\"heading.default\">\n\t\t\t\t<div class=\"elementor-widget-container\">\n\t\t\t\t\t<h2 class=\"elementor-heading-title elementor-size-default\">Hizmetler<\/h2>\t\t\t\t<\/div>\n\t\t\t\t<\/div>\n\t\t\t\t<div class=\"elementor-element elementor-element-7ca3140 elementor-widget elementor-widget-text-editor\" data-id=\"7ca3140\" data-element_type=\"widget\" data-widget_type=\"text-editor.default\">\n\t\t\t\t<div class=\"elementor-widget-container\">\n\t\t\t\t\t\t\t\t\t<p>Aren Klinik&#8217;te, sundu\u011fumuz bir dizi farkl\u0131 hizmetle hastalar\u0131m\u0131z\u0131n benzersiz bir ya\u015fam deneyimi ya\u015famalar\u0131n\u0131 sa\u011flamaya \u00e7al\u0131\u015f\u0131yoruz.<\/p>\n\t\t\t\t\t\t\t\t<\/div>\n\t\t\t\t<\/div>\n\t\t\t\t\t<\/div>\n\t\t\t\t<\/div>\n\t\t<div class=\"elementor-element elementor-element-5084646 e-flex e-con-boxed e-con e-parent\" data-id=\"5084646\" data-element_type=\"container\">\n\t\t\t\t\t<div class=\"e-con-inner\">\n\t\t<div class=\"elementor-element elementor-element-7000a47 e-con-full e-flex e-con e-child\" data-id=\"7000a47\" data-element_type=\"container\" data-settings=\"{&quot;background_background&quot;:&quot;classic&quot;}\">\n\t\t\t\t<div class=\"elementor-element elementor-element-9e57f37 elementor-view-framed elementor-shape-circle elementor-widget elementor-widget-icon\" data-id=\"9e57f37\" data-element_type=\"widget\" data-widget_type=\"icon.default\">\n\t\t\t\t<div class=\"elementor-widget-container\">\n\t\t\t\t\t\t\t<div class=\"elementor-icon-wrapper\">\n\t\t\t<div class=\"elementor-icon\">\n\t\t\t<i aria-hidden=\"true\" class=\"fas fa-car\"><\/i>\t\t\t<\/div>\n\t\t<\/div>\n\t\t\t\t\t\t<\/div>\n\t\t\t\t<\/div>\n\t\t\t\t<div class=\"elementor-element elementor-element-d583ba7 elementor-widget elementor-widget-heading\" data-id=\"d583ba7\" data-element_type=\"widget\" data-widget_type=\"heading.default\">\n\t\t\t\t<div class=\"elementor-widget-container\">\n\t\t\t\t\t<h2 class=\"elementor-heading-title elementor-size-default\">Ula\u015f\u0131m<\/h2>\t\t\t\t<\/div>\n\t\t\t\t<\/div>\n\t\t\t\t<\/div>\n\t\t<div class=\"elementor-element elementor-element-8900d78 e-con-full e-flex e-con e-child\" data-id=\"8900d78\" data-element_type=\"container\" data-settings=\"{&quot;background_background&quot;:&quot;classic&quot;}\">\n\t\t\t\t<div class=\"elementor-element elementor-element-411e1c3 elementor-view-framed elementor-shape-circle elementor-widget elementor-widget-icon\" data-id=\"411e1c3\" data-element_type=\"widget\" data-widget_type=\"icon.default\">\n\t\t\t\t<div class=\"elementor-widget-container\">\n\t\t\t\t\t\t\t<div class=\"elementor-icon-wrapper\">\n\t\t\t<div class=\"elementor-icon\">\n\t\t\t<i aria-hidden=\"true\" class=\"fas fa-language\"><\/i>\t\t\t<\/div>\n\t\t<\/div>\n\t\t\t\t\t\t<\/div>\n\t\t\t\t<\/div>\n\t\t\t\t<div class=\"elementor-element elementor-element-960ae0b elementor-widget elementor-widget-heading\" data-id=\"960ae0b\" data-element_type=\"widget\" data-widget_type=\"heading.default\">\n\t\t\t\t<div class=\"elementor-widget-container\">\n\t\t\t\t\t<h2 class=\"elementor-heading-title elementor-size-default\">\u00c7eviri<\/h2>\t\t\t\t<\/div>\n\t\t\t\t<\/div>\n\t\t\t\t<\/div>\n\t\t<div class=\"elementor-element elementor-element-086211b e-con-full e-flex e-con e-child\" data-id=\"086211b\" data-element_type=\"container\" data-settings=\"{&quot;background_background&quot;:&quot;classic&quot;}\">\n\t\t\t\t<div class=\"elementor-element elementor-element-ca4878a elementor-view-framed elementor-shape-circle elementor-widget elementor-widget-icon\" data-id=\"ca4878a\" data-element_type=\"widget\" data-widget_type=\"icon.default\">\n\t\t\t\t<div class=\"elementor-widget-container\">\n\t\t\t\t\t\t\t<div class=\"elementor-icon-wrapper\">\n\t\t\t<div class=\"elementor-icon\">\n\t\t\t<i aria-hidden=\"true\" class=\"fas fa-hotel\"><\/i>\t\t\t<\/div>\n\t\t<\/div>\n\t\t\t\t\t\t<\/div>\n\t\t\t\t<\/div>\n\t\t\t\t<div class=\"elementor-element elementor-element-72194b6 elementor-widget elementor-widget-heading\" data-id=\"72194b6\" data-element_type=\"widget\" data-widget_type=\"heading.default\">\n\t\t\t\t<div class=\"elementor-widget-container\">\n\t\t\t\t\t<h2 class=\"elementor-heading-title elementor-size-default\">Konaklama<\/h2>\t\t\t\t<\/div>\n\t\t\t\t<\/div>\n\t\t\t\t<\/div>\n\t\t<div class=\"elementor-element elementor-element-94477c5 e-con-full e-flex e-con e-child\" data-id=\"94477c5\" data-element_type=\"container\" data-settings=\"{&quot;background_background&quot;:&quot;classic&quot;}\">\n\t\t\t\t<div class=\"elementor-element elementor-element-0f7fb7d elementor-view-framed elementor-shape-circle elementor-widget elementor-widget-icon\" data-id=\"0f7fb7d\" data-element_type=\"widget\" data-widget_type=\"icon.default\">\n\t\t\t\t<div class=\"elementor-widget-container\">\n\t\t\t\t\t\t\t<div class=\"elementor-icon-wrapper\">\n\t\t\t<div class=\"elementor-icon\">\n\t\t\t<i aria-hidden=\"true\" class=\"fas fa-hospital\"><\/i>\t\t\t<\/div>\n\t\t<\/div>\n\t\t\t\t\t\t<\/div>\n\t\t\t\t<\/div>\n\t\t\t\t<div class=\"elementor-element elementor-element-7081d5d elementor-widget elementor-widget-heading\" data-id=\"7081d5d\" data-element_type=\"widget\" data-widget_type=\"heading.default\">\n\t\t\t\t<div class=\"elementor-widget-container\">\n\t\t\t\t\t<h2 class=\"elementor-heading-title elementor-size-default\">A S\u0131n\u0131f\u0131 Hastaneler<\/h2>\t\t\t\t<\/div>\n\t\t\t\t<\/div>\n\t\t\t\t<\/div>\n\t\t<div class=\"elementor-element elementor-element-0733fef e-con-full e-flex e-con e-child\" data-id=\"0733fef\" data-element_type=\"container\" data-settings=\"{&quot;background_background&quot;:&quot;classic&quot;}\">\n\t\t\t\t<div class=\"elementor-element elementor-element-4883a07 elementor-view-framed elementor-shape-circle elementor-widget elementor-widget-icon\" data-id=\"4883a07\" data-element_type=\"widget\" data-widget_type=\"icon.default\">\n\t\t\t\t<div class=\"elementor-widget-container\">\n\t\t\t\t\t\t\t<div class=\"elementor-icon-wrapper\">\n\t\t\t<div class=\"elementor-icon\">\n\t\t\t<i aria-hidden=\"true\" class=\"fas fa-award\"><\/i>\t\t\t<\/div>\n\t\t<\/div>\n\t\t\t\t\t\t<\/div>\n\t\t\t\t<\/div>\n\t\t\t\t<div class=\"elementor-element elementor-element-9ddc8fa elementor-widget elementor-widget-heading\" data-id=\"9ddc8fa\" data-element_type=\"widget\" data-widget_type=\"heading.default\">\n\t\t\t\t<div class=\"elementor-widget-container\">\n\t\t\t\t\t<h2 class=\"elementor-heading-title elementor-size-default\">Garanti Sertifikalar\u0131\n<\/h2>\t\t\t\t<\/div>\n\t\t\t\t<\/div>\n\t\t\t\t<\/div>\n\t\t\t\t\t<\/div>\n\t\t\t\t<\/div>\n\t\t\t\t<\/div>\n\t\t","protected":false},"excerpt":{"rendered":"<p>N\u00f6roloji Aren Klinik, T\u00fcrkiye&#8217;deki sayg\u0131n hastanelerle olan i\u015fbirli\u011fimiz sayesinde uzmanla\u015fm\u0131\u015f n\u00f6roloji hizmetleri sunmaktan gurur duymaktad\u0131r. \u0130leti\u015fime ge\u00e7in N\u00f6roloji Aren Klinik, T\u00fcrkiye&#8217;deki sayg\u0131n hastanelerle olan i\u015fbirli\u011fimiz sayesinde uzmanla\u015fm\u0131\u015f n\u00f6roloji hizmetleri sunmaktan gurur duymaktad\u0131r. Deneyimli n\u00f6rologlar\u0131m\u0131z ve beyin cerrahlar\u0131m\u0131z \u00e7e\u015fitli n\u00f6rolojik bozukluklar\u0131n kapsaml\u0131 tan\u0131, tedavi ve y\u00f6netimini sa\u011flamaktad\u0131r. \u0130nme bak\u0131m\u0131 ve epilepsi y\u00f6netiminden n\u00f6rodejeneratif hastal\u0131klar ve beyin [&hellip;]<\/p>\n","protected":false},"author":1,"featured_media":0,"parent":0,"menu_order":0,"comment_status":"closed","ping_status":"closed","template":"","meta":{"footnotes":""},"class_list":["post-3114","page","type-page","status-publish","hentry"],"_links":{"self":[{"href":"https:\/\/arenclinic.com\/tr\/wp-json\/wp\/v2\/pages\/3114","targetHints":{"allow":["GET"]}}],"collection":[{"href":"https:\/\/arenclinic.com\/tr\/wp-json\/wp\/v2\/pages"}],"about":[{"href":"https:\/\/arenclinic.com\/tr\/wp-json\/wp\/v2\/types\/page"}],"author":[{"embeddable":true,"href":"https:\/\/arenclinic.com\/tr\/wp-json\/wp\/v2\/users\/1"}],"replies":[{"embeddable":true,"href":"https:\/\/arenclinic.com\/tr\/wp-json\/wp\/v2\/comments?post=3114"}],"version-history":[{"count":1,"href":"https:\/\/arenclinic.com\/tr\/wp-json\/wp\/v2\/pages\/3114\/revisions"}],"predecessor-version":[{"id":3118,"href":"https:\/\/arenclinic.com\/tr\/wp-json\/wp\/v2\/pages\/3114\/revisions\/3118"}],"wp:attachment":[{"href":"https:\/\/arenclinic.com\/tr\/wp-json\/wp\/v2\/media?parent=3114"}],"curies":[{"name":"wp","href":"https:\/\/api.w.org\/{rel}","templated":true}]}}